{"id":643,"date":"2025-07-11T20:39:56","date_gmt":"2025-07-11T20:39:56","guid":{"rendered":"https:\/\/gkautogmbh.com\/?page_id=643"},"modified":"2025-09-15T12:33:50","modified_gmt":"2025-09-15T12:33:50","slug":"allgemeine-geschaftsbedingungen","status":"publish","type":"page","link":"https:\/\/gkautogmbh.com\/de\/conditions-generales-de-ventes\/","title":{"rendered":"Allgemeine Gesch\u00e4ftsbedingungen (AGB)"},"content":{"rendered":"<div data-elementor-type=\"wp-page\" data-elementor-id=\"643\" class=\"elementor elementor-643\" data-elementor-post-type=\"page\">\n\t\t\t\t<div class=\"elementor-element elementor-element-33ca04a4 e-flex e-con-boxed e-con e-parent\" data-id=\"33ca04a4\" data-element_type=\"container\" data-e-type=\"container\" data-settings=\"{&quot;background_background&quot;:&quot;classic&quot;}\">\n\t\t\t\t\t<div class=\"e-con-inner\">\n\t\t\t\t<div class=\"elementor-element elementor-element-5f3e38aa elementor-widget elementor-widget-text-editor\" data-id=\"5f3e38aa\" data-element_type=\"widget\" data-e-type=\"widget\" data-widget_type=\"text-editor.default\">\n\t\t\t\t\t\t\t\t\t\n<h3 class=\"wp-block-heading has-text-align-center\" style=\"text-align: center;\"><strong><span style=\"text-decoration: underline; color: #003366;\">GESCH\u00c4FTSMODELL<\/span>\u00a0<\/strong><\/h3>\n\n<p>\u00a0<\/p>\n\n<p style=\"text-align: center;\"><span style=\"color: #000000;\"><strong>Unser Gesch\u00e4ftsmodell beruht auf einer innovativen Strategie, die sich auf den ausschlie\u00dflichen Online-Verkauf konzentriert. Indem wir die Verwaltung eines physischen Lagers \u00fcberfl\u00fcssig machen, senken wir die mit einem traditionellen Lager verbundenen Kosten erheblich.<\/strong><\/span><\/p>\n<p style=\"text-align: center;\"><span style=\"color: #000000;\"><strong>Unsere Autos werden sorgf\u00e4ltig aus \u00dcberschussbest\u00e4nden ausgew\u00e4hlt oder zu Gro\u00dfhandelsbedingungen von renommierten H\u00e4ndlern erworben, was ein au\u00dfergew\u00f6hnlich gutes Preis-Leistungs-Verh\u00e4ltnis garantiert.<\/strong><\/span><\/p>\n<p style=\"text-align: center;\"><span style=\"color: #000000;\"><strong>Mit dieser Strategie und unserem Modell, ausschlie\u00dflich online zu verkaufen, bieten wir Ihnen ein einfaches, kosteng\u00fcnstiges und perfekt auf Ihre Bed\u00fcrfnisse zugeschnittenes Einkaufserlebnis.<\/strong><\/span><\/p>\n<p>\u00a0<\/p>\n\n<h3 class=\"wp-block-heading has-text-align-center\" style=\"text-align: center;\"><strong><span style=\"text-decoration: underline; color: #003366;\">WICHTIG<\/span><\/strong><\/h3>\n<p>\u00a0<\/p>\n\n<p style=\"text-align: center;\"><span style=\"color: #003300;\"><strong>Sie best\u00e4tigen, dass Sie vollj\u00e4hrig und rechtlich in der Lage sind, einen Vertrag abzuschlie\u00dfen. Bitte lesen Sie unsere ALLGEMEINEN VERKAUFSBEDINGUNGEN (AGB) aufmerksam durch. Sie enthalten Einzelheiten zu den Schritten, die Sie unternehmen und abschlie\u00dfen m\u00fcssen, um Ihren Kauf abzuschlie\u00dfen.<\/strong><\/span><\/p>\n<p>\u00a0<\/p>\n<p>\u00a0<\/p>\n\n<h4 style=\"text-align: center;\"><strong><span style=\"text-decoration: underline; color: #003366;\">ARTICLE n\u00b01 &#8211; D\u00c9LAI DE LIVRAISON<\/span><\/strong><\/h4>\n<p>\u00a0<\/p>\n\n<p>Unsere Lieferungen erfolgen unter <b>5<\/b>\u00a0\u00e0\u00a0<b>7<\/b> Werktagen \u00fcberall in <b>Kontinentaleuropa.<\/b> Die Fahrzeuge werden mit Lastwagen transportiert, wodurch ihre Sicherheit und ihr Schutz gew\u00e4hrleistet sind. F\u00fcr Reiseziele auf Inseln <b>(wie La R\u00e9union, Madeira, Guadeloupe, Porto Santo, Martinique, die Azoren, S\u00e3o Jorge usw.).<\/b>\u00a0die gesch\u00e4tzte Lieferzeit liegt zwischen <b>14<\/b> und <b>21<\/b>\u00a0Arbeitstage.<\/p>\n<p>\u00a0<\/p>\n<p>\u00a0<\/p>\n<p>\u00a0<\/p>\n\n<h4 style=\"text-align: center;\"><strong><span style=\"text-decoration: underline; color: #003366;\">ARTICLE n\u00b02 &#8211; FRAIS DE LIVRAISON<\/span><\/strong><\/h4>\n<p>\u00a0<\/p>\n\n<p>1 - Kontinentaleuropa : <strong>500 \u20ac<\/strong><br \/>2 - Inselziele (<strong>La R\u00e9union, Madeira, Guadeloupe, Porto Santo, Martinique, die Azoren, S\u00e3o Jorge usw.<\/strong>) : <strong>1 200 \u20ac<\/strong><\/p>\n<p>\u00a0<\/p>\n<p>\u00a0<\/p>\n\n<h4 style=\"text-align: center;\"><span style=\"color: #003366;\"><strong><span style=\"text-decoration: underline;\">ARTICLE n\u00b03 &#8211; MODES DE PAIEMENT<\/span><\/strong><\/span><\/h4>\n<p>\u00a0<\/p>\n\n<p>Alle unsere Zahlungen erfolgen ausschlie\u00dflich per <b>Bank\u00fcberweisung<\/b>. Ein Handelsrabatt von <b>10 %<\/b> wird bei vollst\u00e4ndiger Bezahlung bei Auftragserteilung auf den Verkaufspreis des Fahrzeugs angewandt. <b>Die Lieferkosten sind von diesem Rabatt nicht betroffen.<\/b><\/p>\n<p>\u00a0<\/p>\n<p>\u00a0<\/p>\n<p>\u00a0<\/p>\n\n<h4 style=\"text-align: center;\"><span style=\"text-decoration: underline; color: #003366;\"><strong>ARTICLE n\u00b04 &#8211; PROCESSUS DE COMMANDE<\/strong><\/span><\/h4>\n<p>\u00a0<\/p>\n\n<p><strong>1 &#8211;<\/strong> Um ein Fahrzeug zu bestellen, ein <b>Bestellschein<\/b>\u00a0sowie ein\u00a0<b>Verkaufsvertrag<\/b>\u00a0m\u00fcssen erstellt und von beiden Parteien unterschrieben werden.<br \/><br \/><strong>2 &#8211;<\/strong> Zur Erstellung des Bestellformulars und des Kaufvertrags sowie zur Abwicklung der Import-\/Exportformalit\u00e4ten, zur Aktualisierung der Zulassungsbescheinigung und der Fahrzeugdokumente muss der Kunde folgende Elemente bereitstellen:<br \/><br \/><b>- Eine aktuelle Kopie seines Wohnsitznachweises (Strom-, Gas- oder Wasserrechnung, Steuerbescheid, Mietquittung usw.) :<\/b><br \/><b>- Eine beidseitige Kopie seines Ausweises :<\/b><br \/><b>- Ihre vollst\u00e4ndige Wohnadresse :<\/b><br \/><b>- Ihre Handynummer :<\/b><br \/><b>- Seine g\u00fcltige E-Mail-Adresse :<\/b><br \/><br \/>Diese Informationen sind notwendig, um die Einhaltung der Verwaltungsvorschriften zu gew\u00e4hrleisten und eine effiziente Bearbeitung der Bestellung sicherzustellen.<br \/><br \/><strong>3 &#8211;<\/strong> F\u00fcr Fahrzeuge mit einem Wert von <b>UNTERER<\/b>\u00a0\u00e0\u00a0<b>10 000 \u20ac<\/b>\u00a0: eine Anzahlung in H\u00f6he von\u00a0<b>80 %<\/b> des Verkaufspreises des Fahrzeugs, zuz\u00fcglich der anfallenden Lieferkosten <b>(500 \u20ac oder 1.200 \u20ac) <\/b>wird zum Zeitpunkt der Bestellung verlangt. Der Restbetrag von <b>20 %<\/b> muss nach Ablauf der Probezeit von\u00a0<b>14 Tage<\/b>.<br \/><br \/><strong>4 &#8211;<\/strong> F\u00fcr Fahrzeuge mit einem Wert von <b>SUPERIOR<\/b>\u00a0\u00e0\u00a0<b>10 000 \u20ac<\/b> : eine Anzahlung in H\u00f6he von\u00a0<b>30 %<\/b> des Verkaufspreises des Fahrzeugs, zuz\u00fcglich der anfallenden Lieferkosten <b>(500 \u20ac oder 1.200 \u20ac) <\/b>wird zum Zeitpunkt der Bestellung verlangt. Der Restbetrag von <b>70 %<\/b> muss nach Ablauf der Probezeit von\u00a0<b>14 Tage<\/b>.<br \/><br \/><strong>5 - Gesamtzahlung<\/strong> : vollst\u00e4ndige Bezahlung des Gesamtbetrages zum Zeitpunkt der Bestellung.<br \/>Dieser Betrag umfasst den Preis des Fahrzeugs sowie die anfallenden Lieferkosten. <strong>(500 \u20ac oder 1.200 \u20ac)<\/strong>.<br \/><br \/><span style=\"text-decoration: underline;\"><strong>VORTEIL<\/strong><\/span> : f\u00fcr alle <strong>Gesamtzahlung<\/strong> zum Zeitpunkt der Bestellung erhalten Sie einen Handelsrabatt von <strong>10 %<\/strong> auf den Preis des Fahrzeugs. <strong>Die Lieferkosten sind von diesem Rabatt nicht betroffen.<\/strong><\/p>\n<p>\u00a0<\/p>\n<p>\u00a0<\/p>\n\n<h4 style=\"text-align: center;\"><span style=\"color: #003366;\"><strong><span style=\"text-decoration: underline;\">ARTICLE n\u00b05 &#8211; DOCUMENTS ET SUIVI<\/span><\/strong><\/span><\/h4>\n<p>\u00a0<\/p>\n\n<p>Bei Fahrzeugen, die aus Deutschland in ein anderes EU-Land importiert werden, werden die Verwaltungsdokumente, einschlie\u00dflich des Fahrzeugscheins und aller anderen Dokumente, gem\u00e4\u00df den gesetzlichen Bestimmungen des Ziellandes auf den Namen des neuen Eigent\u00fcmers aktualisiert. Wir \u00fcbernehmen alle Beh\u00f6rdeng\u00e4nge, die mit dem Kauf des Fahrzeugs verbunden sind, einschlie\u00dflich:<br \/><br \/><strong>\u2714 Die Aktualisierung der Dokumente im Namen des neuen Erwerbers\u00a0<\/strong><br \/><strong>\u2714 Die Zulassung und Versicherung\u00a0<\/strong><br \/><strong>\u2714 Alle notwendigen Formalit\u00e4ten f\u00fcr die Lieferung nach Hause<\/strong><br \/><br \/>Das Fahrzeug wird mit einer vorl\u00e4ufigen Zulassung geliefert und die endg\u00fcltige Zulassung wird dem Kunden innerhalb von maximal 14 Tagen nach der Lieferung ausgeh\u00e4ndigt, was der Probezeit entspricht. Eine vorl\u00e4ufige Versicherung f\u00fcr 30 Tage ist ebenfalls enthalten, die vor Ablauf verl\u00e4ngert oder durch eine endg\u00fcltige Versicherung ersetzt werden muss.<br \/><br \/><\/p>\n<p><strong><span style=\"text-decoration: underline; color: #003366;\">DOKUMENTE, DIE BEI DER LIEFERUNG VERF\u00dcGBAR SIND:<\/span><\/strong><\/p>\n<p>\u00a0<\/p>\n<p><strong>1. Fahrzeugschein<\/strong><br \/><strong>2. Bescheinigung der Konformit\u00e4t<\/strong><br \/><strong>3. Bericht der technischen Kontrolle<\/strong><br \/><strong>4. Abtretungsurkunde<\/strong><br \/><strong>5. Rechnung \u00fcber den Kauf<\/strong><br \/><strong>6. Wartungsheft<\/strong><br \/><strong>7. Fahrzeugschl\u00fcssel<\/strong><br \/><strong>8. Handbuch<\/strong><br \/><strong>9. Garantiezertifikat<\/strong><br \/><strong>10. Inspektionsbericht<\/strong><br \/><strong>11. Erkl\u00e4rung zur Einhaltung von Umweltstandards<\/strong><br \/><strong>12. Bescheinigung \u00fcber die vorl\u00e4ufige Versicherung<\/strong><br \/><strong>13. Steuerquittung<\/strong><br \/><strong>14. Bericht \u00fcber die Fahrzeughistorie<\/strong><\/p>\n<p>\u00a0<\/p>\n<p>\u00a0<\/p>\n\n<h4 style=\"text-align: center;\"><span style=\"color: #003366;\"><strong><span style=\"text-decoration: underline;\">ARTICLE n\u00b06 &#8211; V\u00c9RIFICATION ET RESPONSABILIT\u00c9<\/span><\/strong><\/span><\/h4>\n<p>\u00a0<\/p>\n\n<p>Bei der \u00dcbergabe wird gemeinsam mit dem Kunden ein Protokoll erstellt, um das \u00fcbergebene Zubeh\u00f6r und die Dokumente (wie oben erw\u00e4hnt) zu \u00fcberpr\u00fcfen und um sicherzustellen, dass der allgemeine Zustand des Fahrzeugs mit der Beschreibung \u00fcbereinstimmt. Ab dem Zeitpunkt der \u00dcbernahme des Fahrzeugs \u00fcbernimmt der Kunde die volle Verantwortung f\u00fcr alle Risiken, die mit einem m\u00f6glichen Verlust oder einer Besch\u00e4digung verbunden sind.<\/p>\n<p>\u00a0<\/p>\n<p>\u00a0<\/p>\n\n<h4 style=\"text-align: center;\"><span style=\"text-decoration: underline;\"><strong><span style=\"color: #003366; text-decoration: underline;\">ARTICLE n\u00b07 &#8211; GARANTIES<\/span><\/strong><\/span><\/h4>\n<p>\u00a0<\/p>\n\n<p>Alle unsere Fahrzeuge profitieren von einer <strong>KOMMERZIELLE GARANTIE<\/strong> von <strong>24 Monate<\/strong>Die Garantie umfasst einen erweiterten Schutz f\u00fcr die wichtigsten mechanischen und elektronischen Komponenten. Diese Garantie entspricht den Qualit\u00e4ts- und Zuverl\u00e4ssigkeitsstandards, die durch europ\u00e4ische Vorschriften festgelegt wurden.<\/p>\n<p>\u00a0<\/p>\n<p><span style=\"color: #003366;\"><strong><span style=\"text-decoration: underline;\">ELEMENTE, DIE VON UNSERER GARANTIE ABGEDECKT SIND:<\/span><\/strong><\/span><br \/><br \/><strong>1. Motor <\/strong><br \/><strong>2. \u00dcbertragung <\/strong><br \/><strong>3. Bremssystem<\/strong><br \/><strong>4. Lenksystem<\/strong><br \/><strong>5. Aufh\u00e4ngung<\/strong><br \/><strong>6. Elektrisches System<\/strong><br \/><strong>7. Klimaanlage<\/strong><br \/><strong>8. Ausstattung und Zubeh\u00f6r<\/strong><br \/><strong>9. Arbeitskraft<\/strong><\/p>\n<p>\u00a0<\/p>\n\n<p><strong>Sobald Ihre Bestellung best\u00e4tigt und die administrativen Schritte abgeschlossen sind, wird Ihnen eine Partnerwerkstatt in der N\u00e4he Ihres Wohnorts zugewiesen, die alle von unserer Garantie abgedeckten Reparaturen und Wartungen durchf\u00fchrt.<\/strong><\/p>\n<p>\u00a0<\/p>\n<p>\u00a0<\/p>\n\n<h4 style=\"text-align: center;\"><span style=\"color: #003366;\"><strong><span style=\"text-decoration: underline;\">ARTICLE n\u00b08 &#8211; CONTR\u00d4LE QUALIT\u00c9 ET INSPECTION<\/span><\/strong><\/span><\/h4>\n<p>\u00a0<\/p>\n\n<p>Bevor das Fahrzeug online gestellt wird, wird jedes Fahrzeug einer strengen Inspektion durch einen Kfz-Profi unterzogen, die mehr als 100 Kontrollpunkte abdeckt, darunter Karosserie, Mechanik und \u00c4sthetik. Die Lieferung wird von einem erfahrenen Kurierdienst durchgef\u00fchrt, der eine optimale Betreuung bis zur \u00dcbergabe des Fahrzeugs an den Kunden gew\u00e4hrleistet. Es werden systematisch zwei Qualit\u00e4tskontrollen durchgef\u00fchrt:<br \/><br \/><strong>1. Am Ausgang unseres Logistikparks<\/strong><br \/><strong>2. Zum Zeitpunkt der Lieferung an den Kunden<\/strong><\/p>\n<p>\u00a0<\/p>\n<p>\u00a0<\/p>\n\n<h4 style=\"text-align: center;\"><span style=\"color: #003366;\"><strong><span style=\"text-decoration: underline;\">ARTICLE n\u00b09 &#8211; DROIT DE R\u00c9TRACTATION<\/span><\/strong><\/span><\/h4>\n<p>\u00a0<\/p>\n\n<p>Der Kunde kann innerhalb von 14 Tagen ab dem Lieferdatum von seinem Widerrufsrecht Gebrauch machen, ohne sich rechtfertigen zu m\u00fcssen und ohne zus\u00e4tzliche Kosten. Im Falle eines Widerrufs muss das Fahrzeug in seinem urspr\u00fcnglichen Zustand zur\u00fcckgegeben werden, zusammen mit allen Dokumenten und Zubeh\u00f6rteilen, die bei der Lieferung ausgeh\u00e4ndigt wurden. Das Unternehmen tr\u00e4gt die Kosten f\u00fcr die R\u00fccksendung und f\u00fchrt eine vollst\u00e4ndige Pr\u00fcfung des Fahrzeugs durch, bevor es ein Verfahren zur R\u00fcckerstattung des Kaufpreises einleitet.<\/p>\n<p>\u00a0<\/p>\n<p>\u00a0<\/p>\n\n<h4 style=\"text-align: center;\"><span style=\"text-decoration: underline;\"><strong><span style=\"color: #003366; text-decoration: underline;\">ARTICLE n\u00b010 &#8211; REMBOURSEMENT<\/span><\/strong><\/span><\/h4>\n<p>\u00a0<\/p>\n\n<p>Im Falle eines Widerrufs verpflichtet sich das Unternehmen, alle vom Kunden gezahlten Betr\u00e4ge innerhalb einer Frist von h\u00f6chstens 14 Tagen zu erstatten, sofern das Fahrzeug und sein Zubeh\u00f6r vollst\u00e4ndig und in seinem urspr\u00fcnglichen Zustand ohne Sch\u00e4den oder Ver\u00e4nderungen zur\u00fcckgegeben werden.<\/p>\n<p>\u00a0<\/p>\n<p>\u00a0<\/p>\n\n<h4 style=\"text-align: center;\"><span style=\"color: #003366;\"><strong><span style=\"text-decoration: underline;\">ARTICLE n\u00b011 &#8211; RETARD DE LIVRAISON<\/span><\/strong><\/span><\/h4>\n<p>\u00a0<\/p>\n\n<p>Im Falle einer versp\u00e4teten oder nicht erfolgten Lieferung gem\u00e4\u00df Artikel L216-2 des Verbraucherschutzgesetzes und der Richtlinie 2011\/83\/EU \u00fcber Verbraucherrechte kann der Kunde den Vertrag stornieren und Schadensersatz verlangen, wenn das Unternehmen die vereinbarte Frist nicht eingehalten hat.<br \/>Diese Stornierung kann nach dem Versand einer formellen Aufforderung per Einschreiben mit R\u00fcckschein erfolgen, in der die Ausf\u00fchrung der Lieferung innerhalb einer angemessenen Frist gefordert wird. Erfolgt keine Antwort oder Ausf\u00fchrung innerhalb dieser Frist, kann der Vertrag aufgel\u00f6st werden und der Kunde hat Anspruch auf eine vollst\u00e4ndige R\u00fcckerstattung sowie auf eine Entsch\u00e4digung f\u00fcr einen eventuell erlittenen Schaden.<\/p>\n<p>\u00a0<\/p>\n<p>\u00a0<\/p>\n\n<h4 style=\"text-align: center;\"><span style=\"text-decoration: underline;\"><strong><span style=\"color: #003366; text-decoration: underline;\">ARTICLE n\u00b012 &#8211; ESSAI ET VISUALISATION DU V\u00c9HICULE<\/span><\/strong><\/span><\/h4>\n<p>\u00a0<\/p>\n\n<p>Da es sich um einen Online-Kauf handelt, ist es nicht m\u00f6glich, das Fahrzeug vor der Bestellung zu sehen oder Probe zu fahren. Um jedoch eine maximale Transparenz zu gew\u00e4hrleisten, stellen wir Ihnen detaillierte und realistische Fotos zur Verf\u00fcgung, mit denen Sie das Fahrzeug virtuell aus allen Blickwinkeln betrachten k\u00f6nnen.<\/p>\n<p>Au\u00dferdem ist jeder Kauf durch eine 14 Tage ab dem Lieferdatum g\u00fcltige \"Zufrieden oder Geld zur\u00fcck\"-Garantie sowie durch einen Schutz vor versteckten M\u00e4ngeln abgedeckt.<\/p>\t\t\t\t\t\t\t\t<\/div>\n\t\t\t\t\t<\/div>\n\t\t\t\t<\/div>\n\t\t\t\t<\/div>","protected":false},"excerpt":{"rendered":"<p>MOD\u00c8LE D&rsquo;AFFAIRES\u00a0 \u00a0 Notre mod\u00e8le d\u2019affaires repose sur une strat\u00e9gie innovante centr\u00e9e sur la vente exclusivement en ligne. En \u00e9liminant la gestion d\u2019un entrep\u00f4t physique, nous r\u00e9duisons consid\u00e9rablement les co\u00fbts associ\u00e9s \u00e0 un stock traditionnel. Nos voitures sont soigneusement s\u00e9lectionn\u00e9es issues de stocks exc\u00e9dentaires ou acquises aux conditions du commerce de gros aupr\u00e8s de concessionnaires [&hellip;]<\/p>\n","protected":false},"author":1,"featured_media":0,"parent":0,"menu_order":0,"comment_status":"closed","ping_status":"closed","template":"","meta":{"om_disable_all_campaigns":false,"_monsterinsights_skip_tracking":false,"_monsterinsights_sitenote_active":false,"_monsterinsights_sitenote_note":"","_monsterinsights_sitenote_category":0,"footnotes":""},"class_list":["post-643","page","type-page","status-publish","hentry"],"aioseo_notices":[],"_hostinger_reach_plugin_has_subscription_block":false,"_hostinger_reach_plugin_is_elementor":false,"_links":{"self":[{"href":"https:\/\/gkautogmbh.com\/de\/wp-json\/wp\/v2\/pages\/643","targetHints":{"allow":["GET"]}}],"collection":[{"href":"https:\/\/gkautogmbh.com\/de\/wp-json\/wp\/v2\/pages"}],"about":[{"href":"https:\/\/gkautogmbh.com\/de\/wp-json\/wp\/v2\/types\/page"}],"author":[{"embeddable":true,"href":"https:\/\/gkautogmbh.com\/de\/wp-json\/wp\/v2\/users\/1"}],"replies":[{"embeddable":true,"href":"https:\/\/gkautogmbh.com\/de\/wp-json\/wp\/v2\/comments?post=643"}],"version-history":[{"count":242,"href":"https:\/\/gkautogmbh.com\/de\/wp-json\/wp\/v2\/pages\/643\/revisions"}],"predecessor-version":[{"id":3330,"href":"https:\/\/gkautogmbh.com\/de\/wp-json\/wp\/v2\/pages\/643\/revisions\/3330"}],"wp:attachment":[{"href":"https:\/\/gkautogmbh.com\/de\/wp-json\/wp\/v2\/media?parent=643"}],"curies":[{"name":"wp","href":"https:\/\/api.w.org\/{rel}","templated":true}]}}