{"id":643,"date":"2025-07-11T20:39:56","date_gmt":"2025-07-11T20:39:56","guid":{"rendered":"https:\/\/gkautogmbh.com\/?page_id=643"},"modified":"2025-09-15T12:33:50","modified_gmt":"2025-09-15T12:33:50","slug":"general-terms-and-conditions-of-sale","status":"publish","type":"page","link":"https:\/\/gkautogmbh.com\/en_gb\/conditions-generales-de-ventes\/","title":{"rendered":"General Terms and Conditions of Sale (GTCS)"},"content":{"rendered":"<div data-elementor-type=\"wp-page\" data-elementor-id=\"643\" class=\"elementor elementor-643\" data-elementor-post-type=\"page\">\n\t\t\t\t<div class=\"elementor-element elementor-element-33ca04a4 e-flex e-con-boxed e-con e-parent\" data-id=\"33ca04a4\" data-element_type=\"container\" data-e-type=\"container\" data-settings=\"{&quot;background_background&quot;:&quot;classic&quot;}\">\n\t\t\t\t\t<div class=\"e-con-inner\">\n\t\t\t\t<div class=\"elementor-element elementor-element-5f3e38aa elementor-widget elementor-widget-text-editor\" data-id=\"5f3e38aa\" data-element_type=\"widget\" data-e-type=\"widget\" data-widget_type=\"text-editor.default\">\n\t\t\t\t\t\t\t\t\t\n<h3 class=\"wp-block-heading has-text-align-center\" style=\"text-align: center;\"><strong><span style=\"text-decoration: underline; color: #003366;\">BUSINESS MODEL<\/span>\u00a0<\/strong><\/h3>\n\n<p>\u00a0<\/p>\n\n<p style=\"text-align: center;\"><span style=\"color: #000000;\"><strong>Our business model is based on an innovative strategy centred on selling exclusively online. By eliminating the need to manage a physical warehouse, we significantly reduce the costs associated with a traditional stock.<\/strong><\/span><\/p>\n<p style=\"text-align: center;\"><span style=\"color: #000000;\"><strong>Our cars are carefully selected from surplus stocks or purchased on wholesale terms from reputable dealers, guaranteeing exceptional value for money.<\/strong><\/span><\/p>\n<p style=\"text-align: center;\"><span style=\"color: #000000;\"><strong>Thanks to this strategy and our exclusively online sales model, we can offer you a simple, cost-effective shopping experience that's perfectly tailored to your needs.<\/strong><\/span><\/p>\n<p>\u00a0<\/p>\n\n<h3 class=\"wp-block-heading has-text-align-center\" style=\"text-align: center;\"><strong><span style=\"text-decoration: underline; color: #003366;\">IMPORTANT<\/span><\/strong><\/h3>\n<p>\u00a0<\/p>\n\n<p style=\"text-align: center;\"><span style=\"color: #003300;\"><strong>You acknowledge that you are of legal age and legally capable of entering into a contract. Please read our GENERAL TERMS AND CONDITIONS OF SALE (GTCS) carefully, which detail the steps you need to take to complete your purchase.<\/strong><\/span><\/p>\n<p>\u00a0<\/p>\n<p>\u00a0<\/p>\n\n<h4 style=\"text-align: center;\"><strong><span style=\"text-decoration: underline; color: #003366;\">ARTICLE n\u00b01 &#8211; D\u00c9LAI DE LIVRAISON<\/span><\/strong><\/h4>\n<p>\u00a0<\/p>\n\n<p>Our deliveries are made under <b>5<\/b>\u00a0\u00e0\u00a0<b>7<\/b> working days anywhere in <b>Continental Europe.<\/b> Vehicles are transported by lorry, ensuring their safety and protection. For island destinations <b>(such as R\u00e9union, Madeira, Guadeloupe, Porto Santo, Martinique, the Azores, S\u00e3o Jorge, etc.).<\/b>\u00a0the estimated delivery time is between <b>14<\/b> and <b>21<\/b>\u00a0working days.<\/p>\n<p>\u00a0<\/p>\n<p>\u00a0<\/p>\n<p>\u00a0<\/p>\n\n<h4 style=\"text-align: center;\"><strong><span style=\"text-decoration: underline; color: #003366;\">ARTICLE n\u00b02 &#8211; FRAIS DE LIVRAISON<\/span><\/strong><\/h4>\n<p>\u00a0<\/p>\n\n<p>1 - Continental Europe : <strong>500 \u20ac<\/strong><br \/>2 - Island destinations (<strong>Reunion, Madeira, Guadeloupe, Porto Santo, Martinique, the Azores, S\u00e3o Jorge, etc.<\/strong>) : <strong>1 200 \u20ac<\/strong><\/p>\n<p>\u00a0<\/p>\n<p>\u00a0<\/p>\n\n<h4 style=\"text-align: center;\"><span style=\"color: #003366;\"><strong><span style=\"text-decoration: underline;\">ARTICLE n\u00b03 &#8211; MODES DE PAIEMENT<\/span><\/strong><\/span><\/h4>\n<p>\u00a0<\/p>\n\n<p>All our payments are made exclusively by <b>bank transfer<\/b>. A trade discount of <b>10 %<\/b> is applied to the sale price of the vehicle if payment is made in full when the order is placed. <b>Delivery charges are not included in this discount.<\/b><\/p>\n<p>\u00a0<\/p>\n<p>\u00a0<\/p>\n<p>\u00a0<\/p>\n\n<h4 style=\"text-align: center;\"><span style=\"text-decoration: underline; color: #003366;\"><strong>ARTICLE n\u00b04 &#8211; PROCESSUS DE COMMANDE<\/strong><\/span><\/h4>\n<p>\u00a0<\/p>\n\n<p><strong>1 &#8211;<\/strong> To order a vehicle, a <b>Order form<\/b>\u00a0as well as a\u00a0<b>Sales Contract<\/b>\u00a0must be drawn up and signed by both parties.<br \/><br \/><strong>2 &#8211;<\/strong> In order to draw up the Order Form and the Sales Contract, manage the import\/export procedures and update the vehicle registration certificate and documents, the customer must provide the following information:<br \/><br \/><b>- A recent copy of proof of address (electricity, gas or water bill, tax assessment, rent receipt, etc.):<\/b><br \/><b>- A copy of both sides of his or her identity card:<\/b><br \/><b>- Your full home address :<\/b><br \/><b>- Mobile phone number :<\/b><br \/><b>- A valid e-mail address :<\/b><br \/><br \/>This information is necessary to ensure administrative compliance and efficient order processing.<br \/><br \/><strong>3 &#8211;<\/strong> For vehicles worth <b>LOWER<\/b>\u00a0\u00e0\u00a0<b>10 000 \u20ac<\/b>\u00a0a deposit of\u00a0<b>80 %<\/b> the sale price of the vehicle, plus any applicable delivery charges <b>(\u20ac500 or \u20ac1,200) <\/b>is required at the time the order is placed. The balance of <b>20 %<\/b> must be paid at the end of the trial period of\u00a0<b>14 days<\/b>.<br \/><br \/><strong>4 &#8211;<\/strong> For vehicles worth <b>TOP<\/b>\u00a0\u00e0\u00a0<b>10 000 \u20ac<\/b> a deposit of\u00a0<b>30 %<\/b> the sale price of the vehicle, plus any applicable delivery charges <b>(\u20ac500 or \u20ac1,200) <\/b>is required at the time the order is placed. The balance of <b>70 %<\/b> must be paid at the end of the trial period of\u00a0<b>14 days<\/b>.<br \/><br \/><strong>5 - Full payment<\/strong> payment in full at the time of ordering.<br \/>This amount includes the price of the vehicle as well as the applicable delivery charges. <strong>(\u20ac500 or \u20ac1,200)<\/strong>.<br \/><br \/><span style=\"text-decoration: underline;\"><strong>ADVANTAGE<\/strong><\/span> for all <strong>full payment<\/strong> at the time of ordering, you will benefit from a commercial discount of <strong>10 %<\/strong> on the price of the vehicle. <strong>Delivery charges are not included in this discount.<\/strong><\/p>\n<p>\u00a0<\/p>\n<p>\u00a0<\/p>\n\n<h4 style=\"text-align: center;\"><span style=\"color: #003366;\"><strong><span style=\"text-decoration: underline;\">ARTICLE n\u00b05 &#8211; DOCUMENTS ET SUIVI<\/span><\/strong><\/span><\/h4>\n<p>\u00a0<\/p>\n\n<p>For vehicles imported from Germany to another EU country, the administrative documents, including the vehicle registration document and any other documents, will be updated in the name of the new owner in accordance with the regulatory requirements of the destination country. We take care of all the administrative formalities involved in purchasing the vehicle, including..:<br \/><br \/><strong>\u2714 Updating documents in the name of the new buyer\u00a0<\/strong><br \/><strong>\u2714 Registration and insurance\u00a0<\/strong><br \/><strong>\u2714 All the formalities required for home delivery<\/strong><br \/><br \/>The vehicle will be delivered with a provisional registration and the definitive registration will be given to the customer within a maximum of 14 days after delivery, corresponding to the trial period. A 30-day provisional insurance policy is also included, to be renewed or replaced by a definitive policy before it expires.<br \/><br \/><\/p>\n<p><strong><span style=\"text-decoration: underline; color: #003366;\">DOCUMENTS AVAILABLE ON DELIVERY:<\/span><\/strong><\/p>\n<p>\u00a0<\/p>\n<p><strong>1. Vehicle registration document<\/strong><br \/><strong>2. Certificate of conformity<\/strong><br \/><strong>3. Technical inspection report<\/strong><br \/><strong>4. Transfer certificate<\/strong><br \/><strong>5. Purchase invoice<\/strong><br \/><strong>6. Maintenance booklet<\/strong><br \/><strong>7. Vehicle keys<\/strong><br \/><strong>8. User manual<\/strong><br \/><strong>9. Warranty certificate<\/strong><br \/><strong>10. Inspection report<\/strong><br \/><strong>11. Declaration of compliance with environmental standards<\/strong><br \/><strong>12. Provisional insurance certificate<\/strong><br \/><strong>13. Tax discharge<\/strong><br \/><strong>14. Vehicle history report<\/strong><\/p>\n<p>\u00a0<\/p>\n<p>\u00a0<\/p>\n\n<h4 style=\"text-align: center;\"><span style=\"color: #003366;\"><strong><span style=\"text-decoration: underline;\">ARTICLE n\u00b06 &#8211; V\u00c9RIFICATION ET RESPONSABILIT\u00c9<\/span><\/strong><\/span><\/h4>\n<p>\u00a0<\/p>\n\n<p>At the time of delivery, a report is drawn up jointly with the customer in order to check the accessories and documents handed over (mentioned above) and to ensure that the general condition of the vehicle corresponds to the description. From the moment the customer takes possession of the vehicle, he\/she assumes full responsibility for all risks associated with any loss or damage.<\/p>\n<p>\u00a0<\/p>\n<p>\u00a0<\/p>\n\n<h4 style=\"text-align: center;\"><span style=\"text-decoration: underline;\"><strong><span style=\"color: #003366; text-decoration: underline;\">ARTICLE n\u00b07 &#8211; GARANTIES<\/span><\/strong><\/span><\/h4>\n<p>\u00a0<\/p>\n\n<p>All our vehicles come with a <strong>COMMERCIAL GUARANTEE<\/strong> from <strong>24 months<\/strong>guarantee, offering extensive protection for the main mechanical and electronic components. This guarantee meets the quality and reliability standards set by European regulations.<\/p>\n<p>\u00a0<\/p>\n<p><span style=\"color: #003366;\"><strong><span style=\"text-decoration: underline;\">ITEMS COVERED BY OUR WARRANTY:<\/span><\/strong><\/span><br \/><br \/><strong>1. Engine <\/strong><br \/><strong>2. Transmission <\/strong><br \/><strong>3. Braking system<\/strong><br \/><strong>4. Steering system<\/strong><br \/><strong>5. Suspension<\/strong><br \/><strong>6. Electrical system<\/strong><br \/><strong>7. Air conditioning<\/strong><br \/><strong>8. Equipment and accessories<\/strong><br \/><strong>9. Workforce<\/strong><\/p>\n<p>\u00a0<\/p>\n\n<p><strong>As soon as your order has been confirmed and the administrative formalities have been completed, a partner garage near to your home will be assigned to you to carry out all the repairs and maintenance covered by our warranty.<\/strong><\/p>\n<p>\u00a0<\/p>\n<p>\u00a0<\/p>\n\n<h4 style=\"text-align: center;\"><span style=\"color: #003366;\"><strong><span style=\"text-decoration: underline;\">ARTICLE n\u00b08 &#8211; CONTR\u00d4LE QUALIT\u00c9 ET INSPECTION<\/span><\/strong><\/span><\/h4>\n<p>\u00a0<\/p>\n\n<p>Before going online, each vehicle undergoes a rigorous inspection by an automotive professional covering more than 100 checkpoints, including bodywork, mechanics and aesthetics. Delivery is carried out by an experienced courier, guaranteeing optimum care until the vehicle is handed over to the customer. Two quality checks are systematically carried out:<br \/><br \/><strong>1. Leaving our logistics park<\/strong><br \/><strong>2. On delivery to the customer<\/strong><\/p>\n<p>\u00a0<\/p>\n<p>\u00a0<\/p>\n\n<h4 style=\"text-align: center;\"><span style=\"color: #003366;\"><strong><span style=\"text-decoration: underline;\">ARTICLE n\u00b09 &#8211; DROIT DE R\u00c9TRACTATION<\/span><\/strong><\/span><\/h4>\n<p>\u00a0<\/p>\n\n<p>Customers have a period of 14 days from the date of delivery to exercise their right of withdrawal, without any obligation to justify their decision and at no additional cost. In the event of withdrawal, the vehicle must be returned in its original condition, accompanied by all the documents and accessories handed over at the time of delivery. The company will cover the cost of returning the vehicle and will carry out a full examination of the vehicle before initiating any refund procedure.<\/p>\n<p>\u00a0<\/p>\n<p>\u00a0<\/p>\n\n<h4 style=\"text-align: center;\"><span style=\"text-decoration: underline;\"><strong><span style=\"color: #003366; text-decoration: underline;\">ARTICLE n\u00b010 &#8211; REMBOURSEMENT<\/span><\/strong><\/span><\/h4>\n<p>\u00a0<\/p>\n\n<p>In the event of withdrawal, the company undertakes to reimburse all sums paid by the customer within a maximum period of 14 days, subject to the return of the vehicle and its accessories in their original condition without damage or alteration.<\/p>\n<p>\u00a0<\/p>\n<p>\u00a0<\/p>\n\n<h4 style=\"text-align: center;\"><span style=\"color: #003366;\"><strong><span style=\"text-decoration: underline;\">ARTICLE n\u00b011 &#8211; RETARD DE LIVRAISON<\/span><\/strong><\/span><\/h4>\n<p>\u00a0<\/p>\n\n<p>In the event of late delivery or non-delivery in accordance with Article L216-2 of the French Consumer Code and Directive 2011\/83\/EU on consumer rights, the customer may cancel the contract and claim compensation if the company has not met the agreed deadline.<br \/>This cancellation may take place after a formal request has been sent by registered letter with acknowledgement of receipt, requiring the delivery to be carried out within a reasonable time. In the absence of a response or performance within this period, the contract may be terminated and the customer will be entitled to a full refund as well as compensation for any loss suffered.<\/p>\n<p>\u00a0<\/p>\n<p>\u00a0<\/p>\n\n<h4 style=\"text-align: center;\"><span style=\"text-decoration: underline;\"><strong><span style=\"color: #003366; text-decoration: underline;\">ARTICLE n\u00b012 &#8211; ESSAI ET VISUALISATION DU V\u00c9HICULE<\/span><\/strong><\/span><\/h4>\n<p>\u00a0<\/p>\n\n<p>As this is an online purchase, it is not possible to see or test drive the vehicle before placing your order. However, to ensure maximum transparency, we provide detailed, realistic photos so that you can examine the vehicle virtually from every angle.<\/p>\n<p>What's more, every purchase is covered by a money-back guarantee valid for 14 days from the date of delivery, as well as protection against hidden defects.<\/p>\t\t\t\t\t\t\t\t<\/div>\n\t\t\t\t\t<\/div>\n\t\t\t\t<\/div>\n\t\t\t\t<\/div>","protected":false},"excerpt":{"rendered":"<p>MOD\u00c8LE D&rsquo;AFFAIRES\u00a0 \u00a0 Notre mod\u00e8le d\u2019affaires repose sur une strat\u00e9gie innovante centr\u00e9e sur la vente exclusivement en ligne. En \u00e9liminant la gestion d\u2019un entrep\u00f4t physique, nous r\u00e9duisons consid\u00e9rablement les co\u00fbts associ\u00e9s \u00e0 un stock traditionnel. Nos voitures sont soigneusement s\u00e9lectionn\u00e9es issues de stocks exc\u00e9dentaires ou acquises aux conditions du commerce de gros aupr\u00e8s de concessionnaires [&hellip;]<\/p>\n","protected":false},"author":1,"featured_media":0,"parent":0,"menu_order":0,"comment_status":"closed","ping_status":"closed","template":"","meta":{"om_disable_all_campaigns":false,"_monsterinsights_skip_tracking":false,"_monsterinsights_sitenote_active":false,"_monsterinsights_sitenote_note":"","_monsterinsights_sitenote_category":0,"footnotes":""},"class_list":["post-643","page","type-page","status-publish","hentry"],"aioseo_notices":[],"_hostinger_reach_plugin_has_subscription_block":false,"_hostinger_reach_plugin_is_elementor":false,"_links":{"self":[{"href":"https:\/\/gkautogmbh.com\/en_gb\/wp-json\/wp\/v2\/pages\/643","targetHints":{"allow":["GET"]}}],"collection":[{"href":"https:\/\/gkautogmbh.com\/en_gb\/wp-json\/wp\/v2\/pages"}],"about":[{"href":"https:\/\/gkautogmbh.com\/en_gb\/wp-json\/wp\/v2\/types\/page"}],"author":[{"embeddable":true,"href":"https:\/\/gkautogmbh.com\/en_gb\/wp-json\/wp\/v2\/users\/1"}],"replies":[{"embeddable":true,"href":"https:\/\/gkautogmbh.com\/en_gb\/wp-json\/wp\/v2\/comments?post=643"}],"version-history":[{"count":242,"href":"https:\/\/gkautogmbh.com\/en_gb\/wp-json\/wp\/v2\/pages\/643\/revisions"}],"predecessor-version":[{"id":3330,"href":"https:\/\/gkautogmbh.com\/en_gb\/wp-json\/wp\/v2\/pages\/643\/revisions\/3330"}],"wp:attachment":[{"href":"https:\/\/gkautogmbh.com\/en_gb\/wp-json\/wp\/v2\/media?parent=643"}],"curies":[{"name":"wp","href":"https:\/\/api.w.org\/{rel}","templated":true}]}}