{"id":643,"date":"2025-07-11T20:39:56","date_gmt":"2025-07-11T20:39:56","guid":{"rendered":"https:\/\/gkautogmbh.com\/?page_id=643"},"modified":"2025-09-15T12:33:50","modified_gmt":"2025-09-15T12:33:50","slug":"condiciones-generales-de-venta","status":"publish","type":"page","link":"https:\/\/gkautogmbh.com\/es\/conditions-generales-de-ventes\/","title":{"rendered":"Condiciones Generales de Venta (CGV)"},"content":{"rendered":"<div data-elementor-type=\"wp-page\" data-elementor-id=\"643\" class=\"elementor elementor-643\" data-elementor-post-type=\"page\">\n\t\t\t\t<div class=\"elementor-element elementor-element-33ca04a4 e-flex e-con-boxed e-con e-parent\" data-id=\"33ca04a4\" data-element_type=\"container\" data-e-type=\"container\" data-settings=\"{&quot;background_background&quot;:&quot;classic&quot;}\">\n\t\t\t\t\t<div class=\"e-con-inner\">\n\t\t\t\t<div class=\"elementor-element elementor-element-5f3e38aa elementor-widget elementor-widget-text-editor\" data-id=\"5f3e38aa\" data-element_type=\"widget\" data-e-type=\"widget\" data-widget_type=\"text-editor.default\">\n\t\t\t\t\t\t\t\t\t\n<h3 class=\"wp-block-heading has-text-align-center\" style=\"text-align: center;\"><strong><span style=\"text-decoration: underline; color: #003366;\">MODELO DE NEGOCIO<\/span>\u00a0<\/strong><\/h3>\n\n<p>\u00a0<\/p>\n\n<p style=\"text-align: center;\"><span style=\"color: #000000;\"><strong>Nuestro modelo de negocio se basa en una estrategia innovadora centrada en la venta exclusivamente en l\u00ednea. Al eliminar la necesidad de gestionar un almac\u00e9n f\u00edsico, reducimos significativamente los costes asociados a un stock tradicional.<\/strong><\/span><\/p>\n<p style=\"text-align: center;\"><span style=\"color: #000000;\"><strong>Nuestros coches se seleccionan cuidadosamente a partir de excedentes o se compran al por mayor a concesionarios de renombre, lo que garantiza una relaci\u00f3n calidad-precio excepcional.<\/strong><\/span><\/p>\n<p style=\"text-align: center;\"><span style=\"color: #000000;\"><strong>Gracias a esta estrategia y a nuestro modelo de venta exclusivamente en l\u00ednea, podemos ofrecerle una experiencia de compra sencilla, rentable y perfectamente adaptada a sus necesidades.<\/strong><\/span><\/p>\n<p>\u00a0<\/p>\n\n<h3 class=\"wp-block-heading has-text-align-center\" style=\"text-align: center;\"><strong><span style=\"text-decoration: underline; color: #003366;\">IMPORTANTE<\/span><\/strong><\/h3>\n<p>\u00a0<\/p>\n\n<p style=\"text-align: center;\"><span style=\"color: #003300;\"><strong>Usted reconoce que es mayor de edad y tiene capacidad legal para celebrar un contrato. Le rogamos que lea atentamente nuestras CONDICIONES GENERALES DE VENTA (CGV), en las que se detallan los pasos que debe seguir para completar su compra.<\/strong><\/span><\/p>\n<p>\u00a0<\/p>\n<p>\u00a0<\/p>\n\n<h4 style=\"text-align: center;\"><strong><span style=\"text-decoration: underline; color: #003366;\">ARTICLE n\u00b01 &#8211; D\u00c9LAI DE LIVRAISON<\/span><\/strong><\/h4>\n<p>\u00a0<\/p>\n\n<p>Nuestras entregas se realizan bajo <b>5<\/b>\u00a0\u00e0\u00a0<b>7<\/b> d\u00edas laborables en cualquier lugar de <b>Europa continental.<\/b> Los veh\u00edculos se transportan en camiones, lo que garantiza su seguridad y protecci\u00f3n. Para destinos insulares <b>(como Reuni\u00f3n, Madeira, Guadalupe, Porto Santo, Martinica, Azores, S\u00e3o Jorge, etc.).<\/b>\u00a0el plazo de entrega estimado es de entre <b>14<\/b> y <b>21<\/b>\u00a0d\u00edas laborables.<\/p>\n<p>\u00a0<\/p>\n<p>\u00a0<\/p>\n<p>\u00a0<\/p>\n\n<h4 style=\"text-align: center;\"><strong><span style=\"text-decoration: underline; color: #003366;\">ARTICLE n\u00b02 &#8211; FRAIS DE LIVRAISON<\/span><\/strong><\/h4>\n<p>\u00a0<\/p>\n\n<p>1 - Europa continental : <strong>500 \u20ac<\/strong><br \/>2 - Destinos insulares (<strong>Reuni\u00f3n, Madeira, Guadalupe, Porto Santo, Martinica, Azores, S\u00e3o Jorge, etc.<\/strong>) : <strong>1 200 \u20ac<\/strong><\/p>\n<p>\u00a0<\/p>\n<p>\u00a0<\/p>\n\n<h4 style=\"text-align: center;\"><span style=\"color: #003366;\"><strong><span style=\"text-decoration: underline;\">ARTICLE n\u00b03 &#8211; MODES DE PAIEMENT<\/span><\/strong><\/span><\/h4>\n<p>\u00a0<\/p>\n\n<p>Todos nuestros pagos se realizan exclusivamente por <b>transferencia bancaria<\/b>. Un descuento comercial de <b>10 %<\/b> se aplica al precio de venta del veh\u00edculo si el pago se efect\u00faa \u00edntegramente al realizar el pedido. <b>Los gastos de env\u00edo no est\u00e1n incluidos en este descuento.<\/b><\/p>\n<p>\u00a0<\/p>\n<p>\u00a0<\/p>\n<p>\u00a0<\/p>\n\n<h4 style=\"text-align: center;\"><span style=\"text-decoration: underline; color: #003366;\"><strong>ARTICLE n\u00b04 &#8211; PROCESSUS DE COMMANDE<\/strong><\/span><\/h4>\n<p>\u00a0<\/p>\n\n<p><strong>1 &#8211;<\/strong> Para pedir un veh\u00edculo <b>Formulario de pedido<\/b>\u00a0as\u00ed como un\u00a0<b>Contrato de venta<\/b>\u00a0debe ser redactado y firmado por ambas partes.<br \/><br \/><strong>2 &#8211;<\/strong> Con el fin de elaborar la Orden de Pedido y el Contrato de Venta, gestionar los tr\u00e1mites de importaci\u00f3n\/exportaci\u00f3n y actualizar el permiso de circulaci\u00f3n y la documentaci\u00f3n del veh\u00edculo, el cliente deber\u00e1 facilitar la siguiente informaci\u00f3n:<br \/><br \/><b>- Una copia reciente de un justificante de domicilio (factura de electricidad, gas o agua, liquidaci\u00f3n de impuestos, recibo de alquiler, etc.):<\/b><br \/><b>- Una copia por ambas caras de su documento de identidad:<\/b><br \/><b>- Su direcci\u00f3n completa :<\/b><br \/><b>- Su n\u00famero de tel\u00e9fono m\u00f3vil :<\/b><br \/><b>- Una direcci\u00f3n de correo electr\u00f3nico v\u00e1lida :<\/b><br \/><br \/>Esta informaci\u00f3n es necesaria para garantizar el cumplimiento administrativo y la tramitaci\u00f3n eficaz de los pedidos.<br \/><br \/><strong>3 &#8211;<\/strong> Para veh\u00edculos por valor de <b>BAJO<\/b>\u00a0\u00e0\u00a0<b>10 000 \u20ac<\/b>\u00a0un dep\u00f3sito de\u00a0<b>80 %<\/b> el precio de venta del veh\u00edculo, m\u00e1s los gastos de entrega aplicables <b>(500 euros o 1.200 euros) <\/b>en el momento de realizar el pedido. El saldo de <b>20 %<\/b> deber\u00e1 abonarse al final del periodo de prueba de\u00a0<b>14 d\u00edas<\/b>.<br \/><br \/><strong>4 &#8211;<\/strong> Para veh\u00edculos por valor de <b>TOP<\/b>\u00a0\u00e0\u00a0<b>10 000 \u20ac<\/b> un dep\u00f3sito de\u00a0<b>30 %<\/b> el precio de venta del veh\u00edculo, m\u00e1s los gastos de entrega aplicables <b>(500 euros o 1.200 euros) <\/b>en el momento de realizar el pedido. El saldo de <b>70 %<\/b> deber\u00e1 abonarse al final del periodo de prueba de\u00a0<b>14 d\u00edas<\/b>.<br \/><br \/><strong>5 - Pago completo<\/strong> pago \u00edntegro en el momento de realizar el pedido.<br \/>Este importe incluye el precio del veh\u00edculo, as\u00ed como los gastos de entrega aplicables. <strong>(500 euros o 1.200 euros)<\/strong>.<br \/><br \/><span style=\"text-decoration: underline;\"><strong>VENTAJA<\/strong><\/span> para todos <strong>pago completo<\/strong> en el momento de realizar el pedido, se beneficiar\u00e1 de un descuento comercial del <strong>10 %<\/strong> en el precio del veh\u00edculo. <strong>Los gastos de env\u00edo no est\u00e1n incluidos en este descuento.<\/strong><\/p>\n<p>\u00a0<\/p>\n<p>\u00a0<\/p>\n\n<h4 style=\"text-align: center;\"><span style=\"color: #003366;\"><strong><span style=\"text-decoration: underline;\">ARTICLE n\u00b05 &#8211; DOCUMENTS ET SUIVI<\/span><\/strong><\/span><\/h4>\n<p>\u00a0<\/p>\n\n<p>En el caso de veh\u00edculos importados de Alemania a otro pa\u00eds de la UE, los documentos administrativos, incluido el permiso de circulaci\u00f3n del veh\u00edculo y cualquier otro documento, se actualizar\u00e1n a nombre del nuevo propietario de acuerdo con los requisitos normativos del pa\u00eds de destino. Nos encargamos de todos los tr\u00e1mites administrativos relacionados con la compra del veh\u00edculo, incluidos..:<br \/><br \/><strong>\u2714 Actualizaci\u00f3n de los documentos a nombre del nuevo comprador\u00a0<\/strong><br \/><strong>\u2714 Registro y seguro\u00a0<\/strong><br \/><strong>\u2714 Todos los tr\u00e1mites necesarios para la entrega a domicilio.<\/strong><br \/><br \/>El veh\u00edculo se entregar\u00e1 con una matr\u00edcula provisional y la definitiva se entregar\u00e1 al cliente en un plazo m\u00e1ximo de 14 d\u00edas desde la entrega, correspondiente al periodo de prueba. Tambi\u00e9n se incluye una p\u00f3liza de seguro provisional de 30 d\u00edas, que se renovar\u00e1 o sustituir\u00e1 por una p\u00f3liza definitiva antes de que caduque.<br \/><br \/><\/p>\n<p><strong><span style=\"text-decoration: underline; color: #003366;\">DOCUMENTOS DISPONIBLES EN EL MOMENTO DE LA ENTREGA:<\/span><\/strong><\/p>\n<p>\u00a0<\/p>\n<p><strong>1. Documento de matriculaci\u00f3n del veh\u00edculo<\/strong><br \/><strong>2. Certificado de conformidad<\/strong><br \/><strong>3. Informe de inspecci\u00f3n t\u00e9cnica<\/strong><br \/><strong>4. Certificado de transferencia<\/strong><br \/><strong>5. 5. Factura de compra<\/strong><br \/><strong>6. Folleto de mantenimiento<\/strong><br \/><strong>7. Llaves del veh\u00edculo<\/strong><br \/><strong>8. 8. Manual del usuario<\/strong><br \/><strong>9. Certificado de garant\u00eda<\/strong><br \/><strong>10. Informe de inspecci\u00f3n<\/strong><br \/><strong>11. Declaraci\u00f3n de cumplimiento de las normas medioambientales<\/strong><br \/><strong>12. Certificado provisional de seguro<\/strong><br \/><strong>13. Aprobaci\u00f3n de la gesti\u00f3n fiscal<\/strong><br \/><strong>14. Informe del historial del veh\u00edculo<\/strong><\/p>\n<p>\u00a0<\/p>\n<p>\u00a0<\/p>\n\n<h4 style=\"text-align: center;\"><span style=\"color: #003366;\"><strong><span style=\"text-decoration: underline;\">ARTICLE n\u00b06 &#8211; V\u00c9RIFICATION ET RESPONSABILIT\u00c9<\/span><\/strong><\/span><\/h4>\n<p>\u00a0<\/p>\n\n<p>En el momento de la entrega, se elabora un informe conjuntamente con el cliente para comprobar los accesorios y documentos entregados (mencionados anteriormente) y asegurarse de que el estado general del veh\u00edculo se corresponde con la descripci\u00f3n. Desde el momento en que el cliente toma posesi\u00f3n del veh\u00edculo, asume la plena responsabilidad de todos los riesgos asociados a cualquier p\u00e9rdida o da\u00f1o.<\/p>\n<p>\u00a0<\/p>\n<p>\u00a0<\/p>\n\n<h4 style=\"text-align: center;\"><span style=\"text-decoration: underline;\"><strong><span style=\"color: #003366; text-decoration: underline;\">ARTICLE n\u00b07 &#8211; GARANTIES<\/span><\/strong><\/span><\/h4>\n<p>\u00a0<\/p>\n\n<p>Todos nuestros veh\u00edculos incluyen <strong>GARANT\u00cdA COMERCIAL<\/strong> de <strong>24 meses<\/strong>que ofrece una amplia protecci\u00f3n de los principales componentes mec\u00e1nicos y electr\u00f3nicos. Esta garant\u00eda cumple las normas de calidad y fiabilidad establecidas por la normativa europea.<\/p>\n<p>\u00a0<\/p>\n<p><span style=\"color: #003366;\"><strong><span style=\"text-decoration: underline;\">ART\u00cdCULOS CUBIERTOS POR NUESTRA GARANT\u00cdA:<\/span><\/strong><\/span><br \/><br \/><strong>1. Motor <\/strong><br \/><strong>2. Transmisi\u00f3n <\/strong><br \/><strong>3. Sistema de frenado<\/strong><br \/><strong>4. 4. Sistema de direcci\u00f3n<\/strong><br \/><strong>5. Suspensi\u00f3n<\/strong><br \/><strong>6. 6. Sistema el\u00e9ctrico<\/strong><br \/><strong>7. 7. Aire acondicionado<\/strong><br \/><strong>8. Equipamiento y accesorios<\/strong><br \/><strong>9. Mano de obra<\/strong><\/p>\n<p>\u00a0<\/p>\n\n<p><strong>En cuanto se confirme su pedido y se completen los tr\u00e1mites administrativos, se le asignar\u00e1 un taller asociado cercano a su domicilio para realizar todas las reparaciones y el mantenimiento cubiertos por nuestra garant\u00eda.<\/strong><\/p>\n<p>\u00a0<\/p>\n<p>\u00a0<\/p>\n\n<h4 style=\"text-align: center;\"><span style=\"color: #003366;\"><strong><span style=\"text-decoration: underline;\">ARTICLE n\u00b08 &#8211; CONTR\u00d4LE QUALIT\u00c9 ET INSPECTION<\/span><\/strong><\/span><\/h4>\n<p>\u00a0<\/p>\n\n<p>Antes de salir a la venta, cada veh\u00edculo se somete a una rigurosa inspecci\u00f3n por parte de un profesional de la automoci\u00f3n que abarca m\u00e1s de 100 puntos de control, entre los que se incluyen la carrocer\u00eda, la mec\u00e1nica y la est\u00e9tica. La entrega corre a cargo de un mensajero experimentado, que garantiza un cuidado \u00f3ptimo hasta la entrega del veh\u00edculo al cliente. Se realizan sistem\u00e1ticamente dos controles de calidad:<br \/><br \/><strong>1. Salir de nuestro parque log\u00edstico<\/strong><br \/><strong>2. En el momento de la entrega al cliente<\/strong><\/p>\n<p>\u00a0<\/p>\n<p>\u00a0<\/p>\n\n<h4 style=\"text-align: center;\"><span style=\"color: #003366;\"><strong><span style=\"text-decoration: underline;\">ARTICLE n\u00b09 &#8211; DROIT DE R\u00c9TRACTATION<\/span><\/strong><\/span><\/h4>\n<p>\u00a0<\/p>\n\n<p>El cliente dispone de un plazo de 14 d\u00edas a partir de la fecha de entrega para ejercer su derecho de desistimiento, sin obligaci\u00f3n de justificar su decisi\u00f3n y sin ning\u00fan coste adicional. En caso de desistimiento, el veh\u00edculo deber\u00e1 ser devuelto en su estado original, acompa\u00f1ado de toda la documentaci\u00f3n y accesorios entregados en el momento de la entrega. La empresa se har\u00e1 cargo de los gastos de devoluci\u00f3n del veh\u00edculo y realizar\u00e1 un examen completo del mismo antes de iniciar cualquier procedimiento de reembolso.<\/p>\n<p>\u00a0<\/p>\n<p>\u00a0<\/p>\n\n<h4 style=\"text-align: center;\"><span style=\"text-decoration: underline;\"><strong><span style=\"color: #003366; text-decoration: underline;\">ARTICLE n\u00b010 &#8211; REMBOURSEMENT<\/span><\/strong><\/span><\/h4>\n<p>\u00a0<\/p>\n\n<p>En caso de desistimiento, la empresa se compromete a reembolsar todas las cantidades abonadas por el cliente en un plazo m\u00e1ximo de 14 d\u00edas, siempre y cuando se devuelva el veh\u00edculo y sus accesorios en su estado original, sin da\u00f1os ni alteraciones.<\/p>\n<p>\u00a0<\/p>\n<p>\u00a0<\/p>\n\n<h4 style=\"text-align: center;\"><span style=\"color: #003366;\"><strong><span style=\"text-decoration: underline;\">ARTICLE n\u00b011 &#8211; RETARD DE LIVRAISON<\/span><\/strong><\/span><\/h4>\n<p>\u00a0<\/p>\n\n<p>En caso de retraso en la entrega o falta de entrega, de conformidad con el art\u00edculo L216-2 del C\u00f3digo de Consumo franc\u00e9s y la Directiva 2011\/83\/UE sobre derechos de los consumidores, el cliente podr\u00e1 rescindir el contrato y reclamar una indemnizaci\u00f3n si la empresa no ha cumplido el plazo acordado.<br \/>Esta rescisi\u00f3n podr\u00e1 tener lugar tras el env\u00edo de una solicitud formal por carta certificada con acuse de recibo, en la que se exija que la entrega se lleve a cabo en un plazo razonable. A falta de respuesta o de cumplimiento dentro de dicho plazo, el contrato podr\u00e1 rescindirse y el cliente tendr\u00e1 derecho al reembolso \u00edntegro, as\u00ed como a una indemnizaci\u00f3n por cualquier p\u00e9rdida sufrida.<\/p>\n<p>\u00a0<\/p>\n<p>\u00a0<\/p>\n\n<h4 style=\"text-align: center;\"><span style=\"text-decoration: underline;\"><strong><span style=\"color: #003366; text-decoration: underline;\">ARTICLE n\u00b012 &#8211; ESSAI ET VISUALISATION DU V\u00c9HICULE<\/span><\/strong><\/span><\/h4>\n<p>\u00a0<\/p>\n\n<p>Al tratarse de una compra online, no es posible ver o probar el veh\u00edculo antes de realizar el pedido. No obstante, para garantizar la m\u00e1xima transparencia, proporcionamos fotos detalladas y realistas para que pueda examinar el veh\u00edculo pr\u00e1cticamente desde todos los \u00e1ngulos.<\/p>\n<p>Adem\u00e1s, cada compra est\u00e1 cubierta por una garant\u00eda de devoluci\u00f3n del dinero v\u00e1lida durante 14 d\u00edas a partir de la fecha de entrega, as\u00ed como una protecci\u00f3n contra defectos ocultos.<\/p>\t\t\t\t\t\t\t\t<\/div>\n\t\t\t\t\t<\/div>\n\t\t\t\t<\/div>\n\t\t\t\t<\/div>","protected":false},"excerpt":{"rendered":"<p>MOD\u00c8LE D&rsquo;AFFAIRES\u00a0 \u00a0 Notre mod\u00e8le d\u2019affaires repose sur une strat\u00e9gie innovante centr\u00e9e sur la vente exclusivement en ligne. En \u00e9liminant la gestion d\u2019un entrep\u00f4t physique, nous r\u00e9duisons consid\u00e9rablement les co\u00fbts associ\u00e9s \u00e0 un stock traditionnel. Nos voitures sont soigneusement s\u00e9lectionn\u00e9es issues de stocks exc\u00e9dentaires ou acquises aux conditions du commerce de gros aupr\u00e8s de concessionnaires [&hellip;]<\/p>\n","protected":false},"author":1,"featured_media":0,"parent":0,"menu_order":0,"comment_status":"closed","ping_status":"closed","template":"","meta":{"om_disable_all_campaigns":false,"_monsterinsights_skip_tracking":false,"_monsterinsights_sitenote_active":false,"_monsterinsights_sitenote_note":"","_monsterinsights_sitenote_category":0,"footnotes":""},"class_list":["post-643","page","type-page","status-publish","hentry"],"aioseo_notices":[],"_hostinger_reach_plugin_has_subscription_block":false,"_hostinger_reach_plugin_is_elementor":false,"_links":{"self":[{"href":"https:\/\/gkautogmbh.com\/es\/wp-json\/wp\/v2\/pages\/643","targetHints":{"allow":["GET"]}}],"collection":[{"href":"https:\/\/gkautogmbh.com\/es\/wp-json\/wp\/v2\/pages"}],"about":[{"href":"https:\/\/gkautogmbh.com\/es\/wp-json\/wp\/v2\/types\/page"}],"author":[{"embeddable":true,"href":"https:\/\/gkautogmbh.com\/es\/wp-json\/wp\/v2\/users\/1"}],"replies":[{"embeddable":true,"href":"https:\/\/gkautogmbh.com\/es\/wp-json\/wp\/v2\/comments?post=643"}],"version-history":[{"count":242,"href":"https:\/\/gkautogmbh.com\/es\/wp-json\/wp\/v2\/pages\/643\/revisions"}],"predecessor-version":[{"id":3330,"href":"https:\/\/gkautogmbh.com\/es\/wp-json\/wp\/v2\/pages\/643\/revisions\/3330"}],"wp:attachment":[{"href":"https:\/\/gkautogmbh.com\/es\/wp-json\/wp\/v2\/media?parent=643"}],"curies":[{"name":"wp","href":"https:\/\/api.w.org\/{rel}","templated":true}]}}