{"id":643,"date":"2025-07-11T20:39:56","date_gmt":"2025-07-11T20:39:56","guid":{"rendered":"https:\/\/gkautogmbh.com\/?page_id=643"},"modified":"2025-09-15T12:33:50","modified_gmt":"2025-09-15T12:33:50","slug":"yleiset-myyntiehdot","status":"publish","type":"page","link":"https:\/\/gkautogmbh.com\/fi\/conditions-generales-de-ventes\/","title":{"rendered":"Yleiset myyntiehdot (GTCS)"},"content":{"rendered":"<div data-elementor-type=\"wp-page\" data-elementor-id=\"643\" class=\"elementor elementor-643\" data-elementor-post-type=\"page\">\n\t\t\t\t<div class=\"elementor-element elementor-element-33ca04a4 e-flex e-con-boxed e-con e-parent\" data-id=\"33ca04a4\" data-element_type=\"container\" data-e-type=\"container\" data-settings=\"{&quot;background_background&quot;:&quot;classic&quot;}\">\n\t\t\t\t\t<div class=\"e-con-inner\">\n\t\t\t\t<div class=\"elementor-element elementor-element-5f3e38aa elementor-widget elementor-widget-text-editor\" data-id=\"5f3e38aa\" data-element_type=\"widget\" data-e-type=\"widget\" data-widget_type=\"text-editor.default\">\n\t\t\t\t\t\t\t\t\t\n<h3 class=\"wp-block-heading has-text-align-center\" style=\"text-align: center;\"><strong><span style=\"text-decoration: underline; color: #003366;\">LIIKETOIMINTAMALLI<\/span>\u00a0<\/strong><\/h3>\n\n<p>\u00a0<\/p>\n\n<p style=\"text-align: center;\"><span style=\"color: #000000;\"><strong>Liiketoimintamallimme perustuu innovatiiviseen strategiaan, joka keskittyy yksinomaan verkkomyyntiin. Koska emme tarvitse fyysist\u00e4 varastoa, v\u00e4henn\u00e4mme merkitt\u00e4v\u00e4sti perinteiseen varastoon liittyvi\u00e4 kustannuksia.<\/strong><\/span><\/p>\n<p style=\"text-align: center;\"><span style=\"color: #000000;\"><strong>Automme valitaan huolellisesti ylij\u00e4\u00e4m\u00e4varastoista tai ostetaan tukkuehdoin hyv\u00e4maineisilta j\u00e4lleenmyyjilt\u00e4, mik\u00e4 takaa poikkeuksellisen hyv\u00e4n hinta-laatusuhteen.<\/strong><\/span><\/p>\n<p style=\"text-align: center;\"><span style=\"color: #000000;\"><strong>T\u00e4m\u00e4n strategian ja yksinomaan verkkomyyntimallin ansiosta voimme tarjota sinulle yksinkertaisen ja kustannustehokkaan ostokokemuksen, joka on r\u00e4\u00e4t\u00e4l\u00f6ity juuri sinun tarpeisiisi.<\/strong><\/span><\/p>\n<p>\u00a0<\/p>\n\n<h3 class=\"wp-block-heading has-text-align-center\" style=\"text-align: center;\"><strong><span style=\"text-decoration: underline; color: #003366;\">T\u00c4RKE\u00c4\u00c4<\/span><\/strong><\/h3>\n<p>\u00a0<\/p>\n\n<p style=\"text-align: center;\"><span style=\"color: #003300;\"><strong>Vahvistat olevasi t\u00e4ysi-ik\u00e4inen ja laillisesti kykenev\u00e4 tekem\u00e4\u00e4n sopimuksen. Lue YLEISET MYYNTIEHDOT (YSE) huolellisesti, joissa kerrotaan yksityiskohtaisesti vaiheet, jotka sinun on toteutettava ostoksesi loppuunsaattamiseksi.<\/strong><\/span><\/p>\n<p>\u00a0<\/p>\n<p>\u00a0<\/p>\n\n<h4 style=\"text-align: center;\"><strong><span style=\"text-decoration: underline; color: #003366;\">ARTICLE n\u00b01 &#8211; D\u00c9LAI DE LIVRAISON<\/span><\/strong><\/h4>\n<p>\u00a0<\/p>\n\n<p>Toimituksemme tapahtuvat <b>5<\/b>\u00a0\u00e0\u00a0<b>7<\/b> ty\u00f6p\u00e4ivin\u00e4 miss\u00e4 tahansa <b>Manner-Eurooppa.<\/b> Ajoneuvot kuljetetaan kuorma-autolla, mik\u00e4 takaa niiden turvallisuuden ja suojan. Saarikohteet <b>(kuten R\u00e9union, Madeira, Guadeloupe, Porto Santo, Martinique, Azorit, S\u00e3o Jorge jne.).<\/b>\u00a0arvioitu toimitusaika on v\u00e4lill\u00e4 <b>14<\/b> ja <b>21<\/b>\u00a0ty\u00f6p\u00e4ivin\u00e4.<\/p>\n<p>\u00a0<\/p>\n<p>\u00a0<\/p>\n<p>\u00a0<\/p>\n\n<h4 style=\"text-align: center;\"><strong><span style=\"text-decoration: underline; color: #003366;\">ARTICLE n\u00b02 &#8211; FRAIS DE LIVRAISON<\/span><\/strong><\/h4>\n<p>\u00a0<\/p>\n\n<p>1 - Manner-Eurooppa : <strong>500 \u20ac<\/strong><br \/>2 - Saarikohteet (<strong>Reunion, Madeira, Guadeloupe, Porto Santo, Martinique, Azorit, S\u00e3o Jorge jne.<\/strong>) : <strong>1 200 \u20ac<\/strong><\/p>\n<p>\u00a0<\/p>\n<p>\u00a0<\/p>\n\n<h4 style=\"text-align: center;\"><span style=\"color: #003366;\"><strong><span style=\"text-decoration: underline;\">ARTICLE n\u00b03 &#8211; MODES DE PAIEMENT<\/span><\/strong><\/span><\/h4>\n<p>\u00a0<\/p>\n\n<p>Kaikki maksut suoritetaan yksinomaan <b>pankkisiirto<\/b>. Kaupan alennus on <b>10 %<\/b> sovelletaan ajoneuvon myyntihintaan, jos maksu suoritetaan kokonaisuudessaan tilauksen yhteydess\u00e4. <b>Toimituskulut eiv\u00e4t sis\u00e4lly t\u00e4h\u00e4n alennukseen.<\/b><\/p>\n<p>\u00a0<\/p>\n<p>\u00a0<\/p>\n<p>\u00a0<\/p>\n\n<h4 style=\"text-align: center;\"><span style=\"text-decoration: underline; color: #003366;\"><strong>ARTICLE n\u00b04 &#8211; PROCESSUS DE COMMANDE<\/strong><\/span><\/h4>\n<p>\u00a0<\/p>\n\n<p><strong>1 &#8211;<\/strong> Ajoneuvon tilaaminen <b>Tilauslomake<\/b>\u00a0sek\u00e4\u00a0<b>Myyntisopimus<\/b>\u00a0on laadittava ja allekirjoitettava molempien osapuolten toimesta.<br \/><br \/><strong>2 &#8211;<\/strong> Tilauslomakkeen ja myyntisopimuksen laatimiseksi, tuonti- ja vientimenettelyjen hoitamiseksi sek\u00e4 ajoneuvon rekister\u00f6intitodistuksen ja asiakirjojen p\u00e4ivitt\u00e4miseksi asiakkaan on annettava seuraavat tiedot:<br \/><br \/><b>- Tuore kopio osoitetodistuksesta (s\u00e4hk\u00f6-, kaasu- tai vesilasku, veroilmoitus, vuokrakuitti jne.):<\/b><br \/><b>- Kopio henkil\u00f6kortin molemmista puolista:<\/b><br \/><b>- T\u00e4ydellinen kotiosoitteesi :<\/b><br \/><b>- H\u00e4nen matkapuhelinnumeronsa :<\/b><br \/><b>- Voimassa oleva s\u00e4hk\u00f6postiosoite :<\/b><br \/><br \/>N\u00e4m\u00e4 tiedot ovat v\u00e4ltt\u00e4m\u00e4tt\u00f6mi\u00e4 hallinnollisen s\u00e4\u00e4nt\u00f6jenmukaisuuden ja tehokkaan tilausk\u00e4sittelyn varmistamiseksi.<br \/><br \/><strong>3 &#8211;<\/strong> Ajoneuvoille, joiden arvo on <b>LOWER<\/b>\u00a0\u00e0\u00a0<b>10 000 \u20ac<\/b>\u00a0talletus\u00a0<b>80 %<\/b> ajoneuvon myyntihinta lis\u00e4ttyn\u00e4 mahdollisilla toimituskuluilla. <b>(500 \u20ac tai 1 200 \u20ac) <\/b>vaaditaan tilauksen tekohetkell\u00e4. Loppusumma <b>20 %<\/b> on maksettava kokeilujakson p\u00e4\u00e4tytty\u00e4.\u00a0<b>14 p\u00e4iv\u00e4\u00e4<\/b>.<br \/><br \/><strong>4 &#8211;<\/strong> Ajoneuvoille, joiden arvo on <b>TOP<\/b>\u00a0\u00e0\u00a0<b>10 000 \u20ac<\/b> talletus\u00a0<b>30 %<\/b> ajoneuvon myyntihinta lis\u00e4ttyn\u00e4 mahdollisilla toimituskuluilla. <b>(500 \u20ac tai 1 200 \u20ac) <\/b>vaaditaan tilauksen tekohetkell\u00e4. Loppusumma <b>70 %<\/b> on maksettava kokeilujakson p\u00e4\u00e4tytty\u00e4.\u00a0<b>14 p\u00e4iv\u00e4\u00e4<\/b>.<br \/><br \/><strong>5 - T\u00e4ysi maksu<\/strong> maksu kokonaisuudessaan tilauksen yhteydess\u00e4.<br \/>T\u00e4m\u00e4 summa sis\u00e4lt\u00e4\u00e4 ajoneuvon hinnan sek\u00e4 sovellettavat toimituskulut. <strong>(500 \u20ac tai 1 200 \u20ac)<\/strong>.<br \/><br \/><span style=\"text-decoration: underline;\"><strong>EDULLISUUS<\/strong><\/span> kaikille <strong>t\u00e4ysi maksu<\/strong> tilaushetkell\u00e4, saat kaupallisen alennuksen, joka on <strong>10 %<\/strong> ajoneuvon hintaan. <strong>Toimituskulut eiv\u00e4t sis\u00e4lly t\u00e4h\u00e4n alennukseen.<\/strong><\/p>\n<p>\u00a0<\/p>\n<p>\u00a0<\/p>\n\n<h4 style=\"text-align: center;\"><span style=\"color: #003366;\"><strong><span style=\"text-decoration: underline;\">ARTICLE n\u00b05 &#8211; DOCUMENTS ET SUIVI<\/span><\/strong><\/span><\/h4>\n<p>\u00a0<\/p>\n\n<p>Saksasta toiseen EU-maahan tuotavien ajoneuvojen hallinnolliset asiakirjat, mukaan lukien ajoneuvon rekister\u00f6intiasiakirja ja muut asiakirjat, p\u00e4ivitet\u00e4\u00e4n uuden omistajan nimiin kohdemaan s\u00e4\u00e4nn\u00f6sten mukaisesti. Hoidamme kaikki ajoneuvon ostoon liittyv\u00e4t hallinnolliset muodollisuudet, mukaan lukien..:<br \/><br \/><strong>\u2714 Asiakirjojen p\u00e4ivitt\u00e4minen uuden ostajan nimiin\u00a0<\/strong><br \/><strong>\u2714 Rekister\u00f6inti ja vakuutus\u00a0<\/strong><br \/><strong>\u2714 Kaikki kotiinkuljetukseen vaadittavat muodollisuudet<\/strong><br \/><br \/>Ajoneuvo toimitetaan v\u00e4liaikaisella rekister\u00f6innill\u00e4, ja lopullinen rekister\u00f6inti annetaan asiakkaalle enint\u00e4\u00e4n 14 p\u00e4iv\u00e4n kuluessa toimituksesta, mik\u00e4 vastaa koeajoa. Mukana on my\u00f6s 30 p\u00e4iv\u00e4n v\u00e4liaikainen vakuutus, joka on uusittava tai korvattava lopullisella vakuutuksella ennen sen voimassaolon p\u00e4\u00e4ttymist\u00e4.<br \/><br \/><\/p>\n<p><strong><span style=\"text-decoration: underline; color: #003366;\">ASIAKIRJAT SAATAVILLA TOIMITUKSEN YHTEYDESS\u00c4:<\/span><\/strong><\/p>\n<p>\u00a0<\/p>\n<p><strong>1. Ajoneuvon rekister\u00f6intiasiakirja<\/strong><br \/><strong>2. Vaatimustenmukaisuustodistus<\/strong><br \/><strong>3. Tekninen tarkastusraportti<\/strong><br \/><strong>4. Siirtotodistus<\/strong><br \/><strong>5. Ostolasku<\/strong><br \/><strong>6. Huoltokirja<\/strong><br \/><strong>7. Ajoneuvon avaimet<\/strong><br \/><strong>8. K\u00e4ytt\u00e4j\u00e4n k\u00e4sikirja<\/strong><br \/><strong>9. Takuutodistus<\/strong><br \/><strong>10. Tarkastuskertomus<\/strong><br \/><strong>11. Ymp\u00e4rist\u00f6normien noudattamista koskeva vakuutus<\/strong><br \/><strong>12. V\u00e4liaikainen vakuutustodistus<\/strong><br \/><strong>13. Verotuksen vastuuvapaus<\/strong><br \/><strong>14. Ajoneuvon historiaraportti<\/strong><\/p>\n<p>\u00a0<\/p>\n<p>\u00a0<\/p>\n\n<h4 style=\"text-align: center;\"><span style=\"color: #003366;\"><strong><span style=\"text-decoration: underline;\">ARTICLE n\u00b06 &#8211; V\u00c9RIFICATION ET RESPONSABILIT\u00c9<\/span><\/strong><\/span><\/h4>\n<p>\u00a0<\/p>\n\n<p>Luovutushetkell\u00e4 laaditaan yhdess\u00e4 asiakkaan kanssa raportti, jossa tarkastetaan luovutetut lis\u00e4varusteet ja asiakirjat (edell\u00e4 mainitut) ja varmistetaan, ett\u00e4 ajoneuvon yleiskunto vastaa kuvausta. Siit\u00e4 hetkest\u00e4 l\u00e4htien, kun asiakas ottaa ajoneuvon haltuunsa, h\u00e4n ottaa t\u00e4yden vastuun kaikista riskeist\u00e4, jotka liittyv\u00e4t mahdolliseen katoamiseen tai vahingoittumiseen.<\/p>\n<p>\u00a0<\/p>\n<p>\u00a0<\/p>\n\n<h4 style=\"text-align: center;\"><span style=\"text-decoration: underline;\"><strong><span style=\"color: #003366; text-decoration: underline;\">ARTICLE n\u00b07 &#8211; GARANTIES<\/span><\/strong><\/span><\/h4>\n<p>\u00a0<\/p>\n\n<p>Kaikissa ajoneuvoissamme on <strong>KAUPALLINEN TAKUU<\/strong> osoitteesta <strong>24 kuukautta<\/strong>takuu, joka tarjoaa laajan suojan t\u00e4rkeimmille mekaanisille ja elektronisille komponenteille. T\u00e4m\u00e4 takuu t\u00e4ytt\u00e4\u00e4 eurooppalaisten s\u00e4\u00e4nn\u00f6sten mukaiset laatu- ja luotettavuusvaatimukset.<\/p>\n<p>\u00a0<\/p>\n<p><span style=\"color: #003366;\"><strong><span style=\"text-decoration: underline;\">TAKUUN PIIRIIN KUULUVAT TUOTTEET:<\/span><\/strong><\/span><br \/><br \/><strong>1. Moottori <\/strong><br \/><strong>2. L\u00e4hetys <\/strong><br \/><strong>3. Jarrutusj\u00e4rjestelm\u00e4<\/strong><br \/><strong>4. Ohjausj\u00e4rjestelm\u00e4<\/strong><br \/><strong>5. Keskeytys<\/strong><br \/><strong>6. S\u00e4hk\u00f6j\u00e4rjestelm\u00e4<\/strong><br \/><strong>7. Ilmastointi<\/strong><br \/><strong>8. Laitteet ja tarvikkeet<\/strong><br \/><strong>9. Ty\u00f6voima<\/strong><\/p>\n<p>\u00a0<\/p>\n\n<p><strong>Heti kun tilauksesi on vahvistettu ja hallinnolliset muodollisuudet on hoidettu, sinulle osoitetaan kotisi l\u00e4hell\u00e4 sijaitseva kumppanikorjaamo, joka suorittaa kaikki takuuseemme kuuluvat korjaukset ja huollot.<\/strong><\/p>\n<p>\u00a0<\/p>\n<p>\u00a0<\/p>\n\n<h4 style=\"text-align: center;\"><span style=\"color: #003366;\"><strong><span style=\"text-decoration: underline;\">ARTICLE n\u00b08 &#8211; CONTR\u00d4LE QUALIT\u00c9 ET INSPECTION<\/span><\/strong><\/span><\/h4>\n<p>\u00a0<\/p>\n\n<p>Ennen verkkoon siirtymist\u00e4 jokainen ajoneuvo k\u00e4y l\u00e4pi autoteollisuuden ammattilaisen tekem\u00e4n tarkan tarkastuksen, jossa tarkastetaan yli 100 kohtaa, mukaan lukien kori, mekaniikka ja estetiikka. Toimituksesta vastaa kokenut kuriiri, joka takaa optimaalisen hoidon, kunnes ajoneuvo luovutetaan asiakkaalle. Kaksi laatutarkastusta suoritetaan j\u00e4rjestelm\u00e4llisesti:<br \/><br \/><strong>1. Logistiikkapuistostamme poistuminen<\/strong><br \/><strong>2. Toimitettaessa asiakkaalle<\/strong><\/p>\n<p>\u00a0<\/p>\n<p>\u00a0<\/p>\n\n<h4 style=\"text-align: center;\"><span style=\"color: #003366;\"><strong><span style=\"text-decoration: underline;\">ARTICLE n\u00b09 &#8211; DROIT DE R\u00c9TRACTATION<\/span><\/strong><\/span><\/h4>\n<p>\u00a0<\/p>\n\n<p>Asiakkailla on 14 p\u00e4iv\u00e4\u00e4 aikaa k\u00e4ytt\u00e4\u00e4 peruuttamisoikeuttaan toimitusp\u00e4iv\u00e4st\u00e4 alkaen ilman velvollisuutta perustella p\u00e4\u00e4t\u00f6st\u00e4\u00e4n ja ilman lis\u00e4kustannuksia. Peruuttamistapauksessa ajoneuvo on palautettava alkuper\u00e4isess\u00e4 kunnossaan, ja sen mukana on oltava kaikki toimituksen yhteydess\u00e4 luovutetut asiakirjat ja lis\u00e4varusteet. Yritys vastaa ajoneuvon palauttamisesta aiheutuvista kustannuksista ja tarkastaa ajoneuvon perusteellisesti ennen mahdollisen palautusmenettelyn aloittamista.<\/p>\n<p>\u00a0<\/p>\n<p>\u00a0<\/p>\n\n<h4 style=\"text-align: center;\"><span style=\"text-decoration: underline;\"><strong><span style=\"color: #003366; text-decoration: underline;\">ARTICLE n\u00b010 &#8211; REMBOURSEMENT<\/span><\/strong><\/span><\/h4>\n<p>\u00a0<\/p>\n\n<p>Peruutustapauksessa yritys sitoutuu palauttamaan kaikki asiakkaan maksamat summat enint\u00e4\u00e4n 14 p\u00e4iv\u00e4n kuluessa edellytt\u00e4en, ett\u00e4 ajoneuvo ja sen lis\u00e4varusteet palautetaan alkuper\u00e4isess\u00e4 kunnossa ilman vaurioita tai muutoksia.<\/p>\n<p>\u00a0<\/p>\n<p>\u00a0<\/p>\n\n<h4 style=\"text-align: center;\"><span style=\"color: #003366;\"><strong><span style=\"text-decoration: underline;\">ARTICLE n\u00b011 &#8211; RETARD DE LIVRAISON<\/span><\/strong><\/span><\/h4>\n<p>\u00a0<\/p>\n\n<p>Jos toimitus viiv\u00e4styy tai j\u00e4\u00e4 toimittamatta Ranskan kuluttajalain L216-2 artiklan ja kuluttajan oikeuksia koskevan direktiivin 2011\/83\/EU mukaisesti, asiakas voi purkaa sopimuksen ja vaatia korvausta, jos yritys ei ole noudattanut sovittua m\u00e4\u00e4r\u00e4aikaa.<br \/>Peruuttaminen voi tapahtua sen j\u00e4lkeen, kun virallinen pyynt\u00f6 on l\u00e4hetetty kirjattuna kirjeen\u00e4 ja saantitodistuksella, jossa edellytet\u00e4\u00e4n, ett\u00e4 toimitus on suoritettava kohtuullisessa ajassa. Jos vastausta tai suoritusta ei ole saatu t\u00e4m\u00e4n m\u00e4\u00e4r\u00e4ajan kuluessa, sopimus voidaan purkaa, ja asiakkaalla on oikeus t\u00e4yteen hyvitykseen sek\u00e4 korvaukseen aiheutuneesta vahingosta.<\/p>\n<p>\u00a0<\/p>\n<p>\u00a0<\/p>\n\n<h4 style=\"text-align: center;\"><span style=\"text-decoration: underline;\"><strong><span style=\"color: #003366; text-decoration: underline;\">ARTICLE n\u00b012 &#8211; ESSAI ET VISUALISATION DU V\u00c9HICULE<\/span><\/strong><\/span><\/h4>\n<p>\u00a0<\/p>\n\n<p>Koska kyseess\u00e4 on verkkokauppa, ajoneuvoa ei ole mahdollista n\u00e4hd\u00e4 tai koeajaa ennen tilauksen tekemist\u00e4. Varmistaaksemme mahdollisimman suuren l\u00e4pin\u00e4kyvyyden tarjoamme kuitenkin yksityiskohtaisia ja realistisia valokuvia, jotta voit tutkia ajoneuvoa k\u00e4yt\u00e4nn\u00f6ss\u00e4 joka kulmasta.<\/p>\n<p>Lis\u00e4ksi jokaisella ostoksella on rahanpalautustakuu, joka on voimassa 14 p\u00e4iv\u00e4\u00e4 toimitusp\u00e4iv\u00e4st\u00e4, sek\u00e4 suoja piilovikoja vastaan.<\/p>\t\t\t\t\t\t\t\t<\/div>\n\t\t\t\t\t<\/div>\n\t\t\t\t<\/div>\n\t\t\t\t<\/div>","protected":false},"excerpt":{"rendered":"<p>MOD\u00c8LE D&rsquo;AFFAIRES\u00a0 \u00a0 Notre mod\u00e8le d\u2019affaires repose sur une strat\u00e9gie innovante centr\u00e9e sur la vente exclusivement en ligne. En \u00e9liminant la gestion d\u2019un entrep\u00f4t physique, nous r\u00e9duisons consid\u00e9rablement les co\u00fbts associ\u00e9s \u00e0 un stock traditionnel. Nos voitures sont soigneusement s\u00e9lectionn\u00e9es issues de stocks exc\u00e9dentaires ou acquises aux conditions du commerce de gros aupr\u00e8s de concessionnaires [&hellip;]<\/p>\n","protected":false},"author":1,"featured_media":0,"parent":0,"menu_order":0,"comment_status":"closed","ping_status":"closed","template":"","meta":{"om_disable_all_campaigns":false,"_monsterinsights_skip_tracking":false,"_monsterinsights_sitenote_active":false,"_monsterinsights_sitenote_note":"","_monsterinsights_sitenote_category":0,"footnotes":""},"class_list":["post-643","page","type-page","status-publish","hentry"],"aioseo_notices":[],"_hostinger_reach_plugin_has_subscription_block":false,"_hostinger_reach_plugin_is_elementor":false,"_links":{"self":[{"href":"https:\/\/gkautogmbh.com\/fi\/wp-json\/wp\/v2\/pages\/643","targetHints":{"allow":["GET"]}}],"collection":[{"href":"https:\/\/gkautogmbh.com\/fi\/wp-json\/wp\/v2\/pages"}],"about":[{"href":"https:\/\/gkautogmbh.com\/fi\/wp-json\/wp\/v2\/types\/page"}],"author":[{"embeddable":true,"href":"https:\/\/gkautogmbh.com\/fi\/wp-json\/wp\/v2\/users\/1"}],"replies":[{"embeddable":true,"href":"https:\/\/gkautogmbh.com\/fi\/wp-json\/wp\/v2\/comments?post=643"}],"version-history":[{"count":242,"href":"https:\/\/gkautogmbh.com\/fi\/wp-json\/wp\/v2\/pages\/643\/revisions"}],"predecessor-version":[{"id":3330,"href":"https:\/\/gkautogmbh.com\/fi\/wp-json\/wp\/v2\/pages\/643\/revisions\/3330"}],"wp:attachment":[{"href":"https:\/\/gkautogmbh.com\/fi\/wp-json\/wp\/v2\/media?parent=643"}],"curies":[{"name":"wp","href":"https:\/\/api.w.org\/{rel}","templated":true}]}}