{"id":643,"date":"2025-07-11T20:39:56","date_gmt":"2025-07-11T20:39:56","guid":{"rendered":"https:\/\/gkautogmbh.com\/?page_id=643"},"modified":"2025-09-15T12:33:50","modified_gmt":"2025-09-15T12:33:50","slug":"opci-uvjeti-prodaje","status":"publish","type":"page","link":"https:\/\/gkautogmbh.com\/hr\/conditions-generales-de-ventes\/","title":{"rendered":"Op\u0107i uvjeti prodaje (OUP)"},"content":{"rendered":"<div data-elementor-type=\"wp-page\" data-elementor-id=\"643\" class=\"elementor elementor-643\" data-elementor-post-type=\"page\">\n\t\t\t\t<div class=\"elementor-element elementor-element-33ca04a4 e-flex e-con-boxed e-con e-parent\" data-id=\"33ca04a4\" data-element_type=\"container\" data-e-type=\"container\" data-settings=\"{&quot;background_background&quot;:&quot;classic&quot;}\">\n\t\t\t\t\t<div class=\"e-con-inner\">\n\t\t\t\t<div class=\"elementor-element elementor-element-5f3e38aa elementor-widget elementor-widget-text-editor\" data-id=\"5f3e38aa\" data-element_type=\"widget\" data-e-type=\"widget\" data-widget_type=\"text-editor.default\">\n\t\t\t\t\t\t\t\t\t\n<h3 class=\"wp-block-heading has-text-align-center\" style=\"text-align: center;\"><strong><span style=\"text-decoration: underline; color: #003366;\">POSLOVNI MODEL<\/span>\u00a0<\/strong><\/h3>\n\n<p>\u00a0<\/p>\n\n<p style=\"text-align: center;\"><span style=\"color: #000000;\"><strong>Na\u0161 poslovni model temelji se na inovativnoj strategiji usmjerenoj isklju\u010divo na online prodaju. Eliminiranjem potrebe za upravljanjem fizi\u010dkim skladi\u0161tem zna\u010dajno smanjujemo tro\u0161kove povezane s tradicionalnim skladi\u0161tenjem.<\/strong><\/span><\/p>\n<p style=\"text-align: center;\"><span style=\"color: #000000;\"><strong>Na\u0161a vozila pa\u017eljivo su odabrana iz vi\u0161ka zaliha ili kupljena po veleprodajnim uvjetima od renomiranih prodava\u010da, \u0161to osigurava iznimnu vrijednost za novac.<\/strong><\/span><\/p>\n<p style=\"text-align: center;\"><span style=\"color: #000000;\"><strong>Zahvaljuju\u0107i ovoj strategiji i na\u0161em isklju\u010divo online modelu prodaje, nudimo vam jednostavno, ekonomi\u010dno iskustvo kupovine koje je savr\u0161eno prilago\u0111eno va\u0161im potrebama.<\/strong><\/span><\/p>\n<p>\u00a0<\/p>\n\n<h3 class=\"wp-block-heading has-text-align-center\" style=\"text-align: center;\"><strong><span style=\"text-decoration: underline; color: #003366;\">VA\u017dNO<\/span><\/strong><\/h3>\n<p>\u00a0<\/p>\n\n<p style=\"text-align: center;\"><span style=\"color: #003300;\"><strong>Potvr\u0111ujete da ste punoljetni i pravno sposobni sklopiti ugovor. Molimo pa\u017eljivo pro\u010ditajte na\u0161e Op\u0107e uvjete prodaje (GTC) koji detaljno opisuju korake koje trebate slijediti i dovr\u0161iti za dovr\u0161etak kupnje.<\/strong><\/span><\/p>\n<p>\u00a0<\/p>\n<p>\u00a0<\/p>\n\n<h4 style=\"text-align: center;\"><strong><span style=\"text-decoration: underline; color: #003366;\">ARTICLE n\u00b01 &#8211; D\u00c9LAI DE LIVRAISON<\/span><\/strong><\/h4>\n<p>\u00a0<\/p>\n\n<p>Na\u0161e isporuke se vr\u0161e pod <b>5<\/b>\u00a0ima\u00a0<b>7<\/b> radni dani svugdje u <b>Kontinentalna Europa.<\/b> Vozila se prevoze kamionima, \u010dime se osigurava njihova sigurnost i za\u0161tita. Za oto\u010dne destinacije <b>(kao \u0161to su Reunion, Madeira, Guadeloupe, Porto Santo, Martinique, Azori, S\u00e3o Jorge itd.)<\/b>\u00a0vrijeme isporuke procjenjuje se izme\u0111u <b>14<\/b> I <b>21<\/b>\u00a0radni dani.<\/p>\n<p>\u00a0<\/p>\n<p>\u00a0<\/p>\n<p>\u00a0<\/p>\n\n<h4 style=\"text-align: center;\"><strong><span style=\"text-decoration: underline; color: #003366;\">ARTICLE n\u00b02 &#8211; FRAIS DE LIVRAISON<\/span><\/strong><\/h4>\n<p>\u00a0<\/p>\n\n<p>1 \u2013 Kontinentalna Europa: <strong>500 \u20ac<\/strong><br \/>2 \u2013 Oto\u010dne destinacije (<strong>Reunion, Madeira, Guadeloupe, Porto Santo, Martinique, Azori, S\u00e3o Jorge itd.<\/strong>) : <strong>1 200 \u20ac<\/strong><\/p>\n<p>\u00a0<\/p>\n<p>\u00a0<\/p>\n\n<h4 style=\"text-align: center;\"><span style=\"color: #003366;\"><strong><span style=\"text-decoration: underline;\">ARTICLE n\u00b03 &#8211; MODES DE PAIEMENT<\/span><\/strong><\/span><\/h4>\n<p>\u00a0<\/p>\n\n<p>Sva na\u0161a pla\u0107anja vr\u0161e se isklju\u010divo putem <b>bankovni prijenos<\/b>Komercijalni popust od <b>10 %<\/b> primjenjuje se na prodajnu cijenu vozila u slu\u010daju potpune uplate prilikom narud\u017ebe. <b>Tro\u0161kovi dostave nisu pogo\u0111eni ovim popustom.<\/b><\/p>\n<p>\u00a0<\/p>\n<p>\u00a0<\/p>\n<p>\u00a0<\/p>\n\n<h4 style=\"text-align: center;\"><span style=\"text-decoration: underline; color: #003366;\"><strong>ARTICLE n\u00b04 &#8211; PROCESSUS DE COMMANDE<\/strong><\/span><\/h4>\n<p>\u00a0<\/p>\n\n<p><strong>1 &#8211;<\/strong> Za narud\u017ebu vozila, <b>Narud\u017ebenica<\/b>\u00a0kao i\u00a0<b>Ugovor o prodaji<\/b>\u00a0moraju ga uspostaviti i potpisati obje strane.<br \/><br \/><strong>2 &#8211;<\/strong> Kako bi se nastavilo s uspostavom narud\u017ebenice i kupoprodajnog ugovora, kao i upravljanjem postupcima uvoza\/izvoza, a\u017euriranjem prometne dozvole i dokumenata vozila, kupac mora dostaviti sljede\u0107e elemente:<br \/><br \/><b>\u2013 Nedavna kopija dokaza o adresi (ra\u010dun za struju, plin, vodu, porezna obavijest, ra\u010dun za najamninu itd.):<\/b><br \/><b>\u2013 Kopiju obje strane va\u0161eg identifikacijskog dokumenta:<\/b><br \/><b>\u2013 Njegova puna adresa stanovanja:<\/b><br \/><b>\u2013 Njegov broj mobitela:<\/b><br \/><b>\u2013 Njihova va\u017ee\u0107a adresa e-po\u0161te:<\/b><br \/><br \/>Ove informacije su potrebne kako bi se osigurala administrativna uskla\u0111enost i osigurala u\u010dinkovita obrada narud\u017ebe.<br \/><br \/><strong>3 &#8211;<\/strong> Za vozila s vrijedno\u0161\u0107u <b>DONJI<\/b>\u00a0ima\u00a0<b>10 000 \u20ac<\/b>\u00a0: polog koji odgovara\u00a0<b>80 %<\/b> prodajna cijena vozila, kojoj se dodaju primjenjivi tro\u0161kovi dostave <b>(500 \u20ac ili 1200 \u20ac) <\/b>potreban je prilikom narud\u017ebe. Preostali iznos <b>20 %<\/b> mora se platiti na kraju probnog razdoblja\u00a0<b>14 dana<\/b>.<br \/><br \/><strong>4 &#8211;<\/strong> Za vozila s vrijedno\u0161\u0107u <b>VRHUNSKI<\/b>\u00a0ima\u00a0<b>10 000 \u20ac<\/b> : polog koji odgovara\u00a0<b>30 %<\/b> prodajna cijena vozila, kojoj se dodaju primjenjivi tro\u0161kovi dostave <b>(500 \u20ac ili 1200 \u20ac) <\/b>potreban je prilikom narud\u017ebe. Preostali iznos <b>70 %<\/b> mora se platiti na kraju probnog razdoblja\u00a0<b>14 dana<\/b>.<br \/><br \/><strong>5 \u2013 Ukupna uplata<\/strong> : puno pla\u0107anje ukupnog iznosa prilikom narud\u017ebe.<br \/>Ovaj iznos uklju\u010duje cijenu vozila kao i primjenjive tro\u0161kove dostave. <strong>(500 \u20ac ili 1200 \u20ac)<\/strong>.<br \/><br \/><span style=\"text-decoration: underline;\"><strong>PREDNOST<\/strong><\/span> : za sve <strong>ukupna uplata<\/strong> prilikom narud\u017ebe ostvarujete komercijalni popust od <strong>10 %<\/strong> na cijenu vozila. <strong>Tro\u0161kovi dostave nisu pogo\u0111eni ovim popustom.<\/strong><\/p>\n<p>\u00a0<\/p>\n<p>\u00a0<\/p>\n\n<h4 style=\"text-align: center;\"><span style=\"color: #003366;\"><strong><span style=\"text-decoration: underline;\">ARTICLE n\u00b05 &#8211; DOCUMENTS ET SUIVI<\/span><\/strong><\/span><\/h4>\n<p>\u00a0<\/p>\n\n<p>Za vozila uvezena iz Njema\u010dke u drugu zemlju Europske unije, administrativni dokumenti, uklju\u010duju\u0107i registracijsku dozvolu i sve ostale dokumente, bit \u0107e a\u017eurirani na ime novog vlasnika u skladu s regulatornim zahtjevima zemlje odredi\u0161ta. Mi se brinemo o svim administrativnim postupcima vezanim uz kupnju vozila, uklju\u010duju\u0107i:<br \/><br \/><strong>\u2714 A\u017euriranje dokumenata na ime novog kupca\u00a0<\/strong><br \/><strong>\u2714 Registracija i osiguranje\u00a0<\/strong><br \/><strong>\u2714 Sve formalnosti potrebne za dostavu na ku\u0107nu adresu<\/strong><br \/><br \/>Vozilo \u0107e biti isporu\u010deno s privremenom registracijom, a kona\u010dna registracija bit \u0107e kupcu dana u roku od najvi\u0161e 14 dana nakon isporuke, \u0161to odgovara probnom razdoblju. Uklju\u010deno je i 30-dnevno privremeno osiguranje koje se mo\u017ee obnoviti ili zamijeniti kona\u010dnim osiguranjem prije isteka.<br \/><br \/><\/p>\n<p><strong><span style=\"text-decoration: underline; color: #003366;\">DOKUMENTI DOSTUPNI PRI DOSTAVI:<\/span><\/strong><\/p>\n<p>\u00a0<\/p>\n<p><strong>1. Dokument o registraciji vozila<\/strong><br \/><strong>2. Potvrda o sukladnosti<\/strong><br \/><strong>3. Izvje\u0161\u0107e o tehni\u010dkom pregledu<\/strong><br \/><strong>4. Potvrda o prijenosu<\/strong><br \/><strong>5. Ra\u010dun za kupnju<\/strong><br \/><strong>6. Dnevnik odr\u017eavanja<\/strong><br \/><strong>7. Klju\u010devi vozila<\/strong><br \/><strong>8. Korisni\u010dki priru\u010dnik<\/strong><br \/><strong>9. Jamstveni list<\/strong><br \/><strong>10. Izvje\u0161\u0107e o inspekciji<\/strong><br \/><strong>11. Izjava o uskla\u0111enosti s ekolo\u0161kim standardima<\/strong><br \/><strong>12. Privremena potvrda o osiguranju<\/strong><br \/><strong>13. Porezna prijava<\/strong><br \/><strong>14. Izvje\u0161\u0107e o povijesti vozila<\/strong><\/p>\n<p>\u00a0<\/p>\n<p>\u00a0<\/p>\n\n<h4 style=\"text-align: center;\"><span style=\"color: #003366;\"><strong><span style=\"text-decoration: underline;\">ARTICLE n\u00b06 &#8211; V\u00c9RIFICATION ET RESPONSABILIT\u00c9<\/span><\/strong><\/span><\/h4>\n<p>\u00a0<\/p>\n\n<p>Prilikom isporuke, zajedno s kupcem sastavlja se zapisnik kako bi se provjerila dostavljena oprema i dokumenti (gore navedeni) te kako bi se osiguralo da op\u0107e stanje vozila odgovara opisnom listu. Od trenutka preuzimanja vozila, kupac preuzima punu odgovornost za sve rizike povezane s bilo kakvim gubitkom ili o\u0161te\u0107enjem.<\/p>\n<p>\u00a0<\/p>\n<p>\u00a0<\/p>\n\n<h4 style=\"text-align: center;\"><span style=\"text-decoration: underline;\"><strong><span style=\"color: #003366; text-decoration: underline;\">ARTICLE n\u00b07 &#8211; GARANTIES<\/span><\/strong><\/span><\/h4>\n<p>\u00a0<\/p>\n\n<p>Sva na\u0161a vozila imaju koristi od <strong>KOMERCIJALNO JAMSTVO<\/strong> od <strong>24 mjeseca<\/strong>, nude\u0107i opse\u017enu za\u0161titu glavnih mehani\u010dkih i elektroni\u010dkih komponenti. Ovo jamstvo zadovoljava standarde kvalitete i pouzdanosti utvr\u0111ene europskim propisima.<\/p>\n<p>\u00a0<\/p>\n<p><span style=\"color: #003366;\"><strong><span style=\"text-decoration: underline;\">STAVKE POKRIVENE NA\u0160IM JAMSTVOM:<\/span><\/strong><\/span><br \/><br \/><strong>1. Motor <\/strong><br \/><strong>2. Prijenos <\/strong><br \/><strong>3. Ko\u010dioni sustav<\/strong><br \/><strong>4. Sustav upravljanja<\/strong><br \/><strong>5. Ovjes<\/strong><br \/><strong>6. Elektri\u010dni sustav<\/strong><br \/><strong>7. Klima ure\u0111aj<\/strong><br \/><strong>8. Oprema i pribor<\/strong><br \/><strong>9. Rad<\/strong><\/p>\n<p>\u00a0<\/p>\n\n<p><strong>Nakon \u0161to va\u0161a narud\u017eba bude potvr\u0111ena i administrativni postupci dovr\u0161eni, bit \u0107e vam dodijeljena partnerska gara\u017ea u blizini va\u0161eg doma za obavljanje svih popravaka i odr\u017eavanja pokrivenih na\u0161im jamstvom.<\/strong><\/p>\n<p>\u00a0<\/p>\n<p>\u00a0<\/p>\n\n<h4 style=\"text-align: center;\"><span style=\"color: #003366;\"><strong><span style=\"text-decoration: underline;\">ARTICLE n\u00b08 &#8211; CONTR\u00d4LE QUALIT\u00c9 ET INSPECTION<\/span><\/strong><\/span><\/h4>\n<p>\u00a0<\/p>\n\n<p>Prije nego \u0161to se vozilo pojavi na tr\u017ei\u0161tu, ono prolazi rigoroznu inspekciju koju provodi automobilski stru\u010dnjak, a koja pokriva vi\u0161e od 100 kontrolnih to\u010daka, uklju\u010duju\u0107i karoseriju, mehaniku i estetiku. Dostavu obavlja iskusni kurir, osiguravaju\u0107i optimalnu njegu sve dok se vozilo ne preda kupcu. Sustavno se provode dvije provjere kvalitete:<br \/><br \/><strong>1. Na izlazu iz na\u0161eg logisti\u010dkog parka<\/strong><br \/><strong>2. U trenutku isporuke kupcu<\/strong><\/p>\n<p>\u00a0<\/p>\n<p>\u00a0<\/p>\n\n<h4 style=\"text-align: center;\"><span style=\"color: #003366;\"><strong><span style=\"text-decoration: underline;\">ARTICLE n\u00b09 &#8211; DROIT DE R\u00c9TRACTATION<\/span><\/strong><\/span><\/h4>\n<p>\u00a0<\/p>\n\n<p>Kupac ima 14 dana od datuma isporuke da iskoristi svoje pravo na odustajanje od kupnje, bez obveze navo\u0111enja razloga i bez dodatnih tro\u0161kova. U slu\u010daju odustajanja, vozilo mora biti vra\u0107eno u izvornom stanju, uz svu dokumentaciju i pribor dostavljen prilikom isporuke. Tvrtka \u0107e pokriti tro\u0161kove povrata i provesti potpuni pregled vozila prije pokretanja bilo kakvog postupka povrata novca.<\/p>\n<p>\u00a0<\/p>\n<p>\u00a0<\/p>\n\n<h4 style=\"text-align: center;\"><span style=\"text-decoration: underline;\"><strong><span style=\"color: #003366; text-decoration: underline;\">ARTICLE n\u00b010 &#8211; REMBOURSEMENT<\/span><\/strong><\/span><\/h4>\n<p>\u00a0<\/p>\n\n<p>U slu\u010daju odustajanja od ugovora, tvrtka se obvezuje vratiti sve upla\u0107ene iznose od strane kupca u roku od najvi\u0161e 14 dana, pod uvjetom da se vozilo i njegova kompletna oprema vrate u prvobitnom stanju bez o\u0161te\u0107enja ili preinaka.<\/p>\n<p>\u00a0<\/p>\n<p>\u00a0<\/p>\n\n<h4 style=\"text-align: center;\"><span style=\"color: #003366;\"><strong><span style=\"text-decoration: underline;\">ARTICLE n\u00b011 &#8211; RETARD DE LIVRAISON<\/span><\/strong><\/span><\/h4>\n<p>\u00a0<\/p>\n\n<p>U slu\u010daju ka\u0161njenja u isporuci ili neisporuke, u skladu s \u010dlankom L216-2 Zakonika o za\u0161titi potro\u0161a\u010da i Direktivom 2011\/83\/EU o pravima potro\u0161a\u010da, kupac mo\u017ee raskinuti ugovor i zatra\u017eiti od\u0161tetu ako tvrtka nije po\u0161tovala dogovoreni rok.<br \/>Do ovog otkazivanja mo\u017ee do\u0107i nakon slanja formalnog zahtjeva preporu\u010denim pismom s potvrdom primitka, kojim se zahtijeva dostava u razumnom roku. U nedostatku odgovora ili dostave u tom roku, ugovor se mo\u017ee raskinuti, a kupac \u0107e imati pravo na puni povrat novca kao i naknadu za eventualnu pretrpljenu \u0161tetu.<\/p>\n<p>\u00a0<\/p>\n<p>\u00a0<\/p>\n\n<h4 style=\"text-align: center;\"><span style=\"text-decoration: underline;\"><strong><span style=\"color: #003366; text-decoration: underline;\">ARTICLE n\u00b012 &#8211; ESSAI ET VISUALISATION DU V\u00c9HICULE<\/span><\/strong><\/span><\/h4>\n<p>\u00a0<\/p>\n\n<p>Budu\u0107i da se radi o online kupnji, nije mogu\u0107e pregledati ili isprobati vozilo prije narud\u017ebe. Me\u0111utim, kako bismo osigurali maksimalnu transparentnost, pru\u017eamo detaljne i realisti\u010dne fotografije koje vam omogu\u0107uju da vozilo pregledate gotovo iz svih kutova.<\/p>\n<p>Osim toga, svaka kupnja pokrivena je jamstvom \u201ezadovoljstva ili povrata novca\u201c koje vrijedi 14 dana od datuma isporuke, kao i za\u0161titom od skrivenih nedostataka.<\/p>\t\t\t\t\t\t\t\t<\/div>\n\t\t\t\t\t<\/div>\n\t\t\t\t<\/div>\n\t\t\t\t<\/div>","protected":false},"excerpt":{"rendered":"<p>MOD\u00c8LE D&rsquo;AFFAIRES\u00a0 \u00a0 Notre mod\u00e8le d\u2019affaires repose sur une strat\u00e9gie innovante centr\u00e9e sur la vente exclusivement en ligne. En \u00e9liminant la gestion d\u2019un entrep\u00f4t physique, nous r\u00e9duisons consid\u00e9rablement les co\u00fbts associ\u00e9s \u00e0 un stock traditionnel. Nos voitures sont soigneusement s\u00e9lectionn\u00e9es issues de stocks exc\u00e9dentaires ou acquises aux conditions du commerce de gros aupr\u00e8s de concessionnaires [&hellip;]<\/p>\n","protected":false},"author":1,"featured_media":0,"parent":0,"menu_order":0,"comment_status":"closed","ping_status":"closed","template":"","meta":{"om_disable_all_campaigns":false,"_monsterinsights_skip_tracking":false,"_monsterinsights_sitenote_active":false,"_monsterinsights_sitenote_note":"","_monsterinsights_sitenote_category":0,"footnotes":""},"class_list":["post-643","page","type-page","status-publish","hentry"],"aioseo_notices":[],"_hostinger_reach_plugin_has_subscription_block":false,"_hostinger_reach_plugin_is_elementor":false,"_links":{"self":[{"href":"https:\/\/gkautogmbh.com\/hr\/wp-json\/wp\/v2\/pages\/643","targetHints":{"allow":["GET"]}}],"collection":[{"href":"https:\/\/gkautogmbh.com\/hr\/wp-json\/wp\/v2\/pages"}],"about":[{"href":"https:\/\/gkautogmbh.com\/hr\/wp-json\/wp\/v2\/types\/page"}],"author":[{"embeddable":true,"href":"https:\/\/gkautogmbh.com\/hr\/wp-json\/wp\/v2\/users\/1"}],"replies":[{"embeddable":true,"href":"https:\/\/gkautogmbh.com\/hr\/wp-json\/wp\/v2\/comments?post=643"}],"version-history":[{"count":242,"href":"https:\/\/gkautogmbh.com\/hr\/wp-json\/wp\/v2\/pages\/643\/revisions"}],"predecessor-version":[{"id":3330,"href":"https:\/\/gkautogmbh.com\/hr\/wp-json\/wp\/v2\/pages\/643\/revisions\/3330"}],"wp:attachment":[{"href":"https:\/\/gkautogmbh.com\/hr\/wp-json\/wp\/v2\/media?parent=643"}],"curies":[{"name":"radni list","href":"https:\/\/api.w.org\/{rel}","templated":true}]}}