{"id":643,"date":"2025-07-11T20:39:56","date_gmt":"2025-07-11T20:39:56","guid":{"rendered":"https:\/\/gkautogmbh.com\/?page_id=643"},"modified":"2025-09-15T12:33:50","modified_gmt":"2025-09-15T12:33:50","slug":"condizioni-generali-di-vendita","status":"publish","type":"page","link":"https:\/\/gkautogmbh.com\/it\/conditions-generales-de-ventes\/","title":{"rendered":"Condizioni generali di vendita (GTCS)"},"content":{"rendered":"<div data-elementor-type=\"wp-page\" data-elementor-id=\"643\" class=\"elementor elementor-643\" data-elementor-post-type=\"page\">\n\t\t\t\t<div class=\"elementor-element elementor-element-33ca04a4 e-flex e-con-boxed e-con e-parent\" data-id=\"33ca04a4\" data-element_type=\"container\" data-e-type=\"container\" data-settings=\"{&quot;background_background&quot;:&quot;classic&quot;}\">\n\t\t\t\t\t<div class=\"e-con-inner\">\n\t\t\t\t<div class=\"elementor-element elementor-element-5f3e38aa elementor-widget elementor-widget-text-editor\" data-id=\"5f3e38aa\" data-element_type=\"widget\" data-e-type=\"widget\" data-widget_type=\"text-editor.default\">\n\t\t\t\t\t\t\t\t\t\n<h3 class=\"wp-block-heading has-text-align-center\" style=\"text-align: center;\"><strong><span style=\"text-decoration: underline; color: #003366;\">MODELLO AZIENDALE<\/span>\u00a0<\/strong><\/h3>\n\n<p>\u00a0<\/p>\n\n<p style=\"text-align: center;\"><span style=\"color: #000000;\"><strong>Il nostro modello di business si basa su una strategia innovativa incentrata sulla vendita esclusivamente online. Eliminando la necessit\u00e0 di gestire un magazzino fisico, riduciamo significativamente i costi associati a un magazzino tradizionale.<\/strong><\/span><\/p>\n<p style=\"text-align: center;\"><span style=\"color: #000000;\"><strong>Le nostre auto sono accuratamente selezionate da stock in eccedenza o acquistate all'ingrosso da rinomati concessionari, garantendo un eccezionale rapporto qualit\u00e0-prezzo.<\/strong><\/span><\/p>\n<p style=\"text-align: center;\"><span style=\"color: #000000;\"><strong>Grazie a questa strategia e al nostro modello di vendita esclusivamente online, siamo in grado di offrirvi un'esperienza d'acquisto semplice e conveniente, perfettamente adattata alle vostre esigenze.<\/strong><\/span><\/p>\n<p>\u00a0<\/p>\n\n<h3 class=\"wp-block-heading has-text-align-center\" style=\"text-align: center;\"><strong><span style=\"text-decoration: underline; color: #003366;\">IMPORTANTE<\/span><\/strong><\/h3>\n<p>\u00a0<\/p>\n\n<p style=\"text-align: center;\"><span style=\"color: #003300;\"><strong>L'utente dichiara di essere maggiorenne e legalmente in grado di stipulare un contratto. Si prega di leggere attentamente le nostre CONDIZIONI GENERALI DI VENDITA (CGV), che descrivono in dettaglio i passi da compiere per completare l'acquisto.<\/strong><\/span><\/p>\n<p>\u00a0<\/p>\n<p>\u00a0<\/p>\n\n<h4 style=\"text-align: center;\"><strong><span style=\"text-decoration: underline; color: #003366;\">ARTICLE n\u00b01 &#8211; D\u00c9LAI DE LIVRAISON<\/span><\/strong><\/h4>\n<p>\u00a0<\/p>\n\n<p>Le nostre consegne vengono effettuate sotto <b>5<\/b>\u00a0\u00e0\u00a0<b>7<\/b> giorni lavorativi ovunque in <b>Europa continentale.<\/b> I veicoli vengono trasportati su camion, garantendo la loro sicurezza e protezione. Per le destinazioni insulari <b>(come Riunione, Madeira, Guadalupa, Porto Santo, Martinica, Azzorre, S\u00e3o Jorge, ecc.)<\/b>\u00a0il tempo di consegna previsto \u00e8 tra <b>14<\/b> e <b>21<\/b>\u00a0giorni lavorativi.<\/p>\n<p>\u00a0<\/p>\n<p>\u00a0<\/p>\n<p>\u00a0<\/p>\n\n<h4 style=\"text-align: center;\"><strong><span style=\"text-decoration: underline; color: #003366;\">ARTICLE n\u00b02 &#8211; FRAIS DE LIVRAISON<\/span><\/strong><\/h4>\n<p>\u00a0<\/p>\n\n<p>1 - Europa continentale : <strong>500 \u20ac<\/strong><br \/>2 - Destinazioni delle isole (<strong>Reunion, Madeira, Guadalupa, Porto Santo, Martinica, Azzorre, S\u00e3o Jorge, ecc.<\/strong>) : <strong>1 200 \u20ac<\/strong><\/p>\n<p>\u00a0<\/p>\n<p>\u00a0<\/p>\n\n<h4 style=\"text-align: center;\"><span style=\"color: #003366;\"><strong><span style=\"text-decoration: underline;\">ARTICLE n\u00b03 &#8211; MODES DE PAIEMENT<\/span><\/strong><\/span><\/h4>\n<p>\u00a0<\/p>\n\n<p>Tutti i nostri pagamenti vengono effettuati esclusivamente tramite <b>bonifico bancario<\/b>. Uno sconto commerciale di <b>10 %<\/b> viene applicato al prezzo di vendita del veicolo se il pagamento viene effettuato per intero al momento dell'ordine. <b>Le spese di spedizione non sono incluse nello sconto.<\/b><\/p>\n<p>\u00a0<\/p>\n<p>\u00a0<\/p>\n<p>\u00a0<\/p>\n\n<h4 style=\"text-align: center;\"><span style=\"text-decoration: underline; color: #003366;\"><strong>ARTICLE n\u00b04 &#8211; PROCESSUS DE COMMANDE<\/strong><\/span><\/h4>\n<p>\u00a0<\/p>\n\n<p><strong>1 &#8211;<\/strong> Per ordinare un veicolo, un <b>Modulo d'ordine<\/b>\u00a0cos\u00ec come un\u00a0<b>Contratto di vendita<\/b>\u00a0deve essere redatto e firmato da entrambe le parti.<br \/><br \/><strong>2 &#8211;<\/strong> Per redigere il Modulo d'ordine e il Contratto di vendita, gestire le procedure di importazione\/esportazione e aggiornare la carta di circolazione e i documenti, il cliente deve fornire le seguenti informazioni:<br \/><br \/><b>- Una copia recente di un documento che attesti l'indirizzo (bolletta dell'elettricit\u00e0, del gas o dell'acqua, accertamento fiscale, ricevuta d'affitto, ecc:)<\/b><br \/><b>- Una copia di entrambi i lati della carta d'identit\u00e0:<\/b><br \/><b>- Il vostro indirizzo completo di casa :<\/b><br \/><b>- Numero di cellulare :<\/b><br \/><b>- Un indirizzo e-mail valido :<\/b><br \/><br \/>Queste informazioni sono necessarie per garantire la conformit\u00e0 amministrativa e l'efficiente elaborazione degli ordini.<br \/><br \/><strong>3 &#8211;<\/strong> Per i veicoli di valore <b>PI\u00d9 BASSO<\/b>\u00a0\u00e0\u00a0<b>10 000 \u20ac<\/b>\u00a0un deposito di\u00a0<b>80 %<\/b> il prezzo di vendita del veicolo, pi\u00f9 eventuali spese di consegna applicabili <b>(500 o 1.200 euro) <\/b>\u00e8 richiesto al momento dell'ordine. Il saldo di <b>20 %<\/b> deve essere pagata alla fine del periodo di prova di\u00a0<b>14 giorni<\/b>.<br \/><br \/><strong>4 &#8211;<\/strong> Per i veicoli di valore <b>TOP<\/b>\u00a0\u00e0\u00a0<b>10 000 \u20ac<\/b> un deposito di\u00a0<b>30 %<\/b> il prezzo di vendita del veicolo, pi\u00f9 eventuali spese di consegna applicabili <b>(500 o 1.200 euro) <\/b>\u00e8 richiesto al momento dell'ordine. Il saldo di <b>70 %<\/b> deve essere pagata alla fine del periodo di prova di\u00a0<b>14 giorni<\/b>.<br \/><br \/><strong>5 - Pagamento completo<\/strong> pagamento completo al momento dell'ordine.<br \/>Questo importo comprende il prezzo del veicolo e le spese di consegna applicabili. <strong>(500 o 1.200 euro)<\/strong>.<br \/><br \/><span style=\"text-decoration: underline;\"><strong>VANTAGGIO<\/strong><\/span> per tutti <strong>pagamento completo<\/strong> al momento dell'ordine, beneficerete di uno sconto commerciale pari a <strong>10 %<\/strong> sul prezzo del veicolo. <strong>Le spese di spedizione non sono incluse nello sconto.<\/strong><\/p>\n<p>\u00a0<\/p>\n<p>\u00a0<\/p>\n\n<h4 style=\"text-align: center;\"><span style=\"color: #003366;\"><strong><span style=\"text-decoration: underline;\">ARTICLE n\u00b05 &#8211; DOCUMENTS ET SUIVI<\/span><\/strong><\/span><\/h4>\n<p>\u00a0<\/p>\n\n<p>Per i veicoli importati dalla Germania in un altro Paese dell'UE, i documenti amministrativi, tra cui il libretto di circolazione e qualsiasi altro documento, saranno aggiornati a nome del nuovo proprietario in conformit\u00e0 con i requisiti normativi del Paese di destinazione. Ci occupiamo di tutte le formalit\u00e0 amministrative legate all'acquisto del veicolo, tra cui..:<br \/><br \/><strong>Aggiornamento dei documenti a nome del nuovo acquirente\u00a0<\/strong><br \/><strong>Registrazione e assicurazione\u00a0<\/strong><br \/><strong>Tutte le formalit\u00e0 necessarie per la consegna a domicilio<\/strong><br \/><br \/>Il veicolo sar\u00e0 consegnato con un'immatricolazione provvisoria e l'immatricolazione definitiva sar\u00e0 consegnata al cliente entro un massimo di 14 giorni dalla consegna, corrispondenti al periodo di prova. \u00c8 inclusa anche una polizza assicurativa provvisoria di 30 giorni, da rinnovare o sostituire con una polizza definitiva prima della scadenza.<br \/><br \/><\/p>\n<p><strong><span style=\"text-decoration: underline; color: #003366;\">DOCUMENTI DISPONIBILI ALLA CONSEGNA:<\/span><\/strong><\/p>\n<p>\u00a0<\/p>\n<p><strong>1. Documento di immatricolazione del veicolo<\/strong><br \/><strong>2. Certificato di conformit\u00e0<\/strong><br \/><strong>3. Rapporto di ispezione tecnica<\/strong><br \/><strong>4. Certificato di trasferimento<\/strong><br \/><strong>5. Fattura d'acquisto<\/strong><br \/><strong>6. Libretto di manutenzione<\/strong><br \/><strong>7. Chiavi del veicolo<\/strong><br \/><strong>8. Manuale d'uso<\/strong><br \/><strong>9. Certificato di garanzia<\/strong><br \/><strong>10. Rapporto di ispezione<\/strong><br \/><strong>11. Dichiarazione di conformit\u00e0 agli standard ambientali<\/strong><br \/><strong>12. Certificato di assicurazione provvisorio<\/strong><br \/><strong>13. Scarico fiscale<\/strong><br \/><strong>14. Rapporto sulla storia del veicolo<\/strong><\/p>\n<p>\u00a0<\/p>\n<p>\u00a0<\/p>\n\n<h4 style=\"text-align: center;\"><span style=\"color: #003366;\"><strong><span style=\"text-decoration: underline;\">ARTICLE n\u00b06 &#8211; V\u00c9RIFICATION ET RESPONSABILIT\u00c9<\/span><\/strong><\/span><\/h4>\n<p>\u00a0<\/p>\n\n<p>Al momento della consegna, viene redatto un verbale insieme al cliente per verificare gli accessori e i documenti consegnati (di cui sopra) e per assicurarsi che le condizioni generali del veicolo corrispondano alla descrizione. Dal momento in cui il cliente prende possesso del veicolo, si assume la piena responsabilit\u00e0 di tutti i rischi legati a eventuali perdite o danni.<\/p>\n<p>\u00a0<\/p>\n<p>\u00a0<\/p>\n\n<h4 style=\"text-align: center;\"><span style=\"text-decoration: underline;\"><strong><span style=\"color: #003366; text-decoration: underline;\">ARTICLE n\u00b07 &#8211; GARANTIES<\/span><\/strong><\/span><\/h4>\n<p>\u00a0<\/p>\n\n<p>Tutti i nostri veicoli sono dotati di un <strong>GARANZIA COMMERCIALE<\/strong> da <strong>24 mesi<\/strong>che offre un'ampia protezione dei principali componenti meccanici ed elettronici. Questa garanzia soddisfa gli standard di qualit\u00e0 e affidabilit\u00e0 stabiliti dalle normative europee.<\/p>\n<p>\u00a0<\/p>\n<p><span style=\"color: #003366;\"><strong><span style=\"text-decoration: underline;\">ARTICOLI COPERTI DALLA NOSTRA GARANZIA:<\/span><\/strong><\/span><br \/><br \/><strong>1. Il motore <\/strong><br \/><strong>2. Trasmissione <\/strong><br \/><strong>3. Sistema frenante<\/strong><br \/><strong>4. Sistema di sterzo<\/strong><br \/><strong>5. Sospensione<\/strong><br \/><strong>6. Sistema elettrico<\/strong><br \/><strong>7. Aria condizionata<\/strong><br \/><strong>8. Attrezzature e accessori<\/strong><br \/><strong>9. La forza lavoro<\/strong><\/p>\n<p>\u00a0<\/p>\n\n<p><strong>Non appena l'ordine \u00e8 stato confermato e le formalit\u00e0 amministrative sono state completate, vi verr\u00e0 assegnata un'officina partner vicina al vostro domicilio per eseguire tutte le riparazioni e la manutenzione coperte dalla nostra garanzia.<\/strong><\/p>\n<p>\u00a0<\/p>\n<p>\u00a0<\/p>\n\n<h4 style=\"text-align: center;\"><span style=\"color: #003366;\"><strong><span style=\"text-decoration: underline;\">ARTICLE n\u00b08 &#8211; CONTR\u00d4LE QUALIT\u00c9 ET INSPECTION<\/span><\/strong><\/span><\/h4>\n<p>\u00a0<\/p>\n\n<p>Prima di essere messo in vendita, ogni veicolo viene sottoposto a una rigorosa ispezione da parte di un professionista del settore automobilistico che copre pi\u00f9 di 100 punti di controllo, tra cui carrozzeria, meccanica ed estetica. La consegna viene effettuata da un corriere esperto, che garantisce una cura ottimale fino alla consegna del veicolo al cliente. Vengono effettuati sistematicamente due controlli di qualit\u00e0:<br \/><br \/><strong>1. Lasciare il nostro parco logistico<\/strong><br \/><strong>2. Alla consegna al cliente<\/strong><\/p>\n<p>\u00a0<\/p>\n<p>\u00a0<\/p>\n\n<h4 style=\"text-align: center;\"><span style=\"color: #003366;\"><strong><span style=\"text-decoration: underline;\">ARTICLE n\u00b09 &#8211; DROIT DE R\u00c9TRACTATION<\/span><\/strong><\/span><\/h4>\n<p>\u00a0<\/p>\n\n<p>Il cliente ha a disposizione un periodo di 14 giorni dalla data di consegna per esercitare il diritto di recesso, senza alcun obbligo di giustificare la propria decisione e senza costi aggiuntivi. In caso di recesso, il veicolo deve essere restituito nelle sue condizioni originali, accompagnato da tutti i documenti e gli accessori consegnati al momento della consegna. L'azienda si far\u00e0 carico delle spese di restituzione del veicolo ed effettuer\u00e0 un esame completo del veicolo prima di avviare qualsiasi procedura di rimborso.<\/p>\n<p>\u00a0<\/p>\n<p>\u00a0<\/p>\n\n<h4 style=\"text-align: center;\"><span style=\"text-decoration: underline;\"><strong><span style=\"color: #003366; text-decoration: underline;\">ARTICLE n\u00b010 &#8211; REMBOURSEMENT<\/span><\/strong><\/span><\/h4>\n<p>\u00a0<\/p>\n\n<p>In caso di recesso, la societ\u00e0 si impegna a rimborsare tutte le somme versate dal cliente entro un termine massimo di 14 giorni, a condizione che il veicolo e i suoi accessori vengano restituiti nelle condizioni originali, senza danni o alterazioni.<\/p>\n<p>\u00a0<\/p>\n<p>\u00a0<\/p>\n\n<h4 style=\"text-align: center;\"><span style=\"color: #003366;\"><strong><span style=\"text-decoration: underline;\">ARTICLE n\u00b011 &#8211; RETARD DE LIVRAISON<\/span><\/strong><\/span><\/h4>\n<p>\u00a0<\/p>\n\n<p>In caso di ritardo nella consegna o di mancata consegna, ai sensi dell'articolo L216-2 del Codice del consumo francese e della direttiva 2011\/83\/UE sui diritti dei consumatori, il cliente pu\u00f2 recedere dal contratto e chiedere un risarcimento se l'azienda non ha rispettato la scadenza concordata.<br \/>Tale annullamento pu\u00f2 avvenire dopo l'invio di una richiesta formale a mezzo lettera raccomandata con ricevuta di ritorno, con l'obbligo di effettuare la consegna entro un termine ragionevole. In assenza di una risposta o di un adempimento entro tale termine, il contratto potr\u00e0 essere risolto e il cliente avr\u00e0 diritto al rimborso completo e al risarcimento del danno subito.<\/p>\n<p>\u00a0<\/p>\n<p>\u00a0<\/p>\n\n<h4 style=\"text-align: center;\"><span style=\"text-decoration: underline;\"><strong><span style=\"color: #003366; text-decoration: underline;\">ARTICLE n\u00b012 &#8211; ESSAI ET VISUALISATION DU V\u00c9HICULE<\/span><\/strong><\/span><\/h4>\n<p>\u00a0<\/p>\n\n<p>Trattandosi di un acquisto online, non \u00e8 possibile vedere o provare il veicolo prima di effettuare l'ordine. Tuttavia, per garantire la massima trasparenza, forniamo foto dettagliate e realistiche in modo che possiate esaminare il veicolo praticamente da ogni angolazione.<\/p>\n<p>Inoltre, ogni acquisto \u00e8 coperto da una garanzia di rimborso valida per 14 giorni dalla data di consegna e da una protezione contro i difetti nascosti.<\/p>\t\t\t\t\t\t\t\t<\/div>\n\t\t\t\t\t<\/div>\n\t\t\t\t<\/div>\n\t\t\t\t<\/div>","protected":false},"excerpt":{"rendered":"<p>MOD\u00c8LE D&rsquo;AFFAIRES\u00a0 \u00a0 Notre mod\u00e8le d\u2019affaires repose sur une strat\u00e9gie innovante centr\u00e9e sur la vente exclusivement en ligne. En \u00e9liminant la gestion d\u2019un entrep\u00f4t physique, nous r\u00e9duisons consid\u00e9rablement les co\u00fbts associ\u00e9s \u00e0 un stock traditionnel. Nos voitures sont soigneusement s\u00e9lectionn\u00e9es issues de stocks exc\u00e9dentaires ou acquises aux conditions du commerce de gros aupr\u00e8s de concessionnaires [&hellip;]<\/p>\n","protected":false},"author":1,"featured_media":0,"parent":0,"menu_order":0,"comment_status":"closed","ping_status":"closed","template":"","meta":{"om_disable_all_campaigns":false,"_monsterinsights_skip_tracking":false,"_monsterinsights_sitenote_active":false,"_monsterinsights_sitenote_note":"","_monsterinsights_sitenote_category":0,"footnotes":""},"class_list":["post-643","page","type-page","status-publish","hentry"],"aioseo_notices":[],"_hostinger_reach_plugin_has_subscription_block":false,"_hostinger_reach_plugin_is_elementor":false,"_links":{"self":[{"href":"https:\/\/gkautogmbh.com\/it\/wp-json\/wp\/v2\/pages\/643","targetHints":{"allow":["GET"]}}],"collection":[{"href":"https:\/\/gkautogmbh.com\/it\/wp-json\/wp\/v2\/pages"}],"about":[{"href":"https:\/\/gkautogmbh.com\/it\/wp-json\/wp\/v2\/types\/page"}],"author":[{"embeddable":true,"href":"https:\/\/gkautogmbh.com\/it\/wp-json\/wp\/v2\/users\/1"}],"replies":[{"embeddable":true,"href":"https:\/\/gkautogmbh.com\/it\/wp-json\/wp\/v2\/comments?post=643"}],"version-history":[{"count":242,"href":"https:\/\/gkautogmbh.com\/it\/wp-json\/wp\/v2\/pages\/643\/revisions"}],"predecessor-version":[{"id":3330,"href":"https:\/\/gkautogmbh.com\/it\/wp-json\/wp\/v2\/pages\/643\/revisions\/3330"}],"wp:attachment":[{"href":"https:\/\/gkautogmbh.com\/it\/wp-json\/wp\/v2\/media?parent=643"}],"curies":[{"name":"wp","href":"https:\/\/api.w.org\/{rel}","templated":true}]}}