{"id":643,"date":"2025-07-11T20:39:56","date_gmt":"2025-07-11T20:39:56","guid":{"rendered":"https:\/\/gkautogmbh.com\/?page_id=643"},"modified":"2025-09-15T12:33:50","modified_gmt":"2025-09-15T12:33:50","slug":"algemene-verkoopvoorwaarden","status":"publish","type":"page","link":"https:\/\/gkautogmbh.com\/nl\/conditions-generales-de-ventes\/","title":{"rendered":"Algemene verkoopvoorwaarden (AVV)"},"content":{"rendered":"<div data-elementor-type=\"wp-page\" data-elementor-id=\"643\" class=\"elementor elementor-643\" data-elementor-post-type=\"page\">\n\t\t\t\t<div class=\"elementor-element elementor-element-33ca04a4 e-flex e-con-boxed e-con e-parent\" data-id=\"33ca04a4\" data-element_type=\"container\" data-e-type=\"container\" data-settings=\"{&quot;background_background&quot;:&quot;classic&quot;}\">\n\t\t\t\t\t<div class=\"e-con-inner\">\n\t\t\t\t<div class=\"elementor-element elementor-element-5f3e38aa elementor-widget elementor-widget-text-editor\" data-id=\"5f3e38aa\" data-element_type=\"widget\" data-e-type=\"widget\" data-widget_type=\"text-editor.default\">\n\t\t\t\t\t\t\t\t\t\n<h3 class=\"wp-block-heading has-text-align-center\" style=\"text-align: center;\"><strong><span style=\"text-decoration: underline; color: #003366;\">BEDRIJFSMODEL<\/span>\u00a0<\/strong><\/h3>\n\n<p>\u00a0<\/p>\n\n<p style=\"text-align: center;\"><span style=\"color: #000000;\"><strong>Ons bedrijfsmodel is gebaseerd op een innovatieve strategie waarbij de verkoop uitsluitend online plaatsvindt. Doordat we geen fysiek magazijn hoeven te beheren, verlagen we de kosten van een traditionele voorraad aanzienlijk.<\/strong><\/span><\/p>\n<p style=\"text-align: center;\"><span style=\"color: #000000;\"><strong>Onze auto's worden zorgvuldig geselecteerd uit overtollige voorraden of gekocht tegen groothandelsvoorwaarden van gerenommeerde dealers, waardoor u gegarandeerd waar voor uw geld krijgt.<\/strong><\/span><\/p>\n<p style=\"text-align: center;\"><span style=\"color: #000000;\"><strong>Dankzij deze strategie en ons uitsluitend online verkoopmodel kunnen we je een eenvoudige, kosteneffectieve winkelervaring bieden die perfect is afgestemd op jouw behoeften.<\/strong><\/span><\/p>\n<p>\u00a0<\/p>\n\n<h3 class=\"wp-block-heading has-text-align-center\" style=\"text-align: center;\"><strong><span style=\"text-decoration: underline; color: #003366;\">BELANGRIJK<\/span><\/strong><\/h3>\n<p>\u00a0<\/p>\n\n<p style=\"text-align: center;\"><span style=\"color: #003300;\"><strong>U erkent dat u meerderjarig bent en wettelijk in staat om een contract aan te gaan. Lees onze ALGEMENE VERKOOPVOORWAARDEN (AVV) zorgvuldig door, waarin de stappen staan die u moet nemen om uw aankoop te voltooien.<\/strong><\/span><\/p>\n<p>\u00a0<\/p>\n<p>\u00a0<\/p>\n\n<h4 style=\"text-align: center;\"><strong><span style=\"text-decoration: underline; color: #003366;\">ARTIKEL 1 - LEVERTIJD<\/span><\/strong><\/h4>\n<p>\u00a0<\/p>\n\n<p>Onze leveringen vinden plaats onder <b>5<\/b>\u00a0\u00e0\u00a0<b>7<\/b> werkdagen overal in <b>Continentaal Europa.<\/b> Voertuigen worden per vrachtwagen vervoerd, zodat hun veiligheid en bescherming gegarandeerd zijn. Voor eilandbestemmingen <b>(zoals R\u00e9union, Madeira, Guadeloupe, Porto Santo, Martinique, de Azoren, S\u00e3o Jorge, etc.).<\/b>\u00a0de geschatte levertijd is tussen <b>14<\/b> en <b>21<\/b>\u00a0werkdagen.<\/p>\n<p>\u00a0<\/p>\n<p>\u00a0<\/p>\n<p>\u00a0<\/p>\n\n<h4 style=\"text-align: center;\"><strong><span style=\"text-decoration: underline; color: #003366;\">ARTIKEL 2 - LEVERINGSKOSTEN<\/span><\/strong><\/h4>\n<p>\u00a0<\/p>\n\n<p>1 - Continentaal Europa : <strong>500 \u20ac<\/strong><br \/>2 - Eilandbestemmingen (<strong>R\u00e9union, Madeira, Guadeloupe, Porto Santo, Martinique, de Azoren, S\u00e3o Jorge, enz.<\/strong>) : <strong>1 200 \u20ac<\/strong><\/p>\n<p>\u00a0<\/p>\n<p>\u00a0<\/p>\n\n<h4 style=\"text-align: center;\"><span style=\"color: #003366;\"><strong><span style=\"text-decoration: underline;\">ARTIKEL 3 - BETALINGSWIJZEN<\/span><\/strong><\/span><\/h4>\n<p>\u00a0<\/p>\n\n<p>Al onze betalingen worden uitsluitend gedaan door <b>bankoverschrijving<\/b>. Een handelskorting van <b>10 %<\/b> wordt toegepast op de verkoopprijs van het voertuig als de betaling volledig is voldaan bij het plaatsen van de bestelling. <b>Bezorgkosten zijn niet inbegrepen in deze korting.<\/b><\/p>\n<p>\u00a0<\/p>\n<p>\u00a0<\/p>\n<p>\u00a0<\/p>\n\n<h4 style=\"text-align: center;\"><span style=\"text-decoration: underline; color: #003366;\"><strong>ARTIKEL 4 - BESTELPROCEDURE<\/strong><\/span><\/h4>\n<p>\u00a0<\/p>\n\n<p><strong>1 &#8211;<\/strong> Om een voertuig te bestellen, moet een <b>Bestelformulier<\/b>\u00a0evenals een\u00a0<b>Verkoopcontract<\/b>\u00a0moet worden opgesteld en ondertekend door beide partijen.<br \/><br \/><strong>2 &#8211;<\/strong> Om het bestelformulier en het verkoopcontract op te stellen, de import\/exportprocedures te beheren en het kentekenbewijs en de documenten bij te werken, moet de klant de volgende informatie verstrekken:<br \/><br \/><b>- Een recente kopie van een bewijs van adres (elektriciteits-, gas- of waterrekening, belastingaanslag, huurbewijs, etc.):<\/b><br \/><b>- Een kopie van beide zijden van zijn of haar identiteitskaart:<\/b><br \/><b>- Uw volledige huisadres :<\/b><br \/><b>- Zijn\/haar mobiele telefoonnummer :<\/b><br \/><b>- Een geldig e-mailadres :<\/b><br \/><br \/>Deze informatie is nodig om administratieve naleving en effici\u00ebnte orderverwerking te garanderen.<br \/><br \/><strong>3 &#8211;<\/strong> Voor voertuigen met een waarde van <b>ONDER<\/b>\u00a0\u00e0\u00a0<b>10 000 \u20ac<\/b>\u00a0een storting van\u00a0<b>80 %<\/b> de verkoopprijs van het voertuig, plus eventuele leveringskosten <b>(\u20ac500 of \u20ac1.200) <\/b>is vereist op het moment dat de bestelling wordt geplaatst. Het saldo van <b>20 %<\/b> moet worden betaald aan het einde van de proefperiode van\u00a0<b>14 dagen<\/b>.<br \/><br \/><strong>4 &#8211;<\/strong> Voor voertuigen met een waarde van <b>TOP<\/b>\u00a0\u00e0\u00a0<b>10 000 \u20ac<\/b> een storting van\u00a0<b>30 %<\/b> de verkoopprijs van het voertuig, plus eventuele leveringskosten <b>(\u20ac500 of \u20ac1.200) <\/b>is vereist op het moment dat de bestelling wordt geplaatst. Het saldo van <b>70 %<\/b> moet worden betaald aan het einde van de proefperiode van\u00a0<b>14 dagen<\/b>.<br \/><br \/><strong>5 - Volledige betaling<\/strong> volledige betaling op het moment van bestellen.<br \/>Dit bedrag omvat de prijs van het voertuig en de toepasselijke afleveringskosten. <strong>(\u20ac500 of \u20ac1.200)<\/strong>.<br \/><br \/><span style=\"text-decoration: underline;\"><strong>VOORDEEL<\/strong><\/span> voor alle <strong>volledige betaling<\/strong> op het moment van bestellen, profiteert u van een commerci\u00eble korting van <strong>10 %<\/strong> op de prijs van het voertuig. <strong>Bezorgkosten zijn niet inbegrepen in deze korting.<\/strong><\/p>\n<p>\u00a0<\/p>\n<p>\u00a0<\/p>\n\n<h4 style=\"text-align: center;\"><span style=\"color: #003366;\"><strong><span style=\"text-decoration: underline;\">ARTIKEL 5 - DOCUMENTEN EN CONTROLE<\/span><\/strong><\/span><\/h4>\n<p>\u00a0<\/p>\n\n<p>Voor voertuigen die vanuit Duitsland naar een ander EU-land worden ge\u00efmporteerd, worden de administratieve documenten, waaronder het kentekenbewijs en alle andere documenten, bijgewerkt op naam van de nieuwe eigenaar in overeenstemming met de wettelijke vereisten van het land van bestemming. Wij zorgen voor alle administratieve formaliteiten die komen kijken bij de aankoop van het voertuig, inclusief..:<br \/><br \/><strong>Documenten bijwerken op naam van de nieuwe koper\u00a0<\/strong><br \/><strong>\u2714 Registratie en verzekering\u00a0<\/strong><br \/><strong>\u2714 Alle formaliteiten voor thuisbezorging<\/strong><br \/><br \/>Het voertuig wordt geleverd met een voorlopige registratie en de definitieve registratie wordt binnen maximaal 14 dagen na levering aan de klant gegeven, wat overeenkomt met de proefperiode. Er wordt ook een voorlopige verzekeringspolis van 30 dagen meegeleverd, die moet worden verlengd of vervangen door een definitieve polis voordat deze verloopt.<br \/><br \/><\/p>\n<p><strong><span style=\"text-decoration: underline; color: #003366;\">DOCUMENTEN BESCHIKBAAR BIJ LEVERING:<\/span><\/strong><\/p>\n<p>\u00a0<\/p>\n<p><strong>1. Voertuigregistratie<\/strong><br \/><strong>2. Certificaat van overeenstemming<\/strong><br \/><strong>3. Technisch inspectierapport<\/strong><br \/><strong>4. Overdrachtscertificaat<\/strong><br \/><strong>5. Aankoopfactuur<\/strong><br \/><strong>6. Onderhoudsboekje<\/strong><br \/><strong>7. Voertuigsleutels<\/strong><br \/><strong>8. Gebruikershandleiding<\/strong><br \/><strong>9. Garantiecertificaat<\/strong><br \/><strong>10. Inspectierapport<\/strong><br \/><strong>11. Verklaring van naleving van milieunormen<\/strong><br \/><strong>12. Voorlopig verzekeringsbewijs<\/strong><br \/><strong>13. Kwijting<\/strong><br \/><strong>14. Geschiedenis van het voertuig<\/strong><\/p>\n<p>\u00a0<\/p>\n<p>\u00a0<\/p>\n\n<h4 style=\"text-align: center;\"><span style=\"color: #003366;\"><strong><span style=\"text-decoration: underline;\">ARTIKEL 6 - CONTROLE EN AANSPRAKELIJKHEID<\/span><\/strong><\/span><\/h4>\n<p>\u00a0<\/p>\n\n<p>Op het moment van levering wordt samen met de klant een rapport opgesteld om de overhandigde accessoires en documenten te controleren (zie hierboven) en om te controleren of de algemene staat van het voertuig overeenkomt met de beschrijving. Vanaf het moment dat de klant het voertuig in ontvangst neemt, neemt hij\/zij de volledige verantwoordelijkheid op zich voor alle risico's in verband met verlies of schade.<\/p>\n<p>\u00a0<\/p>\n<p>\u00a0<\/p>\n\n<h4 style=\"text-align: center;\"><span style=\"text-decoration: underline;\"><strong><span style=\"color: #003366; text-decoration: underline;\">ARTIKEL 7 - GARANTIES<\/span><\/strong><\/span><\/h4>\n<p>\u00a0<\/p>\n\n<p>Al onze voertuigen worden geleverd met een <strong>COMMERCI\u00cbLE GARANTIE<\/strong> van <strong>24 maanden<\/strong>garantie, die uitgebreide bescherming biedt voor de belangrijkste mechanische en elektronische onderdelen. Deze garantie voldoet aan de kwaliteits- en betrouwbaarheidsnormen van de Europese regelgeving.<\/p>\n<p>\u00a0<\/p>\n<p><span style=\"color: #003366;\"><strong><span style=\"text-decoration: underline;\">ITEMS DIE ONDER ONZE GARANTIE VALLEN:<\/span><\/strong><\/span><br \/><br \/><strong>1. Motor <\/strong><br \/><strong>2. Transmissie <\/strong><br \/><strong>3. Remsysteem<\/strong><br \/><strong>4. Stuursysteem<\/strong><br \/><strong>5. Schorsing<\/strong><br \/><strong>6. Elektrisch systeem<\/strong><br \/><strong>7. Airconditioning<\/strong><br \/><strong>8. Uitrusting en accessoires<\/strong><br \/><strong>9. Personeel<\/strong><\/p>\n<p>\u00a0<\/p>\n\n<p><strong>Zodra je bestelling is bevestigd en de administratieve formaliteiten zijn afgehandeld, wordt een partnergarage bij jou in de buurt aangewezen om alle reparaties en onderhoud uit te voeren die onder onze garantie vallen.<\/strong><\/p>\n<p>\u00a0<\/p>\n<p>\u00a0<\/p>\n\n<h4 style=\"text-align: center;\"><span style=\"color: #003366;\"><strong><span style=\"text-decoration: underline;\">ARTIKEL 8 - KWALITEITSCONTROLE EN INSPECTIE<\/span><\/strong><\/span><\/h4>\n<p>\u00a0<\/p>\n\n<p>Voordat ze online gaan, ondergaat elk voertuig een strenge inspectie door een autoprofessional op meer dan 100 controlepunten, waaronder carrosserie, mechanica en esthetiek. De levering wordt uitgevoerd door een ervaren koerier, die optimale zorg garandeert tot het voertuig aan de klant wordt overhandigd. Er worden systematisch twee kwaliteitscontroles uitgevoerd:<br \/><br \/><strong>1. Verlaten van ons logistieke park<\/strong><br \/><strong>2. Bij levering aan de klant<\/strong><\/p>\n<p>\u00a0<\/p>\n<p>\u00a0<\/p>\n\n<h4 style=\"text-align: center;\"><span style=\"color: #003366;\"><strong><span style=\"text-decoration: underline;\">ARTIKEL 9 - HERROEPINGSRECHT<\/span><\/strong><\/span><\/h4>\n<p>\u00a0<\/p>\n\n<p>Klanten hebben 14 dagen de tijd vanaf de leveringsdatum om hun herroepingsrecht uit te oefenen, zonder enige verplichting om hun beslissing te rechtvaardigen en zonder bijkomende kosten. In geval van herroeping moet het voertuig in zijn oorspronkelijke staat worden teruggebracht, vergezeld van alle documenten en accessoires die bij de levering werden overhandigd. Het bedrijf neemt de kosten voor het terugbrengen van het voertuig voor zijn rekening en zal het voertuig volledig onderzoeken voordat een terugbetalingsprocedure wordt gestart.<\/p>\n<p>\u00a0<\/p>\n<p>\u00a0<\/p>\n\n<h4 style=\"text-align: center;\"><span style=\"text-decoration: underline;\"><strong><span style=\"color: #003366; text-decoration: underline;\">ARTIKEL 10 - TERUGBETALING<\/span><\/strong><\/span><\/h4>\n<p>\u00a0<\/p>\n\n<p>In geval van herroeping verbindt het bedrijf zich ertoe alle door de klant betaalde bedragen binnen een termijn van maximaal 14 dagen terug te betalen, op voorwaarde dat het voertuig en de accessoires in hun oorspronkelijke staat worden terugbezorgd, zonder schade of wijzigingen.<\/p>\n<p>\u00a0<\/p>\n<p>\u00a0<\/p>\n\n<h4 style=\"text-align: center;\"><span style=\"color: #003366;\"><strong><span style=\"text-decoration: underline;\">ARTIKEL 11 - VERTRAGING IN LEVERING<\/span><\/strong><\/span><\/h4>\n<p>\u00a0<\/p>\n\n<p>In het geval van te late levering of niet-levering in overeenstemming met artikel L216-2 van de Franse consumentenwet en Richtlijn 2011\/83\/EU betreffende consumentenrechten, kan de klant het contract annuleren en schadevergoeding eisen als het bedrijf de overeengekomen termijn niet heeft gehaald.<br \/>Deze annulering kan plaatsvinden na verzending van een formeel verzoek per aangetekende brief met ontvangstbevestiging, waarin wordt ge\u00ebist dat de levering binnen een redelijke termijn wordt uitgevoerd. Bij gebrek aan antwoord of uitvoering binnen deze termijn, kan het contract worden opgezegd en heeft de klant recht op een volledige terugbetaling en een vergoeding voor eventueel geleden verlies.<\/p>\n<p>\u00a0<\/p>\n<p>\u00a0<\/p>\n\n<h4 style=\"text-align: center;\"><span style=\"text-decoration: underline;\"><strong><span style=\"color: #003366; text-decoration: underline;\">ARTIKEL 12 - TESTEN EN VISUALISEREN VAN HET VOERTUIG<\/span><\/strong><\/span><\/h4>\n<p>\u00a0<\/p>\n\n<p>Aangezien dit een online aankoop is, is het niet mogelijk om het voertuig te zien of er een proefrit mee te maken voordat je je bestelling plaatst. Om echter maximale transparantie te garanderen, leveren we gedetailleerde, realistische foto's zodat je het voertuig vanuit elke hoek kunt bekijken.<\/p>\n<p>Bovendien geldt voor elke aankoop een niet-goed-geld-terug garantie van 14 dagen vanaf de leveringsdatum en bescherming tegen verborgen gebreken.<\/p>\t\t\t\t\t\t\t\t<\/div>\n\t\t\t\t\t<\/div>\n\t\t\t\t<\/div>\n\t\t\t\t<\/div>","protected":false},"excerpt":{"rendered":"<p>MOD\u00c8LE D&rsquo;AFFAIRES\u00a0 \u00a0 Notre mod\u00e8le d\u2019affaires repose sur une strat\u00e9gie innovante centr\u00e9e sur la vente exclusivement en ligne. En \u00e9liminant la gestion d\u2019un entrep\u00f4t physique, nous r\u00e9duisons consid\u00e9rablement les co\u00fbts associ\u00e9s \u00e0 un stock traditionnel. Nos voitures sont soigneusement s\u00e9lectionn\u00e9es issues de stocks exc\u00e9dentaires ou acquises aux conditions du commerce de gros aupr\u00e8s de concessionnaires [&hellip;]<\/p>\n","protected":false},"author":1,"featured_media":0,"parent":0,"menu_order":0,"comment_status":"closed","ping_status":"closed","template":"","meta":{"om_disable_all_campaigns":false,"_monsterinsights_skip_tracking":false,"_monsterinsights_sitenote_active":false,"_monsterinsights_sitenote_note":"","_monsterinsights_sitenote_category":0,"footnotes":""},"class_list":["post-643","page","type-page","status-publish","hentry"],"aioseo_notices":[],"_hostinger_reach_plugin_has_subscription_block":false,"_hostinger_reach_plugin_is_elementor":false,"_links":{"self":[{"href":"https:\/\/gkautogmbh.com\/nl\/wp-json\/wp\/v2\/pages\/643","targetHints":{"allow":["GET"]}}],"collection":[{"href":"https:\/\/gkautogmbh.com\/nl\/wp-json\/wp\/v2\/pages"}],"about":[{"href":"https:\/\/gkautogmbh.com\/nl\/wp-json\/wp\/v2\/types\/page"}],"author":[{"embeddable":true,"href":"https:\/\/gkautogmbh.com\/nl\/wp-json\/wp\/v2\/users\/1"}],"replies":[{"embeddable":true,"href":"https:\/\/gkautogmbh.com\/nl\/wp-json\/wp\/v2\/comments?post=643"}],"version-history":[{"count":242,"href":"https:\/\/gkautogmbh.com\/nl\/wp-json\/wp\/v2\/pages\/643\/revisions"}],"predecessor-version":[{"id":3330,"href":"https:\/\/gkautogmbh.com\/nl\/wp-json\/wp\/v2\/pages\/643\/revisions\/3330"}],"wp:attachment":[{"href":"https:\/\/gkautogmbh.com\/nl\/wp-json\/wp\/v2\/media?parent=643"}],"curies":[{"name":"wp","href":"https:\/\/api.w.org\/{rel}","templated":true}]}}