{"id":643,"date":"2025-07-11T20:39:56","date_gmt":"2025-07-11T20:39:56","guid":{"rendered":"https:\/\/gkautogmbh.com\/?page_id=643"},"modified":"2025-09-15T12:33:50","modified_gmt":"2025-09-15T12:33:50","slug":"ogolne-warunki-sprzedazy","status":"publish","type":"page","link":"https:\/\/gkautogmbh.com\/pl\/conditions-generales-de-ventes\/","title":{"rendered":"Og\u00f3lne warunki sprzeda\u017cy (OWS)"},"content":{"rendered":"<div data-elementor-type=\"wp-page\" data-elementor-id=\"643\" class=\"elementor elementor-643\" data-elementor-post-type=\"page\">\n\t\t\t\t<div class=\"elementor-element elementor-element-33ca04a4 e-flex e-con-boxed e-con e-parent\" data-id=\"33ca04a4\" data-element_type=\"container\" data-e-type=\"container\" data-settings=\"{&quot;background_background&quot;:&quot;classic&quot;}\">\n\t\t\t\t\t<div class=\"e-con-inner\">\n\t\t\t\t<div class=\"elementor-element elementor-element-5f3e38aa elementor-widget elementor-widget-text-editor\" data-id=\"5f3e38aa\" data-element_type=\"widget\" data-e-type=\"widget\" data-widget_type=\"text-editor.default\">\n\t\t\t\t\t\t\t\t\t\n<h3 class=\"wp-block-heading has-text-align-center\" style=\"text-align: center;\"><strong><span style=\"text-decoration: underline; color: #003366;\">MODEL BIZNESOWY<\/span>\u00a0<\/strong><\/h3>\n\n<p>\u00a0<\/p>\n\n<p style=\"text-align: center;\"><span style=\"color: #000000;\"><strong>Nasz model biznesowy opiera si\u0119 na innowacyjnej strategii skoncentrowanej na sprzeda\u017cy wy\u0142\u0105cznie online. Eliminuj\u0105c potrzeb\u0119 zarz\u0105dzania fizycznym magazynem, znacznie zmniejszamy koszty zwi\u0105zane z tradycyjnym magazynem.<\/strong><\/span><\/p>\n<p style=\"text-align: center;\"><span style=\"color: #000000;\"><strong>Nasze samochody s\u0105 starannie wybierane z nadwy\u017cek magazynowych lub kupowane na warunkach hurtowych od renomowanych dealer\u00f3w, co gwarantuje wyj\u0105tkowy stosunek jako\u015bci do ceny.<\/strong><\/span><\/p>\n<p style=\"text-align: center;\"><span style=\"color: #000000;\"><strong>Dzi\u0119ki tej strategii i naszemu modelowi sprzeda\u017cy wy\u0142\u0105cznie online mo\u017cemy zaoferowa\u0107 proste, op\u0142acalne zakupy, kt\u00f3re s\u0105 idealnie dostosowane do Twoich potrzeb.<\/strong><\/span><\/p>\n<p>\u00a0<\/p>\n\n<h3 class=\"wp-block-heading has-text-align-center\" style=\"text-align: center;\"><strong><span style=\"text-decoration: underline; color: #003366;\">WA\u017bNE<\/span><\/strong><\/h3>\n<p>\u00a0<\/p>\n\n<p style=\"text-align: center;\"><span style=\"color: #003300;\"><strong>U\u017cytkownik potwierdza, \u017ce jest pe\u0142noletni i prawnie zdolny do zawarcia umowy. Prosimy o uwa\u017cne zapoznanie si\u0119 z naszymi OG\u00d3LNYMI WARUNKAMI SPRZEDA\u017bY (OWS), kt\u00f3re szczeg\u00f3\u0142owo okre\u015blaj\u0105 kroki, jakie nale\u017cy podj\u0105\u0107 w celu sfinalizowania zakupu.<\/strong><\/span><\/p>\n<p>\u00a0<\/p>\n<p>\u00a0<\/p>\n\n<h4 style=\"text-align: center;\"><strong><span style=\"text-decoration: underline; color: #003366;\">ARTYKU\u0141 1 - CZAS DOSTAWY<\/span><\/strong><\/h4>\n<p>\u00a0<\/p>\n\n<p>Nasze dostawy s\u0105 realizowane w ramach <b>5<\/b>\u00a0\u00e0\u00a0<b>7<\/b> dni roboczych w dowolnym miejscu w <b>Europa kontynentalna.<\/b> Pojazdy s\u0105 transportowane ci\u0119\u017car\u00f3wkami, co zapewnia ich bezpiecze\u0144stwo i ochron\u0119. Dla miejsc docelowych na wyspach <b>(takich jak Reunion, Madera, Gwadelupa, Porto Santo, Martynika, Azory, S\u00e3o Jorge itp.)<\/b>\u00a0Szacowany czas dostawy wynosi mi\u0119dzy <b>14<\/b> oraz <b>21<\/b>\u00a0dni roboczych.<\/p>\n<p>\u00a0<\/p>\n<p>\u00a0<\/p>\n<p>\u00a0<\/p>\n\n<h4 style=\"text-align: center;\"><strong><span style=\"text-decoration: underline; color: #003366;\">ARTYKU\u0141 2 - KOSZTY DOSTAWY<\/span><\/strong><\/h4>\n<p>\u00a0<\/p>\n\n<p>1 - Europa kontynentalna : <strong>500 \u20ac<\/strong><br \/>2 - Miejsca docelowe na wyspach (<strong>Reunion, Madera, Gwadelupa, Porto Santo, Martynika, Azory, S\u00e3o Jorge itp.<\/strong>) : <strong>1 200 \u20ac<\/strong><\/p>\n<p>\u00a0<\/p>\n<p>\u00a0<\/p>\n\n<h4 style=\"text-align: center;\"><span style=\"color: #003366;\"><strong><span style=\"text-decoration: underline;\">ARTYKU\u0141 3 - METODY P\u0141ATNO\u015aCI<\/span><\/strong><\/span><\/h4>\n<p>\u00a0<\/p>\n\n<p>Wszystkie nasze p\u0142atno\u015bci s\u0105 dokonywane wy\u0142\u0105cznie przez <b>przelew bankowy<\/b>. Rabat handlowy w wysoko\u015bci <b>10 %<\/b> jest stosowany do ceny sprzeda\u017cy pojazdu, je\u015bli p\u0142atno\u015b\u0107 zostanie dokonana w ca\u0142o\u015bci w momencie sk\u0142adania zam\u00f3wienia. <b>Zni\u017cka nie obejmuje koszt\u00f3w dostawy.<\/b><\/p>\n<p>\u00a0<\/p>\n<p>\u00a0<\/p>\n<p>\u00a0<\/p>\n\n<h4 style=\"text-align: center;\"><span style=\"text-decoration: underline; color: #003366;\"><strong>ARTYKU\u0141 4 - PROCES ZAMAWIANIA<\/strong><\/span><\/h4>\n<p>\u00a0<\/p>\n\n<p><strong>1 &#8211;<\/strong> Aby zam\u00f3wi\u0107 pojazd, nale\u017cy <b>Formularz zam\u00f3wienia<\/b>\u00a0jak r\u00f3wnie\u017c\u00a0<b>Umowa sprzeda\u017cy<\/b>\u00a0musi zosta\u0107 sporz\u0105dzona i podpisana przez obie strony.<br \/><br \/><strong>2 &#8211;<\/strong> W celu sporz\u0105dzenia formularza zam\u00f3wienia i umowy sprzeda\u017cy, zarz\u0105dzania procedurami importu\/eksportu oraz aktualizacji dowodu rejestracyjnego i dokument\u00f3w pojazdu, klient musi poda\u0107 nast\u0119puj\u0105ce informacje:<br \/><br \/><b>- Aktualna kopia dowodu adresu (rachunek za pr\u0105d, gaz lub wod\u0119, rozliczenie podatkowe, pokwitowanie czynszu itp:)<\/b><br \/><b>- Kopia obu stron dowodu to\u017csamo\u015bci:<\/b><br \/><b>- Pe\u0142ny adres domowy:<\/b><br \/><b>- Jego\/jej numer telefonu kom\u00f3rkowego:<\/b><br \/><b>- Prawid\u0142owy adres e-mail:<\/b><br \/><br \/>Informacje te s\u0105 niezb\u0119dne do zapewnienia zgodno\u015bci administracyjnej i sprawnego przetwarzania zam\u00f3wie\u0144.<br \/><br \/><strong>3 &#8211;<\/strong> Dla pojazd\u00f3w o warto\u015bci <b>DOLNY<\/b>\u00a0\u00e0\u00a0<b>10 000 \u20ac<\/b>\u00a0depozyt w wysoko\u015bci\u00a0<b>80 %<\/b> cen\u0119 sprzeda\u017cy pojazdu powi\u0119kszon\u0105 o wszelkie obowi\u0105zuj\u0105ce op\u0142aty za dostaw\u0119 <b>(500 EUR lub 1 200 EUR) <\/b>jest wymagana w momencie sk\u0142adania zam\u00f3wienia. Saldo <b>20 %<\/b> musi zosta\u0107 zap\u0142acona na koniec okresu pr\u00f3bnego wynosz\u0105cego\u00a0<b>14 dni<\/b>.<br \/><br \/><strong>4 &#8211;<\/strong> Dla pojazd\u00f3w o warto\u015bci <b>TOP<\/b>\u00a0\u00e0\u00a0<b>10 000 \u20ac<\/b> depozyt w wysoko\u015bci\u00a0<b>30 %<\/b> cen\u0119 sprzeda\u017cy pojazdu powi\u0119kszon\u0105 o wszelkie obowi\u0105zuj\u0105ce op\u0142aty za dostaw\u0119 <b>(500 EUR lub 1 200 EUR) <\/b>jest wymagana w momencie sk\u0142adania zam\u00f3wienia. Saldo <b>70 %<\/b> musi zosta\u0107 zap\u0142acona na koniec okresu pr\u00f3bnego wynosz\u0105cego\u00a0<b>14 dni<\/b>.<br \/><br \/><strong>5 - Pe\u0142na p\u0142atno\u015b\u0107<\/strong> p\u0142atno\u015b\u0107 w ca\u0142o\u015bci w momencie sk\u0142adania zam\u00f3wienia.<br \/>Kwota ta obejmuje cen\u0119 pojazdu oraz obowi\u0105zuj\u0105ce op\u0142aty za dostaw\u0119. <strong>(500 EUR lub 1 200 EUR)<\/strong>.<br \/><br \/><span style=\"text-decoration: underline;\"><strong>PRZEWAGA<\/strong><\/span> dla wszystkich <strong>pe\u0142na p\u0142atno\u015b\u0107<\/strong> w momencie sk\u0142adania zam\u00f3wienia, skorzystasz z rabatu handlowego w wysoko\u015bci <strong>10 %<\/strong> od ceny pojazdu. <strong>Zni\u017cka nie obejmuje koszt\u00f3w dostawy.<\/strong><\/p>\n<p>\u00a0<\/p>\n<p>\u00a0<\/p>\n\n<h4 style=\"text-align: center;\"><span style=\"color: #003366;\"><strong><span style=\"text-decoration: underline;\">ARTYKU\u0141 5 - DOKUMENTY I MONITOROWANIE<\/span><\/strong><\/span><\/h4>\n<p>\u00a0<\/p>\n\n<p>W przypadku pojazd\u00f3w importowanych z Niemiec do innego kraju UE dokumenty administracyjne, w tym dow\u00f3d rejestracyjny pojazdu i wszelkie inne dokumenty, zostan\u0105 zaktualizowane na nazwisko nowego w\u0142a\u015bciciela zgodnie z wymogami prawnymi kraju docelowego. Zajmujemy si\u0119 wszystkimi formalno\u015bciami administracyjnymi zwi\u0105zanymi z zakupem pojazdu, w tym..:<br \/><br \/><strong>Aktualizacja dokument\u00f3w w imieniu nowego nabywcy\u00a0<\/strong><br \/><strong>Rejestracja i ubezpieczenie\u00a0<\/strong><br \/><strong>Wszystkie formalno\u015bci wymagane do dostawy do domu<\/strong><br \/><br \/>Pojazd zostanie dostarczony z tymczasow\u0105 rejestracj\u0105, a ostateczna rejestracja zostanie przekazana klientowi w ci\u0105gu maksymalnie 14 dni od dostawy, co odpowiada okresowi pr\u00f3bnemu. Do\u0142\u0105czona jest r\u00f3wnie\u017c 30-dniowa tymczasowa polisa ubezpieczeniowa, kt\u00f3ra zostanie odnowiona lub zast\u0105piona ostateczn\u0105 polis\u0105 przed jej wyga\u015bni\u0119ciem.<br \/><br \/><\/p>\n<p><strong><span style=\"text-decoration: underline; color: #003366;\">DOKUMENTY DOST\u0118PNE W MOMENCIE DOSTAWY:<\/span><\/strong><\/p>\n<p>\u00a0<\/p>\n<p><strong>1. Dow\u00f3d rejestracyjny pojazdu<\/strong><br \/><strong>2. Certyfikat zgodno\u015bci<\/strong><br \/><strong>3. Raport z inspekcji technicznej<\/strong><br \/><strong>4. Certyfikat transferu<\/strong><br \/><strong>5. Faktura zakupu<\/strong><br \/><strong>6. Ksi\u0105\u017ceczka konserwacji<\/strong><br \/><strong>7. Kluczyki do pojazdu<\/strong><br \/><strong>8. Instrukcja obs\u0142ugi<\/strong><br \/><strong>9. \u015awiadectwo gwarancji<\/strong><br \/><strong>10. Raport z inspekcji<\/strong><br \/><strong>11. Deklaracja zgodno\u015bci z normami \u015brodowiskowymi<\/strong><br \/><strong>12. Tymczasowy certyfikat ubezpieczenia<\/strong><br \/><strong>13. Zwolnienie z podatku<\/strong><br \/><strong>14. Raport historii pojazdu<\/strong><\/p>\n<p>\u00a0<\/p>\n<p>\u00a0<\/p>\n\n<h4 style=\"text-align: center;\"><span style=\"color: #003366;\"><strong><span style=\"text-decoration: underline;\">ARTYKU\u0141 6 - AUDYT I ODPOWIEDZIALNO\u015a\u0106<\/span><\/strong><\/span><\/h4>\n<p>\u00a0<\/p>\n\n<p>W momencie dostawy wsp\u00f3lnie z klientem sporz\u0105dzany jest protok\u00f3\u0142 w celu sprawdzenia przekazanych akcesori\u00f3w i dokument\u00f3w (wymienionych powy\u017cej) oraz upewnienia si\u0119, \u017ce og\u00f3lny stan pojazdu odpowiada opisowi. Od momentu wej\u015bcia w posiadanie pojazdu klient ponosi pe\u0142n\u0105 odpowiedzialno\u015b\u0107 za wszelkie ryzyko zwi\u0105zane z jego utrat\u0105 lub uszkodzeniem.<\/p>\n<p>\u00a0<\/p>\n<p>\u00a0<\/p>\n\n<h4 style=\"text-align: center;\"><span style=\"text-decoration: underline;\"><strong><span style=\"color: #003366; text-decoration: underline;\">ARTYKU\u0141 7 - GWARANCJE<\/span><\/strong><\/span><\/h4>\n<p>\u00a0<\/p>\n\n<p>Wszystkie nasze pojazdy s\u0105 wyposa\u017cone w <strong>GWARANCJA HANDLOWA<\/strong> z <strong>24 miesi\u0105ce<\/strong>oferuj\u0105c szerok\u0105 ochron\u0119 g\u0142\u00f3wnych komponent\u00f3w mechanicznych i elektronicznych. Gwarancja ta spe\u0142nia standardy jako\u015bci i niezawodno\u015bci okre\u015blone w przepisach europejskich.<\/p>\n<p>\u00a0<\/p>\n<p><span style=\"color: #003366;\"><strong><span style=\"text-decoration: underline;\">ELEMENTY OBJ\u0118TE NASZ\u0104 GWARANCJ\u0104:<\/span><\/strong><\/span><br \/><br \/><strong>1. Silnik <\/strong><br \/><strong>2. Transmisja <\/strong><br \/><strong>3. Uk\u0142ad hamulcowy<\/strong><br \/><strong>4. Uk\u0142ad kierowniczy<\/strong><br \/><strong>5. Zawieszenie<\/strong><br \/><strong>6. Uk\u0142ad elektryczny<\/strong><br \/><strong>7. Klimatyzacja<\/strong><br \/><strong>8. Sprz\u0119t i akcesoria<\/strong><br \/><strong>9. Si\u0142a robocza<\/strong><\/p>\n<p>\u00a0<\/p>\n\n<p><strong>Po potwierdzeniu zam\u00f3wienia i dope\u0142nieniu formalno\u015bci administracyjnych, w pobli\u017cu miejsca zamieszkania klienta zostanie wyznaczony partnerski warsztat, kt\u00f3ry przeprowadzi wszystkie naprawy i konserwacje obj\u0119te nasz\u0105 gwarancj\u0105.<\/strong><\/p>\n<p>\u00a0<\/p>\n<p>\u00a0<\/p>\n\n<h4 style=\"text-align: center;\"><span style=\"color: #003366;\"><strong><span style=\"text-decoration: underline;\">ARTYKU\u0141 8 - KONTROLA JAKO\u015aCI I INSPEKCJA<\/span><\/strong><\/span><\/h4>\n<p>\u00a0<\/p>\n\n<p>Przed przej\u015bciem do trybu online ka\u017cdy pojazd przechodzi rygorystyczn\u0105 inspekcj\u0119 przeprowadzan\u0105 przez specjalist\u0119 z bran\u017cy motoryzacyjnej, obejmuj\u0105c\u0105 ponad 100 punkt\u00f3w kontrolnych, w tym nadwozie, mechanik\u0119 i estetyk\u0119. Dostawa jest realizowana przez do\u015bwiadczonego kuriera, gwarantuj\u0105cego optymaln\u0105 opiek\u0119 do momentu przekazania pojazdu klientowi. Systematycznie przeprowadzane s\u0105 dwie kontrole jako\u015bci:<br \/><br \/><strong>1. Opuszczenie naszego parku logistycznego<\/strong><br \/><strong>2. Przy dostawie do klienta<\/strong><\/p>\n<p>\u00a0<\/p>\n<p>\u00a0<\/p>\n\n<h4 style=\"text-align: center;\"><span style=\"color: #003366;\"><strong><span style=\"text-decoration: underline;\">ARTYKU\u0141 9 - PRAWO DO ODST\u0104PIENIA OD UMOWY<\/span><\/strong><\/span><\/h4>\n<p>\u00a0<\/p>\n\n<p>Klienci maj\u0105 14 dni od daty dostawy na skorzystanie z prawa do odst\u0105pienia od umowy, bez obowi\u0105zku uzasadnienia swojej decyzji i bez dodatkowych koszt\u00f3w. W przypadku odst\u0105pienia od umowy pojazd musi zosta\u0107 zwr\u00f3cony w oryginalnym stanie, wraz ze wszystkimi dokumentami i akcesoriami przekazanymi w momencie dostawy. Sp\u00f3\u0142ka pokryje koszty zwrotu pojazdu i przeprowadzi pe\u0142ne badanie pojazdu przed rozpocz\u0119ciem jakiejkolwiek procedury zwrotu pieni\u0119dzy.<\/p>\n<p>\u00a0<\/p>\n<p>\u00a0<\/p>\n\n<h4 style=\"text-align: center;\"><span style=\"text-decoration: underline;\"><strong><span style=\"color: #003366; text-decoration: underline;\">ARTYKU\u0141 10 - ZWROT PIENI\u0118DZY<\/span><\/strong><\/span><\/h4>\n<p>\u00a0<\/p>\n\n<p>W przypadku odst\u0105pienia od umowy sp\u00f3\u0142ka zobowi\u0105zuje si\u0119 do zwrotu wszystkich kwot zap\u0142aconych przez klienta w terminie maksymalnie 14 dni, pod warunkiem zwrotu pojazdu i jego akcesori\u00f3w w oryginalnym stanie, bez uszkodze\u0144 lub zmian.<\/p>\n<p>\u00a0<\/p>\n<p>\u00a0<\/p>\n\n<h4 style=\"text-align: center;\"><span style=\"color: #003366;\"><strong><span style=\"text-decoration: underline;\">ARTYKU\u0141 11 - OP\u00d3\u0179NIENIE W DOSTAWIE<\/span><\/strong><\/span><\/h4>\n<p>\u00a0<\/p>\n\n<p>W przypadku op\u00f3\u017anienia w dostawie lub braku dostawy zgodnie z artyku\u0142em L216-2 francuskiego kodeksu konsumenckiego i dyrektyw\u0105 2011\/83\/UE w sprawie praw konsument\u00f3w, klient mo\u017ce odst\u0105pi\u0107 od umowy i domaga\u0107 si\u0119 odszkodowania, je\u015bli firma nie dotrzyma\u0142a uzgodnionego terminu.<br \/>Anulowanie mo\u017ce nast\u0105pi\u0107 po wys\u0142aniu formalnego \u017c\u0105dania listem poleconym za potwierdzeniem odbioru, wymagaj\u0105cego realizacji dostawy w rozs\u0105dnym terminie. W przypadku braku odpowiedzi lub realizacji w tym okresie, umowa mo\u017ce zosta\u0107 rozwi\u0105zana, a klient b\u0119dzie uprawniony do pe\u0142nego zwrotu koszt\u00f3w, a tak\u017ce odszkodowania za wszelkie poniesione straty.<\/p>\n<p>\u00a0<\/p>\n<p>\u00a0<\/p>\n\n<h4 style=\"text-align: center;\"><span style=\"text-decoration: underline;\"><strong><span style=\"color: #003366; text-decoration: underline;\">ARTYKU\u0141 12 - TESTOWANIE I WIZUALIZACJA POJAZDU<\/span><\/strong><\/span><\/h4>\n<p>\u00a0<\/p>\n\n<p>Poniewa\u017c jest to zakup online, nie ma mo\u017cliwo\u015bci obejrzenia lub przetestowania pojazdu przed z\u0142o\u017ceniem zam\u00f3wienia. Aby jednak zapewni\u0107 maksymaln\u0105 przejrzysto\u015b\u0107, udost\u0119pniamy szczeg\u00f3\u0142owe, realistyczne zdj\u0119cia, dzi\u0119ki kt\u00f3rym mo\u017cna obejrze\u0107 pojazd praktycznie pod ka\u017cdym k\u0105tem.<\/p>\n<p>Co wi\u0119cej, ka\u017cdy zakup obj\u0119ty jest gwarancj\u0105 zwrotu pieni\u0119dzy wa\u017cn\u0105 przez 14 dni od daty dostawy, a tak\u017ce ochron\u0105 przed ukrytymi wadami.<\/p>\t\t\t\t\t\t\t\t<\/div>\n\t\t\t\t\t<\/div>\n\t\t\t\t<\/div>\n\t\t\t\t<\/div>","protected":false},"excerpt":{"rendered":"<p>MOD\u00c8LE D&rsquo;AFFAIRES\u00a0 \u00a0 Notre mod\u00e8le d\u2019affaires repose sur une strat\u00e9gie innovante centr\u00e9e sur la vente exclusivement en ligne. En \u00e9liminant la gestion d\u2019un entrep\u00f4t physique, nous r\u00e9duisons consid\u00e9rablement les co\u00fbts associ\u00e9s \u00e0 un stock traditionnel. Nos voitures sont soigneusement s\u00e9lectionn\u00e9es issues de stocks exc\u00e9dentaires ou acquises aux conditions du commerce de gros aupr\u00e8s de concessionnaires [&hellip;]<\/p>\n","protected":false},"author":1,"featured_media":0,"parent":0,"menu_order":0,"comment_status":"closed","ping_status":"closed","template":"","meta":{"om_disable_all_campaigns":false,"_monsterinsights_skip_tracking":false,"_monsterinsights_sitenote_active":false,"_monsterinsights_sitenote_note":"","_monsterinsights_sitenote_category":0,"footnotes":""},"class_list":["post-643","page","type-page","status-publish","hentry"],"aioseo_notices":[],"_hostinger_reach_plugin_has_subscription_block":false,"_hostinger_reach_plugin_is_elementor":false,"_links":{"self":[{"href":"https:\/\/gkautogmbh.com\/pl\/wp-json\/wp\/v2\/pages\/643","targetHints":{"allow":["GET"]}}],"collection":[{"href":"https:\/\/gkautogmbh.com\/pl\/wp-json\/wp\/v2\/pages"}],"about":[{"href":"https:\/\/gkautogmbh.com\/pl\/wp-json\/wp\/v2\/types\/page"}],"author":[{"embeddable":true,"href":"https:\/\/gkautogmbh.com\/pl\/wp-json\/wp\/v2\/users\/1"}],"replies":[{"embeddable":true,"href":"https:\/\/gkautogmbh.com\/pl\/wp-json\/wp\/v2\/comments?post=643"}],"version-history":[{"count":242,"href":"https:\/\/gkautogmbh.com\/pl\/wp-json\/wp\/v2\/pages\/643\/revisions"}],"predecessor-version":[{"id":3330,"href":"https:\/\/gkautogmbh.com\/pl\/wp-json\/wp\/v2\/pages\/643\/revisions\/3330"}],"wp:attachment":[{"href":"https:\/\/gkautogmbh.com\/pl\/wp-json\/wp\/v2\/media?parent=643"}],"curies":[{"name":"wp","href":"https:\/\/api.w.org\/{rel}","templated":true}]}}