{"id":643,"date":"2025-07-11T20:39:56","date_gmt":"2025-07-11T20:39:56","guid":{"rendered":"https:\/\/gkautogmbh.com\/?page_id=643"},"modified":"2025-09-15T12:33:50","modified_gmt":"2025-09-15T12:33:50","slug":"condicoes-gerais-de-venda","status":"publish","type":"page","link":"https:\/\/gkautogmbh.com\/pt\/conditions-generales-de-ventes\/","title":{"rendered":"Termos e condi\u00e7\u00f5es gerais de venda (TCGV)"},"content":{"rendered":"<div data-elementor-type=\"wp-page\" data-elementor-id=\"643\" class=\"elementor elementor-643\" data-elementor-post-type=\"page\">\n\t\t\t\t<div class=\"elementor-element elementor-element-33ca04a4 e-flex e-con-boxed e-con e-parent\" data-id=\"33ca04a4\" data-element_type=\"container\" data-e-type=\"container\" data-settings=\"{&quot;background_background&quot;:&quot;classic&quot;}\">\n\t\t\t\t\t<div class=\"e-con-inner\">\n\t\t\t\t<div class=\"elementor-element elementor-element-5f3e38aa elementor-widget elementor-widget-text-editor\" data-id=\"5f3e38aa\" data-element_type=\"widget\" data-e-type=\"widget\" data-widget_type=\"text-editor.default\">\n\t\t\t\t\t\t\t\t\t\n<h3 class=\"wp-block-heading has-text-align-center\" style=\"text-align: center;\"><strong><span style=\"text-decoration: underline; color: #003366;\">MODELO DE NEG\u00d3CIO<\/span>\u00a0<\/strong><\/h3>\n\n<p>\u00a0<\/p>\n\n<p style=\"text-align: center;\"><span style=\"color: #000000;\"><strong>O nosso modelo de neg\u00f3cio baseia-se numa estrat\u00e9gia inovadora centrada na venda exclusivamente online. Ao eliminar a necessidade de gerir um armaz\u00e9m f\u00edsico, reduzimos significativamente os custos associados a um stock tradicional.<\/strong><\/span><\/p>\n<p style=\"text-align: center;\"><span style=\"color: #000000;\"><strong>Os nossos autom\u00f3veis s\u00e3o cuidadosamente selecionados a partir de stocks excedent\u00e1rios ou comprados por grosso a concession\u00e1rios de renome, garantindo uma rela\u00e7\u00e3o qualidade-pre\u00e7o excecional.<\/strong><\/span><\/p>\n<p style=\"text-align: center;\"><span style=\"color: #000000;\"><strong>Gra\u00e7as a esta estrat\u00e9gia e ao nosso modelo de venda exclusivamente em linha, podemos oferecer-lhe uma experi\u00eancia de compra simples, econ\u00f3mica e perfeitamente adaptada \u00e0s suas necessidades.<\/strong><\/span><\/p>\n<p>\u00a0<\/p>\n\n<h3 class=\"wp-block-heading has-text-align-center\" style=\"text-align: center;\"><strong><span style=\"text-decoration: underline; color: #003366;\">IMPORTANTE<\/span><\/strong><\/h3>\n<p>\u00a0<\/p>\n\n<p style=\"text-align: center;\"><span style=\"color: #003300;\"><strong>O utilizador reconhece que \u00e9 maior de idade e legalmente capaz de celebrar um contrato. Leia atentamente os nossos TERMOS E CONDI\u00c7\u00d5ES GERAIS DE VENDA (TCGV), que especificam as etapas a seguir para concluir a sua compra.<\/strong><\/span><\/p>\n<p>\u00a0<\/p>\n<p>\u00a0<\/p>\n\n<h4 style=\"text-align: center;\"><strong><span style=\"text-decoration: underline; color: #003366;\">ARTIGO 1.\u00ba - PRAZO DE ENTREGA<\/span><\/strong><\/h4>\n<p>\u00a0<\/p>\n\n<p>As nossas entregas s\u00e3o efectuadas ao abrigo de <b>5<\/b>\u00a0\u00e0\u00a0<b>7<\/b> dias \u00fateis em qualquer parte do <b>Europa continental.<\/b> Os ve\u00edculos s\u00e3o transportados por cami\u00e3o, o que garante a sua seguran\u00e7a e prote\u00e7\u00e3o. Para destinos insulares <b>(como a Reuni\u00e3o, a Madeira, Guadalupe, Porto Santo, Martinica, A\u00e7ores, S\u00e3o Jorge, etc.).<\/b>\u00a0o prazo de entrega estimado \u00e9 entre <b>14<\/b> e <b>21<\/b>\u00a0dias \u00fateis.<\/p>\n<p>\u00a0<\/p>\n<p>\u00a0<\/p>\n<p>\u00a0<\/p>\n\n<h4 style=\"text-align: center;\"><strong><span style=\"text-decoration: underline; color: #003366;\">ARTIGO 2.\u00ba - CUSTOS DE ENTREGA<\/span><\/strong><\/h4>\n<p>\u00a0<\/p>\n\n<p>1 - Europa Continental : <strong>500 \u20ac<\/strong><br \/>2 - Destinos insulares (<strong>Reuni\u00e3o, Madeira, Guadalupe, Porto Santo, Martinica, A\u00e7ores, S\u00e3o Jorge, etc.<\/strong>) : <strong>1 200 \u20ac<\/strong><\/p>\n<p>\u00a0<\/p>\n<p>\u00a0<\/p>\n\n<h4 style=\"text-align: center;\"><span style=\"color: #003366;\"><strong><span style=\"text-decoration: underline;\">ARTIGO 3.\u00ba - MODALIDADES DE PAGAMENTO<\/span><\/strong><\/span><\/h4>\n<p>\u00a0<\/p>\n\n<p>Todos os nossos pagamentos s\u00e3o efectuados exclusivamente por <b>transfer\u00eancia banc\u00e1ria<\/b>. Um desconto comercial de <b>10 %<\/b> \u00e9 aplicado ao pre\u00e7o de venda do ve\u00edculo se o pagamento for efectuado na totalidade no momento da encomenda. <b>As despesas de envio n\u00e3o est\u00e3o inclu\u00eddas neste desconto.<\/b><\/p>\n<p>\u00a0<\/p>\n<p>\u00a0<\/p>\n<p>\u00a0<\/p>\n\n<h4 style=\"text-align: center;\"><span style=\"text-decoration: underline; color: #003366;\"><strong>ARTIGO 4.\u00ba - PROCESSO DE ENCOMENDA<\/strong><\/span><\/h4>\n<p>\u00a0<\/p>\n\n<p><strong>1 &#8211;<\/strong> Para encomendar um ve\u00edculo, um <b>Formul\u00e1rio de encomenda<\/b>\u00a0bem como um\u00a0<b>Contrato de venda<\/b>\u00a0deve ser redigido e assinado por ambas as partes.<br \/><br \/><strong>2 &#8211;<\/strong> Para elaborar a nota de encomenda e o contrato de venda, gerir os procedimentos de importa\u00e7\u00e3o\/exporta\u00e7\u00e3o e atualizar o certificado de matr\u00edcula e os documentos do ve\u00edculo, o cliente deve fornecer as informa\u00e7\u00f5es seguintes:<br \/><br \/><b>- Uma c\u00f3pia recente de um comprovativo de morada (fatura de eletricidade, g\u00e1s ou \u00e1gua, liquida\u00e7\u00e3o de impostos, recibo de renda, etc.):<\/b><br \/><b>- Uma c\u00f3pia de ambos os lados do bilhete de identidade:<\/b><br \/><b>- O seu endere\u00e7o residencial completo :<\/b><br \/><b>- N\u00famero de telem\u00f3vel :<\/b><br \/><b>- Um endere\u00e7o de correio eletr\u00f3nico v\u00e1lido :<\/b><br \/><br \/>Estas informa\u00e7\u00f5es s\u00e3o necess\u00e1rias para garantir a conformidade administrativa e o processamento eficiente das encomendas.<br \/><br \/><strong>3 &#8211;<\/strong> Para ve\u00edculos no valor de <b>BAIXO<\/b>\u00a0\u00e0\u00a0<b>10 000 \u20ac<\/b>\u00a0um dep\u00f3sito de\u00a0<b>80 %<\/b> o pre\u00e7o de venda do ve\u00edculo, acrescido de eventuais despesas de entrega <b>(500 euros ou 1.200 euros) <\/b>\u00e9 exigido no momento em que a encomenda \u00e9 efectuada. O saldo de <b>20 %<\/b> deve ser pago no final do per\u00edodo experimental de\u00a0<b>14 dias<\/b>.<br \/><br \/><strong>4 &#8211;<\/strong> Para ve\u00edculos no valor de <b>TOP<\/b>\u00a0\u00e0\u00a0<b>10 000 \u20ac<\/b> um dep\u00f3sito de\u00a0<b>30 %<\/b> o pre\u00e7o de venda do ve\u00edculo, acrescido de eventuais despesas de entrega <b>(500 euros ou 1.200 euros) <\/b>\u00e9 exigido no momento em que a encomenda \u00e9 efectuada. O saldo de <b>70 %<\/b> deve ser pago no final do per\u00edodo experimental de\u00a0<b>14 dias<\/b>.<br \/><br \/><strong>5 - Pagamento integral<\/strong> pagamento integral no momento da encomenda.<br \/>Este montante inclui o pre\u00e7o do ve\u00edculo, bem como as despesas de entrega aplic\u00e1veis. <strong>(500 euros ou 1.200 euros)<\/strong>.<br \/><br \/><span style=\"text-decoration: underline;\"><strong>VANTAGEM<\/strong><\/span> para todos <strong>pagamento integral<\/strong> no momento da encomenda, beneficiar\u00e1 de um desconto comercial de <strong>10 %<\/strong> sobre o pre\u00e7o do ve\u00edculo. <strong>As despesas de envio n\u00e3o est\u00e3o inclu\u00eddas neste desconto.<\/strong><\/p>\n<p>\u00a0<\/p>\n<p>\u00a0<\/p>\n\n<h4 style=\"text-align: center;\"><span style=\"color: #003366;\"><strong><span style=\"text-decoration: underline;\">ARTIGO 5.\u00ba - DOCUMENTOS E CONTROLO<\/span><\/strong><\/span><\/h4>\n<p>\u00a0<\/p>\n\n<p>Para os ve\u00edculos importados da Alemanha para outro pa\u00eds da UE, os documentos administrativos, incluindo o documento de registo do ve\u00edculo e quaisquer outros documentos, ser\u00e3o actualizados em nome do novo propriet\u00e1rio, em conformidade com os requisitos regulamentares do pa\u00eds de destino. Tratamos de todas as formalidades administrativas relacionadas com a compra do ve\u00edculo, incluindo..:<br \/><br \/><strong>Atualiza\u00e7\u00e3o dos documentos em nome do novo comprador\u00a0<\/strong><br \/><strong>Registo e seguro\u00a0<\/strong><br \/><strong>Todas as formalidades necess\u00e1rias para a entrega ao domic\u00edlio<\/strong><br \/><br \/>O ve\u00edculo ser\u00e1 entregue com uma matr\u00edcula provis\u00f3ria e a matr\u00edcula definitiva ser\u00e1 entregue ao cliente no prazo m\u00e1ximo de 14 dias ap\u00f3s a entrega, correspondente ao per\u00edodo experimental. Est\u00e1 igualmente inclu\u00eddo um seguro provis\u00f3rio de 30 dias, que dever\u00e1 ser renovado ou substitu\u00eddo por um seguro definitivo antes do seu termo.<br \/><br \/><\/p>\n<p><strong><span style=\"text-decoration: underline; color: #003366;\">DOCUMENTOS DISPON\u00cdVEIS AQUANDO DA ENTREGA:<\/span><\/strong><\/p>\n<p>\u00a0<\/p>\n<p><strong>1. Documento de registo do ve\u00edculo<\/strong><br \/><strong>2. Certificado de conformidade<\/strong><br \/><strong>3. Relat\u00f3rio de inspe\u00e7\u00e3o t\u00e9cnica<\/strong><br \/><strong>4. Certificado de transfer\u00eancia<\/strong><br \/><strong>5. Fatura de compra<\/strong><br \/><strong>6. Caderno de manuten\u00e7\u00e3o<\/strong><br \/><strong>7. Chaves do ve\u00edculo<\/strong><br \/><strong>8. Manual do utilizador<\/strong><br \/><strong>9. Certificado de garantia<\/strong><br \/><strong>10. Relat\u00f3rio de inspe\u00e7\u00e3o<\/strong><br \/><strong>11. Declara\u00e7\u00e3o de conformidade com as normas ambientais<\/strong><br \/><strong>12. Certificado provis\u00f3rio de seguro<\/strong><br \/><strong>13. Quita\u00e7\u00e3o fiscal<\/strong><br \/><strong>14. Relat\u00f3rio do historial do ve\u00edculo<\/strong><\/p>\n<p>\u00a0<\/p>\n<p>\u00a0<\/p>\n\n<h4 style=\"text-align: center;\"><span style=\"color: #003366;\"><strong><span style=\"text-decoration: underline;\">ARTIGO 6.\u00ba - AUDITORIA E RESPONSABILIDADE<\/span><\/strong><\/span><\/h4>\n<p>\u00a0<\/p>\n\n<p>No momento da entrega, \u00e9 elaborado um relat\u00f3rio em conjunto com o cliente, a fim de verificar os acess\u00f3rios e os documentos entregues (acima referidos) e de assegurar que o estado geral do ve\u00edculo corresponde \u00e0 descri\u00e7\u00e3o. A partir do momento em que o cliente toma posse do ve\u00edculo, assume toda a responsabilidade por todos os riscos associados a qualquer perda ou dano.<\/p>\n<p>\u00a0<\/p>\n<p>\u00a0<\/p>\n\n<h4 style=\"text-align: center;\"><span style=\"text-decoration: underline;\"><strong><span style=\"color: #003366; text-decoration: underline;\">ARTIGO 7.\u00ba - GARANTIAS<\/span><\/strong><\/span><\/h4>\n<p>\u00a0<\/p>\n\n<p>Todos os nossos ve\u00edculos est\u00e3o equipados com um <strong>GARANTIA COMERCIAL<\/strong> de <strong>24 meses<\/strong>que oferece uma prote\u00e7\u00e3o alargada dos principais componentes mec\u00e2nicos e electr\u00f3nicos. Esta garantia responde \u00e0s normas de qualidade e fiabilidade definidas pela regulamenta\u00e7\u00e3o europeia.<\/p>\n<p>\u00a0<\/p>\n<p><span style=\"color: #003366;\"><strong><span style=\"text-decoration: underline;\">ARTIGOS COBERTOS PELA NOSSA GARANTIA:<\/span><\/strong><\/span><br \/><br \/><strong>1. Motor <\/strong><br \/><strong>2. Transmiss\u00e3o <\/strong><br \/><strong>3. Sistema de travagem<\/strong><br \/><strong>4. Sistema de dire\u00e7\u00e3o<\/strong><br \/><strong>5. Suspens\u00e3o<\/strong><br \/><strong>6. Sistema el\u00e9trico<\/strong><br \/><strong>7. Ar condicionado<\/strong><br \/><strong>8. Equipamentos e acess\u00f3rios<\/strong><br \/><strong>9. M\u00e3o de obra<\/strong><\/p>\n<p>\u00a0<\/p>\n\n<p><strong>Assim que a sua encomenda for confirmada e as formalidades administrativas forem cumpridas, ser-lhe-\u00e1 atribu\u00edda uma oficina parceira pr\u00f3xima do seu domic\u00edlio para efetuar todas as repara\u00e7\u00f5es e manuten\u00e7\u00f5es cobertas pela nossa garantia.<\/strong><\/p>\n<p>\u00a0<\/p>\n<p>\u00a0<\/p>\n\n<h4 style=\"text-align: center;\"><span style=\"color: #003366;\"><strong><span style=\"text-decoration: underline;\">ARTIGO 8.\u00ba - CONTROLO DE QUALIDADE E INSPEC\u00c7\u00c3O<\/span><\/strong><\/span><\/h4>\n<p>\u00a0<\/p>\n\n<p>Antes de ser colocado em linha, cada ve\u00edculo \u00e9 submetido a uma inspe\u00e7\u00e3o rigorosa por um profissional do sector autom\u00f3vel que abrange mais de 100 pontos de controlo, incluindo a carro\u00e7aria, a mec\u00e2nica e a est\u00e9tica. A entrega \u00e9 efectuada por um estafeta experiente, que garante o melhor tratamento at\u00e9 \u00e0 entrega do ve\u00edculo ao cliente. S\u00e3o efectuados sistematicamente dois controlos de qualidade:<br \/><br \/><strong>1. Sa\u00edda do nosso parque log\u00edstico<\/strong><br \/><strong>2. Aquando da entrega ao cliente<\/strong><\/p>\n<p>\u00a0<\/p>\n<p>\u00a0<\/p>\n\n<h4 style=\"text-align: center;\"><span style=\"color: #003366;\"><strong><span style=\"text-decoration: underline;\">ARTIGO 9.\u00ba - DIREITO DE RETRACTA\u00c7\u00c3O<\/span><\/strong><\/span><\/h4>\n<p>\u00a0<\/p>\n\n<p>O cliente disp\u00f5e de um prazo de 14 dias a contar da data de entrega para exercer o seu direito de retrata\u00e7\u00e3o, sem obriga\u00e7\u00e3o de justificar a sua decis\u00e3o e sem qualquer custo adicional. Em caso de retrata\u00e7\u00e3o, o ve\u00edculo deve ser devolvido no seu estado original, acompanhado de todos os documentos e acess\u00f3rios entregues no momento da entrega. A empresa assumir\u00e1 as despesas de devolu\u00e7\u00e3o do ve\u00edculo e proceder\u00e1 a um exame completo do ve\u00edculo antes de dar in\u00edcio a qualquer procedimento de reembolso.<\/p>\n<p>\u00a0<\/p>\n<p>\u00a0<\/p>\n\n<h4 style=\"text-align: center;\"><span style=\"text-decoration: underline;\"><strong><span style=\"color: #003366; text-decoration: underline;\">ARTIGO 10\u00ba - REEMBOLSO<\/span><\/strong><\/span><\/h4>\n<p>\u00a0<\/p>\n\n<p>Em caso de rescis\u00e3o, a empresa compromete-se a reembolsar todas as somas pagas pelo cliente num prazo m\u00e1ximo de 14 dias, sob reserva da devolu\u00e7\u00e3o do ve\u00edculo e dos seus acess\u00f3rios no seu estado inicial, sem danos nem altera\u00e7\u00f5es.<\/p>\n<p>\u00a0<\/p>\n<p>\u00a0<\/p>\n\n<h4 style=\"text-align: center;\"><span style=\"color: #003366;\"><strong><span style=\"text-decoration: underline;\">ARTIGO 11\u00ba - ATRASO NA ENTREGA<\/span><\/strong><\/span><\/h4>\n<p>\u00a0<\/p>\n\n<p>Em caso de atraso na entrega ou de n\u00e3o entrega, em conformidade com o artigo L216-2 do C\u00f3digo do Consumo franc\u00eas e com a Diretiva 2011\/83\/UE relativa aos direitos dos consumidores, o cliente pode rescindir o contrato e pedir uma indemniza\u00e7\u00e3o se a empresa n\u00e3o tiver respeitado o prazo acordado.<br \/>Esta anula\u00e7\u00e3o pode ter lugar ap\u00f3s o envio de um pedido formal por carta registada com aviso de rece\u00e7\u00e3o, exigindo que a entrega seja efectuada num prazo razo\u00e1vel. Na aus\u00eancia de resposta ou de execu\u00e7\u00e3o dentro desse prazo, o contrato pode ser rescindido e o cliente ter\u00e1 direito a um reembolso total, bem como a uma indemniza\u00e7\u00e3o por qualquer preju\u00edzo sofrido.<\/p>\n<p>\u00a0<\/p>\n<p>\u00a0<\/p>\n\n<h4 style=\"text-align: center;\"><span style=\"text-decoration: underline;\"><strong><span style=\"color: #003366; text-decoration: underline;\">ARTIGO 12\u00ba - ENSAIO E VISUALIZA\u00c7\u00c3O DO VE\u00cdCULO<\/span><\/strong><\/span><\/h4>\n<p>\u00a0<\/p>\n\n<p>Uma vez que se trata de uma compra em linha, n\u00e3o \u00e9 poss\u00edvel ver ou fazer um test drive do ve\u00edculo antes de efetuar a sua encomenda. No entanto, para garantir a m\u00e1xima transpar\u00eancia, fornecemos fotografias detalhadas e realistas para que possa examinar o ve\u00edculo virtualmente de todos os \u00e2ngulos.<\/p>\n<p>Al\u00e9m disso, cada compra est\u00e1 coberta por uma garantia de devolu\u00e7\u00e3o do dinheiro v\u00e1lida durante 14 dias a partir da data de entrega, bem como por uma prote\u00e7\u00e3o contra defeitos ocultos.<\/p>\t\t\t\t\t\t\t\t<\/div>\n\t\t\t\t\t<\/div>\n\t\t\t\t<\/div>\n\t\t\t\t<\/div>","protected":false},"excerpt":{"rendered":"<p>MOD\u00c8LE D&rsquo;AFFAIRES\u00a0 \u00a0 Notre mod\u00e8le d\u2019affaires repose sur une strat\u00e9gie innovante centr\u00e9e sur la vente exclusivement en ligne. En \u00e9liminant la gestion d\u2019un entrep\u00f4t physique, nous r\u00e9duisons consid\u00e9rablement les co\u00fbts associ\u00e9s \u00e0 un stock traditionnel. Nos voitures sont soigneusement s\u00e9lectionn\u00e9es issues de stocks exc\u00e9dentaires ou acquises aux conditions du commerce de gros aupr\u00e8s de concessionnaires [&hellip;]<\/p>\n","protected":false},"author":1,"featured_media":0,"parent":0,"menu_order":0,"comment_status":"closed","ping_status":"closed","template":"","meta":{"om_disable_all_campaigns":false,"_monsterinsights_skip_tracking":false,"_monsterinsights_sitenote_active":false,"_monsterinsights_sitenote_note":"","_monsterinsights_sitenote_category":0,"footnotes":""},"class_list":["post-643","page","type-page","status-publish","hentry"],"aioseo_notices":[],"_hostinger_reach_plugin_has_subscription_block":false,"_hostinger_reach_plugin_is_elementor":false,"_links":{"self":[{"href":"https:\/\/gkautogmbh.com\/pt\/wp-json\/wp\/v2\/pages\/643","targetHints":{"allow":["GET"]}}],"collection":[{"href":"https:\/\/gkautogmbh.com\/pt\/wp-json\/wp\/v2\/pages"}],"about":[{"href":"https:\/\/gkautogmbh.com\/pt\/wp-json\/wp\/v2\/types\/page"}],"author":[{"embeddable":true,"href":"https:\/\/gkautogmbh.com\/pt\/wp-json\/wp\/v2\/users\/1"}],"replies":[{"embeddable":true,"href":"https:\/\/gkautogmbh.com\/pt\/wp-json\/wp\/v2\/comments?post=643"}],"version-history":[{"count":242,"href":"https:\/\/gkautogmbh.com\/pt\/wp-json\/wp\/v2\/pages\/643\/revisions"}],"predecessor-version":[{"id":3330,"href":"https:\/\/gkautogmbh.com\/pt\/wp-json\/wp\/v2\/pages\/643\/revisions\/3330"}],"wp:attachment":[{"href":"https:\/\/gkautogmbh.com\/pt\/wp-json\/wp\/v2\/media?parent=643"}],"curies":[{"name":"wp","href":"https:\/\/api.w.org\/{rel}","templated":true}]}}