{"id":643,"date":"2025-07-11T20:39:56","date_gmt":"2025-07-11T20:39:56","guid":{"rendered":"https:\/\/gkautogmbh.com\/?page_id=643"},"modified":"2025-09-15T12:33:50","modified_gmt":"2025-09-15T12:33:50","slug":"termeni-si-conditii-generale-de-vanzare","status":"publish","type":"page","link":"https:\/\/gkautogmbh.com\/ro\/conditions-generales-de-ventes\/","title":{"rendered":"Termeni \u0219i condi\u021bii generale de v\u00e2nzare (GTCS)"},"content":{"rendered":"<div data-elementor-type=\"wp-page\" data-elementor-id=\"643\" class=\"elementor elementor-643\" data-elementor-post-type=\"page\">\n\t\t\t\t<div class=\"elementor-element elementor-element-33ca04a4 e-flex e-con-boxed e-con e-parent\" data-id=\"33ca04a4\" data-element_type=\"container\" data-e-type=\"container\" data-settings=\"{&quot;background_background&quot;:&quot;classic&quot;}\">\n\t\t\t\t\t<div class=\"e-con-inner\">\n\t\t\t\t<div class=\"elementor-element elementor-element-5f3e38aa elementor-widget elementor-widget-text-editor\" data-id=\"5f3e38aa\" data-element_type=\"widget\" data-e-type=\"widget\" data-widget_type=\"text-editor.default\">\n\t\t\t\t\t\t\t\t\t\n<h3 class=\"wp-block-heading has-text-align-center\" style=\"text-align: center;\"><strong><span style=\"text-decoration: underline; color: #003366;\">MODEL DE AFACERI<\/span>\u00a0<\/strong><\/h3>\n\n<p>\u00a0<\/p>\n\n<p style=\"text-align: center;\"><span style=\"color: #000000;\"><strong>Modelul nostru de afaceri se bazeaz\u0103 pe o strategie inovatoare axat\u0103 pe v\u00e2nzarea exclusiv online. Prin eliminarea nevoii de a gestiona un depozit fizic, reducem semnificativ costurile asociate cu un stoc tradi\u021bional.<\/strong><\/span><\/p>\n<p style=\"text-align: center;\"><span style=\"color: #000000;\"><strong>Ma\u0219inile noastre sunt atent selectate din stocurile excedentare sau achizi\u021bionate cu ridicata de la dealeri de renume, garant\u00e2nd un raport calitate\/pre\u021b excep\u021bional.<\/strong><\/span><\/p>\n<p style=\"text-align: center;\"><span style=\"color: #000000;\"><strong>Datorit\u0103 acestei strategii \u0219i modelului nostru de v\u00e2nz\u0103ri exclusiv online, v\u0103 putem oferi o experien\u021b\u0103 de cump\u0103rare simpl\u0103, rentabil\u0103 \u0219i perfect adaptat\u0103 nevoilor dumneavoastr\u0103.<\/strong><\/span><\/p>\n<p>\u00a0<\/p>\n\n<h3 class=\"wp-block-heading has-text-align-center\" style=\"text-align: center;\"><strong><span style=\"text-decoration: underline; color: #003366;\">IMPORTANT<\/span><\/strong><\/h3>\n<p>\u00a0<\/p>\n\n<p style=\"text-align: center;\"><span style=\"color: #003300;\"><strong>Recunoa\u0219te\u021bi c\u0103 sunte\u021bi major \u0219i ave\u021bi capacitatea legal\u0103 de a \u00eencheia un contract. V\u0103 rug\u0103m s\u0103 citi\u021bi cu aten\u021bie TERMENII \u0218I CONDI\u021aIILE GENERALE DE V\u00c2NZARE (CGV), care detaliaz\u0103 pa\u0219ii pe care trebuie s\u0103 \u00eei urma\u021bi pentru a finaliza achizi\u021bia.<\/strong><\/span><\/p>\n<p>\u00a0<\/p>\n<p>\u00a0<\/p>\n\n<h4 style=\"text-align: center;\"><strong><span style=\"text-decoration: underline; color: #003366;\">ARTICLE n\u00b01 &#8211; D\u00c9LAI DE LIVRAISON<\/span><\/strong><\/h4>\n<p>\u00a0<\/p>\n\n<p>Livr\u0103rile noastre sunt efectuate \u00een conformitate cu <b>5<\/b>\u00a0\u00e0\u00a0<b>7<\/b> zile lucr\u0103toare oriunde \u00een <b>Europa continental\u0103.<\/b> Vehiculele sunt transportate cu camionul, asigur\u00e2ndu-se astfel siguran\u021ba \u0219i protec\u021bia acestora. Pentru destina\u021biile insulare <b>(precum R\u00e9union, Madeira, Guadelupa, Porto Santo, Martinica, Azore, S\u00e3o Jorge etc.).<\/b>\u00a0termenul de livrare estimat este \u00eentre <b>14<\/b> \u0219i <b>21<\/b>\u00a0zile lucr\u0103toare.<\/p>\n<p>\u00a0<\/p>\n<p>\u00a0<\/p>\n<p>\u00a0<\/p>\n\n<h4 style=\"text-align: center;\"><strong><span style=\"text-decoration: underline; color: #003366;\">ARTICLE n\u00b02 &#8211; FRAIS DE LIVRAISON<\/span><\/strong><\/h4>\n<p>\u00a0<\/p>\n\n<p>1 - Europa continental\u0103 : <strong>500 \u20ac<\/strong><br \/>2 - Destina\u021bii insulare (<strong>Reunion, Madeira, Guadelupa, Porto Santo, Martinica, Azore, S\u00e3o Jorge etc.<\/strong>) : <strong>1 200 \u20ac<\/strong><\/p>\n<p>\u00a0<\/p>\n<p>\u00a0<\/p>\n\n<h4 style=\"text-align: center;\"><span style=\"color: #003366;\"><strong><span style=\"text-decoration: underline;\">ARTICLE n\u00b03 &#8211; MODES DE PAIEMENT<\/span><\/strong><\/span><\/h4>\n<p>\u00a0<\/p>\n\n<p>Toate pl\u0103\u021bile noastre sunt efectuate exclusiv prin <b>transfer bancar<\/b>. O reducere comercial\u0103 de <b>10 %<\/b> se aplic\u0103 la pre\u021bul de v\u00e2nzare al vehiculului \u00een cazul \u00een care plata se efectueaz\u0103 integral \u00een momentul plas\u0103rii comenzii. <b>Taxele de livrare nu sunt incluse \u00een aceast\u0103 reducere.<\/b><\/p>\n<p>\u00a0<\/p>\n<p>\u00a0<\/p>\n<p>\u00a0<\/p>\n\n<h4 style=\"text-align: center;\"><span style=\"text-decoration: underline; color: #003366;\"><strong>ARTICLE n\u00b04 &#8211; PROCESSUS DE COMMANDE<\/strong><\/span><\/h4>\n<p>\u00a0<\/p>\n\n<p><strong>1 &#8211;<\/strong> Pentru a comanda un vehicul, un <b>Formular de comand\u0103<\/b>\u00a0precum \u0219i o\u00a0<b>Contract de v\u00e2nzare<\/b>\u00a0trebuie s\u0103 fie \u00eentocmit \u0219i semnat de ambele p\u0103r\u021bi.<br \/><br \/><strong>2 &#8211;<\/strong> Pentru a \u00eentocmi bonul de comand\u0103 \u0219i contractul de v\u00e2nzare, pentru a gestiona procedurile de import\/export \u0219i pentru a actualiza certificatul de \u00eenmatriculare \u0219i documentele vehiculului, clientul trebuie s\u0103 furnizeze urm\u0103toarele informa\u021bii:<br \/><br \/><b>- O copie recent\u0103 a unei dovezi a adresei (factur\u0103 de electricitate, gaz sau ap\u0103, certificat fiscal, chitan\u021b\u0103 de chirie etc.):<\/b><br \/><b>- O copie a c\u0103r\u021bii de identitate pe ambele p\u0103r\u021bi:<\/b><br \/><b>- Adresa dumneavoastr\u0103 complet\u0103 de domiciliu :<\/b><br \/><b>- Num\u0103rul s\u0103u de telefon mobil :<\/b><br \/><b>- O adres\u0103 de e-mail valid\u0103 :<\/b><br \/><br \/>Aceste informa\u021bii sunt necesare pentru a asigura conformitatea administrativ\u0103 \u0219i prelucrarea eficient\u0103 a comenzilor.<br \/><br \/><strong>3 &#8211;<\/strong> Pentru vehiculele \u00een valoare de <b>MAI JOS<\/b>\u00a0\u00e0\u00a0<b>10 000 \u20ac<\/b>\u00a0un depozit de\u00a0<b>80 %<\/b> pre\u021bul de v\u00e2nzare al vehiculului, plus orice taxe de livrare aplicabile <b>(500 \u20ac sau 1.200 \u20ac) <\/b>este necesar la momentul plas\u0103rii comenzii. Soldul de <b>20 %<\/b> trebuie pl\u0103tit\u0103 la sf\u00e2r\u0219itul perioadei de prob\u0103 de\u00a0<b>14 zile<\/b>.<br \/><br \/><strong>4 &#8211;<\/strong> Pentru vehiculele \u00een valoare de <b>TOP<\/b>\u00a0\u00e0\u00a0<b>10 000 \u20ac<\/b> un depozit de\u00a0<b>30 %<\/b> pre\u021bul de v\u00e2nzare al vehiculului, plus orice taxe de livrare aplicabile <b>(500 \u20ac sau 1.200 \u20ac) <\/b>este necesar la momentul plas\u0103rii comenzii. Soldul de <b>70 %<\/b> trebuie pl\u0103tit\u0103 la sf\u00e2r\u0219itul perioadei de prob\u0103 de\u00a0<b>14 zile<\/b>.<br \/><br \/><strong>5 - Plata integral\u0103<\/strong> plata integral\u0103 \u00een momentul comenzii.<br \/>Aceast\u0103 sum\u0103 include pre\u021bul vehiculului, precum \u0219i taxele de livrare aplicabile. <strong>(500 \u20ac sau 1.200 \u20ac)<\/strong>.<br \/><br \/><span style=\"text-decoration: underline;\"><strong>AVANTAJ<\/strong><\/span> pentru toate <strong>plata integral\u0103<\/strong> la momentul comenzii, ve\u021bi beneficia de o reducere comercial\u0103 de <strong>10 %<\/strong> asupra pre\u021bului vehiculului. <strong>Taxele de livrare nu sunt incluse \u00een aceast\u0103 reducere.<\/strong><\/p>\n<p>\u00a0<\/p>\n<p>\u00a0<\/p>\n\n<h4 style=\"text-align: center;\"><span style=\"color: #003366;\"><strong><span style=\"text-decoration: underline;\">ARTICLE n\u00b05 &#8211; DOCUMENTS ET SUIVI<\/span><\/strong><\/span><\/h4>\n<p>\u00a0<\/p>\n\n<p>Pentru vehiculele importate din Germania \u00een alt\u0103 \u021bar\u0103 din UE, documentele administrative, inclusiv documentul de \u00eenmatriculare a vehiculului \u0219i orice alte documente, vor fi actualizate pe numele noului proprietar, \u00een conformitate cu cerin\u021bele de reglementare ale \u021b\u0103rii de destina\u021bie. Ne ocup\u0103m de toate formalit\u0103\u021bile administrative implicate \u00een achizi\u021bionarea vehiculului, inclusiv..:<br \/><br \/><strong>\u2714 Actualizarea documentelor \u00een numele noului cump\u0103r\u0103tor\u00a0<\/strong><br \/><strong>\u2714 \u00cenregistrare \u0219i asigurare\u00a0<\/strong><br \/><strong>\u2714 Toate formalit\u0103\u021bile necesare pentru livrarea la domiciliu<\/strong><br \/><br \/>Vehiculul va fi livrat cu o \u00eenmatriculare provizorie, iar \u00eenmatricularea definitiv\u0103 va fi acordat\u0103 clientului \u00een termen de maximum 14 zile de la livrare, corespunz\u0103tor perioadei de prob\u0103. De asemenea, este inclus\u0103 o poli\u021b\u0103 de asigurare provizorie de 30 de zile, care va fi re\u00eennoit\u0103 sau \u00eenlocuit\u0103 cu o poli\u021b\u0103 definitiv\u0103 \u00eenainte de expirare.<br \/><br \/><\/p>\n<p><strong><span style=\"text-decoration: underline; color: #003366;\">DOCUMENTE DISPONIBILE LA LIVRARE:<\/span><\/strong><\/p>\n<p>\u00a0<\/p>\n<p><strong>1. Documentul de \u00eenmatriculare a vehiculului<\/strong><br \/><strong>2. Certificat de conformitate<\/strong><br \/><strong>3. Raportul de inspec\u021bie tehnic\u0103<\/strong><br \/><strong>4. Certificat de transfer<\/strong><br \/><strong>5. Factura de achizi\u021bie<\/strong><br \/><strong>6. Bro\u0219ur\u0103 de \u00eentre\u021binere<\/strong><br \/><strong>7. Chei de vehicule<\/strong><br \/><strong>8. Manual de utilizare<\/strong><br \/><strong>9. Certificat de garan\u021bie<\/strong><br \/><strong>10. Raport de inspec\u021bie<\/strong><br \/><strong>11. Declara\u021bia de conformitate cu standardele de mediu<\/strong><br \/><strong>12. Certificat provizoriu de asigurare<\/strong><br \/><strong>13. Desc\u0103rcarea de gestiune fiscal\u0103<\/strong><br \/><strong>14. Raportul privind istoricul vehiculului<\/strong><\/p>\n<p>\u00a0<\/p>\n<p>\u00a0<\/p>\n\n<h4 style=\"text-align: center;\"><span style=\"color: #003366;\"><strong><span style=\"text-decoration: underline;\">ARTICLE n\u00b06 &#8211; V\u00c9RIFICATION ET RESPONSABILIT\u00c9<\/span><\/strong><\/span><\/h4>\n<p>\u00a0<\/p>\n\n<p>La momentul livr\u0103rii, se \u00eentocme\u0219te un raport \u00eempreun\u0103 cu clientul pentru a verifica accesoriile \u0219i documentele predate (men\u021bionate mai sus) \u0219i pentru a se asigura c\u0103 starea general\u0103 a vehiculului corespunde descrierii. Din momentul \u00een care clientul intr\u0103 \u00een posesia vehiculului, acesta \u00ee\u0219i asum\u0103 \u00eentreaga responsabilitate pentru toate riscurile asociate cu orice pierdere sau deteriorare.<\/p>\n<p>\u00a0<\/p>\n<p>\u00a0<\/p>\n\n<h4 style=\"text-align: center;\"><span style=\"text-decoration: underline;\"><strong><span style=\"color: #003366; text-decoration: underline;\">ARTICLE n\u00b07 &#8211; GARANTIES<\/span><\/strong><\/span><\/h4>\n<p>\u00a0<\/p>\n\n<p>Toate vehiculele noastre vin cu un <strong>GARAN\u021aIE COMERCIAL\u0102<\/strong> de la <strong>24 de luni<\/strong>care ofer\u0103 o protec\u021bie extins\u0103 pentru principalele componente mecanice \u0219i electronice. Aceast\u0103 garan\u021bie \u00eendepline\u0219te standardele de calitate \u0219i fiabilitate stabilite de reglement\u0103rile europene.<\/p>\n<p>\u00a0<\/p>\n<p><span style=\"color: #003366;\"><strong><span style=\"text-decoration: underline;\">ARTICOLE ACOPERITE DE GARAN\u021aIA NOASTR\u0102:<\/span><\/strong><\/span><br \/><br \/><strong>1. Motorul <\/strong><br \/><strong>2. Transmisie <\/strong><br \/><strong>3. Sistemul de fr\u00e2nare<\/strong><br \/><strong>4. Sistemul de direc\u021bie<\/strong><br \/><strong>5. Suspendare<\/strong><br \/><strong>6. Sistemul electric<\/strong><br \/><strong>7. Aer condi\u021bionat<\/strong><br \/><strong>8. Echipamente \u0219i accesorii<\/strong><br \/><strong>9. For\u021ba de munc\u0103<\/strong><\/p>\n<p>\u00a0<\/p>\n\n<p><strong>De \u00eendat\u0103 ce comanda dvs. a fost confirmat\u0103 \u0219i formalit\u0103\u021bile administrative au fost \u00eendeplinite, vi se va desemna un garaj partener \u00een apropierea locuin\u021bei dvs. pentru a efectua toate repara\u021biile \u0219i \u00eentre\u021binerea acoperite de garan\u021bia noastr\u0103.<\/strong><\/p>\n<p>\u00a0<\/p>\n<p>\u00a0<\/p>\n\n<h4 style=\"text-align: center;\"><span style=\"color: #003366;\"><strong><span style=\"text-decoration: underline;\">ARTICLE n\u00b08 &#8211; CONTR\u00d4LE QUALIT\u00c9 ET INSPECTION<\/span><\/strong><\/span><\/h4>\n<p>\u00a0<\/p>\n\n<p>\u00cenainte de a fi disponibil online, fiecare vehicul este supus unei inspec\u021bii riguroase de c\u0103tre un profesionist din domeniul auto, care acoper\u0103 peste 100 de puncte de control, inclusiv caroseria, mecanica \u0219i estetica. Livrarea este efectuat\u0103 de un curier cu experien\u021b\u0103, care garanteaz\u0103 o \u00eengrijire optim\u0103 p\u00e2n\u0103 c\u00e2nd vehiculul este predat clientului. Dou\u0103 controale de calitate sunt efectuate sistematic:<br \/><br \/><strong>1. P\u0103r\u0103sirea parcului nostru logistic<\/strong><br \/><strong>2. La livrarea c\u0103tre client<\/strong><\/p>\n<p>\u00a0<\/p>\n<p>\u00a0<\/p>\n\n<h4 style=\"text-align: center;\"><span style=\"color: #003366;\"><strong><span style=\"text-decoration: underline;\">ARTICLE n\u00b09 &#8211; DROIT DE R\u00c9TRACTATION<\/span><\/strong><\/span><\/h4>\n<p>\u00a0<\/p>\n\n<p>Clien\u021bii au la dispozi\u021bie o perioad\u0103 de 14 zile de la data livr\u0103rii pentru a-\u0219i exercita dreptul de retragere, f\u0103r\u0103 nicio obliga\u021bie de a-\u0219i justifica decizia \u0219i f\u0103r\u0103 costuri suplimentare. \u00cen caz de retragere, vehiculul trebuie returnat \u00een starea sa original\u0103, \u00eenso\u021bit de toate documentele \u0219i accesoriile predate la momentul livr\u0103rii. Societatea va acoperi costurile de returnare a vehiculului \u0219i va efectua o examinare complet\u0103 a vehiculului \u00eenainte de a ini\u021bia orice procedur\u0103 de rambursare.<\/p>\n<p>\u00a0<\/p>\n<p>\u00a0<\/p>\n\n<h4 style=\"text-align: center;\"><span style=\"text-decoration: underline;\"><strong><span style=\"color: #003366; text-decoration: underline;\">ARTICLE n\u00b010 &#8211; REMBOURSEMENT<\/span><\/strong><\/span><\/h4>\n<p>\u00a0<\/p>\n\n<p>\u00cen caz de retragere, societatea se angajeaz\u0103 s\u0103 ramburseze toate sumele pl\u0103tite de client \u00een termen de maximum 14 zile, sub rezerva return\u0103rii vehiculului \u0219i a accesoriilor acestuia \u00een starea lor ini\u021bial\u0103, f\u0103r\u0103 deterior\u0103ri sau modific\u0103ri.<\/p>\n<p>\u00a0<\/p>\n<p>\u00a0<\/p>\n\n<h4 style=\"text-align: center;\"><span style=\"color: #003366;\"><strong><span style=\"text-decoration: underline;\">ARTICLE n\u00b011 &#8211; RETARD DE LIVRAISON<\/span><\/strong><\/span><\/h4>\n<p>\u00a0<\/p>\n\n<p>\u00cen caz de livrare \u00eent\u00e2rziat\u0103 sau de nelivrare, \u00een conformitate cu articolul L216-2 din Codul francez al consumatorului \u0219i cu Directiva 2011\/83\/UE privind drepturile consumatorilor, clientul poate rezilia contractul \u0219i solicita desp\u0103gubiri dac\u0103 societatea nu a respectat termenul convenit.<br \/>Aceast\u0103 anulare poate avea loc dup\u0103 trimiterea unei cereri oficiale prin scrisoare recomandat\u0103 cu confirmare de primire, prin care se solicit\u0103 ca livrarea s\u0103 fie efectuat\u0103 \u00eentr-un termen rezonabil. \u00cen absen\u021ba unui r\u0103spuns sau a execut\u0103rii \u00een aceast\u0103 perioad\u0103, contractul poate fi reziliat, iar clientul va avea dreptul la o rambursare integral\u0103, precum \u0219i la desp\u0103gubiri pentru orice pierdere suferit\u0103.<\/p>\n<p>\u00a0<\/p>\n<p>\u00a0<\/p>\n\n<h4 style=\"text-align: center;\"><span style=\"text-decoration: underline;\"><strong><span style=\"color: #003366; text-decoration: underline;\">ARTICLE n\u00b012 &#8211; ESSAI ET VISUALISATION DU V\u00c9HICULE<\/span><\/strong><\/span><\/h4>\n<p>\u00a0<\/p>\n\n<p>Deoarece aceasta este o achizi\u021bie online, nu este posibil s\u0103 vede\u021bi sau s\u0103 testa\u021bi vehiculul \u00eenainte de a plasa comanda. Cu toate acestea, pentru a asigura o transparen\u021b\u0103 maxim\u0103, furniz\u0103m fotografii detaliate \u0219i realiste, astfel \u00eenc\u00e2t s\u0103 pute\u021bi examina vehiculul practic din toate unghiurile.<\/p>\n<p>\u00cen plus, fiecare achizi\u021bie este acoperit\u0103 de o garan\u021bie de returnare a banilor valabil\u0103 timp de 14 zile de la data livr\u0103rii, precum \u0219i de protec\u021bie \u00eempotriva defectelor ascunse.<\/p>\t\t\t\t\t\t\t\t<\/div>\n\t\t\t\t\t<\/div>\n\t\t\t\t<\/div>\n\t\t\t\t<\/div>","protected":false},"excerpt":{"rendered":"<p>MOD\u00c8LE D&rsquo;AFFAIRES\u00a0 \u00a0 Notre mod\u00e8le d\u2019affaires repose sur une strat\u00e9gie innovante centr\u00e9e sur la vente exclusivement en ligne. En \u00e9liminant la gestion d\u2019un entrep\u00f4t physique, nous r\u00e9duisons consid\u00e9rablement les co\u00fbts associ\u00e9s \u00e0 un stock traditionnel. Nos voitures sont soigneusement s\u00e9lectionn\u00e9es issues de stocks exc\u00e9dentaires ou acquises aux conditions du commerce de gros aupr\u00e8s de concessionnaires [&hellip;]<\/p>\n","protected":false},"author":1,"featured_media":0,"parent":0,"menu_order":0,"comment_status":"closed","ping_status":"closed","template":"","meta":{"om_disable_all_campaigns":false,"_monsterinsights_skip_tracking":false,"_monsterinsights_sitenote_active":false,"_monsterinsights_sitenote_note":"","_monsterinsights_sitenote_category":0,"footnotes":""},"class_list":["post-643","page","type-page","status-publish","hentry"],"aioseo_notices":[],"_hostinger_reach_plugin_has_subscription_block":false,"_hostinger_reach_plugin_is_elementor":false,"_links":{"self":[{"href":"https:\/\/gkautogmbh.com\/ro\/wp-json\/wp\/v2\/pages\/643","targetHints":{"allow":["GET"]}}],"collection":[{"href":"https:\/\/gkautogmbh.com\/ro\/wp-json\/wp\/v2\/pages"}],"about":[{"href":"https:\/\/gkautogmbh.com\/ro\/wp-json\/wp\/v2\/types\/page"}],"author":[{"embeddable":true,"href":"https:\/\/gkautogmbh.com\/ro\/wp-json\/wp\/v2\/users\/1"}],"replies":[{"embeddable":true,"href":"https:\/\/gkautogmbh.com\/ro\/wp-json\/wp\/v2\/comments?post=643"}],"version-history":[{"count":242,"href":"https:\/\/gkautogmbh.com\/ro\/wp-json\/wp\/v2\/pages\/643\/revisions"}],"predecessor-version":[{"id":3330,"href":"https:\/\/gkautogmbh.com\/ro\/wp-json\/wp\/v2\/pages\/643\/revisions\/3330"}],"wp:attachment":[{"href":"https:\/\/gkautogmbh.com\/ro\/wp-json\/wp\/v2\/media?parent=643"}],"curies":[{"name":"wp","href":"https:\/\/api.w.org\/{rel}","templated":true}]}}