{"id":643,"date":"2025-07-11T20:39:56","date_gmt":"2025-07-11T20:39:56","guid":{"rendered":"https:\/\/gkautogmbh.com\/?page_id=643"},"modified":"2025-09-15T12:33:50","modified_gmt":"2025-09-15T12:33:50","slug":"splosni-pogoji-prodaje","status":"publish","type":"page","link":"https:\/\/gkautogmbh.com\/sl\/conditions-generales-de-ventes\/","title":{"rendered":"Splo\u0161ni pogoji prodaje (GTCS)"},"content":{"rendered":"<div data-elementor-type=\"wp-page\" data-elementor-id=\"643\" class=\"elementor elementor-643\" data-elementor-post-type=\"page\">\n\t\t\t\t<div class=\"elementor-element elementor-element-33ca04a4 e-flex e-con-boxed e-con e-parent\" data-id=\"33ca04a4\" data-element_type=\"container\" data-e-type=\"container\" data-settings=\"{&quot;background_background&quot;:&quot;classic&quot;}\">\n\t\t\t\t\t<div class=\"e-con-inner\">\n\t\t\t\t<div class=\"elementor-element elementor-element-5f3e38aa elementor-widget elementor-widget-text-editor\" data-id=\"5f3e38aa\" data-element_type=\"widget\" data-e-type=\"widget\" data-widget_type=\"text-editor.default\">\n\t\t\t\t\t\t\t\t\t\n<h3 class=\"wp-block-heading has-text-align-center\" style=\"text-align: center;\"><strong><span style=\"text-decoration: underline; color: #003366;\">POSLOVNI MODEL<\/span>\u00a0<\/strong><\/h3>\n\n<p>\u00a0<\/p>\n\n<p style=\"text-align: center;\"><span style=\"color: #000000;\"><strong>Na\u0161 poslovni model temelji na inovativni strategiji, ki temelji izklju\u010dno na spletni prodaji. Ker nam ni treba upravljati fizi\u010dnega skladi\u0161\u010da, znatno zmanj\u0161amo stro\u0161ke, povezane s tradicionalnimi zalogami.<\/strong><\/span><\/p>\n<p style=\"text-align: center;\"><span style=\"color: #000000;\"><strong>Na\u0161i avtomobili so skrbno izbrani iz prese\u017enih zalog ali kupljeni na debelo od uglednih trgovcev, kar zagotavlja izjemno razmerje med ceno in kakovostjo.<\/strong><\/span><\/p>\n<p style=\"text-align: center;\"><span style=\"color: #000000;\"><strong>Zaradi te strategije in na\u0161ega izklju\u010dno spletnega prodajnega modela vam lahko ponudimo preprosto in stro\u0161kovno u\u010dinkovito nakupovalno izku\u0161njo, ki je popolnoma prilagojena va\u0161im potrebam.<\/strong><\/span><\/p>\n<p>\u00a0<\/p>\n\n<h3 class=\"wp-block-heading has-text-align-center\" style=\"text-align: center;\"><strong><span style=\"text-decoration: underline; color: #003366;\">POMEMBNO<\/span><\/strong><\/h3>\n<p>\u00a0<\/p>\n\n<p style=\"text-align: center;\"><span style=\"color: #003300;\"><strong>Potrjujete, da ste polnoletni in pravno sposobni skleniti pogodbo. Pozorno preberite na\u0161e SPLO\u0160NE POGOJE PRODAJE, v katerih so podrobno opisani koraki, ki jih morate opraviti za dokon\u010danje nakupa.<\/strong><\/span><\/p>\n<p>\u00a0<\/p>\n<p>\u00a0<\/p>\n\n<h4 style=\"text-align: center;\"><strong><span style=\"text-decoration: underline; color: #003366;\">ARTICLE n\u00b01 &#8211; D\u00c9LAI DE LIVRAISON<\/span><\/strong><\/h4>\n<p>\u00a0<\/p>\n\n<p>Na\u0161e dobave potekajo v okviru <b>5<\/b>\u00a0\u00e0\u00a0<b>7<\/b> delovne dni kjer koli v <b>Celinska Evropa.<\/b> Vozila se preva\u017eajo s tovornjaki, kar zagotavlja njihovo varnost in za\u0161\u010dito. Za oto\u0161ke destinacije <b>(kot so Reunion, Madeira, Guadeloupe, Porto Santo, Martinik, Azori, S\u00e3o Jorge itd.).<\/b>\u00a0ocenjeni \u010das dostave je med <b>14<\/b> in . <b>21<\/b>\u00a0delovne dni.<\/p>\n<p>\u00a0<\/p>\n<p>\u00a0<\/p>\n<p>\u00a0<\/p>\n\n<h4 style=\"text-align: center;\"><strong><span style=\"text-decoration: underline; color: #003366;\">ARTICLE n\u00b02 &#8211; FRAIS DE LIVRAISON<\/span><\/strong><\/h4>\n<p>\u00a0<\/p>\n\n<p>1 - Celinska Evropa : <strong>500 \u20ac<\/strong><br \/>2 - oto\u0161ke destinacije (<strong>Reunion, Madeira, Guadeloupe, Porto Santo, Martinik, Azori, S\u00e3o Jorge itd.<\/strong>) : <strong>1 200 \u20ac<\/strong><\/p>\n<p>\u00a0<\/p>\n<p>\u00a0<\/p>\n\n<h4 style=\"text-align: center;\"><span style=\"color: #003366;\"><strong><span style=\"text-decoration: underline;\">ARTICLE n\u00b03 &#8211; MODES DE PAIEMENT<\/span><\/strong><\/span><\/h4>\n<p>\u00a0<\/p>\n\n<p>Vsa na\u0161a pla\u010dila potekajo izklju\u010dno prek <b>ban\u010dno nakazilo<\/b>. Poslovni popust v vi\u0161ini <b>10 %<\/b> se uporabi za prodajno ceno vozila, \u010de je pla\u010dilo opravljeno v celoti ob oddaji naro\u010dila. <b>Stro\u0161ki dostave niso vklju\u010deni v ta popust.<\/b><\/p>\n<p>\u00a0<\/p>\n<p>\u00a0<\/p>\n<p>\u00a0<\/p>\n\n<h4 style=\"text-align: center;\"><span style=\"text-decoration: underline; color: #003366;\"><strong>ARTICLE n\u00b04 &#8211; PROCESSUS DE COMMANDE<\/strong><\/span><\/h4>\n<p>\u00a0<\/p>\n\n<p><strong>1 &#8211;<\/strong> \u010ce \u017eelite naro\u010diti vozilo, morate <b>Obrazec za naro\u010dilo<\/b>\u00a0in tudi\u00a0<b>Prodajna pogodba<\/b>\u00a0sestaviti in podpisati morata obe stranki.<br \/><br \/><strong>2 &#8211;<\/strong> Za pripravo naro\u010dilnice in prodajne pogodbe, vodenje postopkov uvoza\/izvoza ter posodobitev potrdila o registraciji vozila in dokumentov mora stranka zagotoviti naslednje podatke:<br \/><br \/><b>- Zadnja kopija dokazila o naslovu (ra\u010dun za elektriko, plin ali vodo, dav\u010dna odmera, potrdilo o pla\u010dilu najemnine itd.):<\/b><br \/><b>- kopijo obeh strani osebne izkaznice:<\/b><br \/><b>- Va\u0161 polni doma\u010di naslov :<\/b><br \/><b>- Njegova \u0161tevilka mobilnega telefona :<\/b><br \/><b>- Veljavni e-po\u0161tni naslov :<\/b><br \/><br \/>Te informacije so potrebne za zagotavljanje upravne skladnosti in u\u010dinkovito obdelavo naro\u010dil.<br \/><br \/><strong>3 &#8211;<\/strong> Za vozila, vredna <b>NI\u017dJE<\/b>\u00a0\u00e0\u00a0<b>10 000 \u20ac<\/b>\u00a0depozit v vi\u0161ini\u00a0<b>80 %<\/b> prodajna cena vozila, pove\u010dana za morebitne stro\u0161ke dostave. <b>(500 \u20ac ali 1.200 \u20ac) <\/b>se zahteva ob oddaji naro\u010dila. Ostanek <b>20 %<\/b> je treba pla\u010dati ob koncu poskusnega obdobja\u00a0<b>14 dni<\/b>.<br \/><br \/><strong>4 &#8211;<\/strong> Za vozila, vredna <b>TOP<\/b>\u00a0\u00e0\u00a0<b>10 000 \u20ac<\/b> depozit v vi\u0161ini\u00a0<b>30 %<\/b> prodajna cena vozila, pove\u010dana za morebitne stro\u0161ke dostave. <b>(500 \u20ac ali 1.200 \u20ac) <\/b>se zahteva ob oddaji naro\u010dila. Ostanek <b>70 %<\/b> je treba pla\u010dati ob koncu poskusnega obdobja\u00a0<b>14 dni<\/b>.<br \/><br \/><strong>5 - Polno pla\u010dilo<\/strong> pla\u010dilo v celoti ob naro\u010dilu.<br \/>Ta znesek vklju\u010duje ceno vozila in veljavne stro\u0161ke dostave. <strong>(500 \u20ac ali 1.200 \u20ac)<\/strong>.<br \/><br \/><span style=\"text-decoration: underline;\"><strong>ADVANTAGE<\/strong><\/span> za vse <strong>celotno pla\u010dilo<\/strong> ob naro\u010dilu boste dele\u017eni komercialnega popusta v vi\u0161ini <strong>10 %<\/strong> na ceno vozila. <strong>Stro\u0161ki dostave niso vklju\u010deni v ta popust.<\/strong><\/p>\n<p>\u00a0<\/p>\n<p>\u00a0<\/p>\n\n<h4 style=\"text-align: center;\"><span style=\"color: #003366;\"><strong><span style=\"text-decoration: underline;\">ARTICLE n\u00b05 &#8211; DOCUMENTS ET SUIVI<\/span><\/strong><\/span><\/h4>\n<p>\u00a0<\/p>\n\n<p>Za vozila, uvo\u017eena iz Nem\u010dije v drugo dr\u017eavo EU, se upravni dokumenti, vklju\u010dno z registrskim dokumentom in drugimi dokumenti, posodobijo na ime novega lastnika v skladu s predpisi ciljne dr\u017eave. Poskrbimo za vse upravne formalnosti, povezane z nakupom vozila, vklju\u010dno z..:<br \/><br \/><strong>\u2714 Posodobitev dokumentov v imenu novega kupca\u00a0<\/strong><br \/><strong>\u2714 Registracija in zavarovanje\u00a0<\/strong><br \/><strong>\u2714 Vse formalnosti, potrebne za dostavo na dom<\/strong><br \/><br \/>Vozilo bo dobavljeno z za\u010dasno registracijo, dokon\u010dno registracijo pa bo stranka prejela v najve\u010d 14 dneh po dobavi, kar ustreza poskusnemu obdobju. Vklju\u010dena je tudi 30-dnevna za\u010dasna zavarovalna polica, ki jo je treba pred iztekom veljavnosti obnoviti ali nadomestiti z dokon\u010dno.<br \/><br \/><\/p>\n<p><strong><span style=\"text-decoration: underline; color: #003366;\">DOKUMENTI, KI SO NA VOLJO OB DOBAVI:<\/span><\/strong><\/p>\n<p>\u00a0<\/p>\n<p><strong>1. Dokument o registraciji vozila<\/strong><br \/><strong>2. Potrdilo o skladnosti<\/strong><br \/><strong>3. Poro\u010dilo o tehni\u010dnem pregledu<\/strong><br \/><strong>4. Potrdilo o prenosu<\/strong><br \/><strong>5. Ra\u010dun za nakup<\/strong><br \/><strong>6. Knji\u017eica o vzdr\u017eevanju<\/strong><br \/><strong>7. Klju\u010di vozila<\/strong><br \/><strong>8. Uporabni\u0161ki priro\u010dnik<\/strong><br \/><strong>9. Garancijski list<\/strong><br \/><strong>10. Poro\u010dilo o in\u0161pekcijskem pregledu<\/strong><br \/><strong>11. Izjava o skladnosti z okoljskimi standardi<\/strong><br \/><strong>12. Za\u010dasno potrdilo o zavarovanju<\/strong><br \/><strong>13. Dav\u010dna razre\u0161nica<\/strong><br \/><strong>14. Poro\u010dilo o zgodovini vozila<\/strong><\/p>\n<p>\u00a0<\/p>\n<p>\u00a0<\/p>\n\n<h4 style=\"text-align: center;\"><span style=\"color: #003366;\"><strong><span style=\"text-decoration: underline;\">ARTICLE n\u00b06 &#8211; V\u00c9RIFICATION ET RESPONSABILIT\u00c9<\/span><\/strong><\/span><\/h4>\n<p>\u00a0<\/p>\n\n<p>Ob prevzemu se skupaj s stranko sestavi zapisnik, v katerem se preverijo izro\u010dena oprema in dokumenti (zgoraj navedeni) ter zagotovi, da splo\u0161no stanje vozila ustreza opisu. Od trenutka, ko stranka prevzame vozilo, prevzame polno odgovornost za vsa tveganja, povezana z morebitno izgubo ali po\u0161kodbo.<\/p>\n<p>\u00a0<\/p>\n<p>\u00a0<\/p>\n\n<h4 style=\"text-align: center;\"><span style=\"text-decoration: underline;\"><strong><span style=\"color: #003366; text-decoration: underline;\">ARTICLE n\u00b07 &#8211; GARANTIES<\/span><\/strong><\/span><\/h4>\n<p>\u00a0<\/p>\n\n<p>Vsa na\u0161a vozila so opremljena z <strong>KOMERCIALNO JAMSTVO<\/strong> s spletne strani <strong>24 mesecev<\/strong>jamstvo, ki zagotavlja obse\u017eno za\u0161\u010dito glavnih mehanskih in elektronskih sestavnih delov. To jamstvo izpolnjuje standarde kakovosti in zanesljivosti, ki jih dolo\u010dajo evropski predpisi.<\/p>\n<p>\u00a0<\/p>\n<p><span style=\"color: #003366;\"><strong><span style=\"text-decoration: underline;\">PREDMETI, ZA KATERE VELJA NA\u0160A GARANCIJA:<\/span><\/strong><\/span><br \/><br \/><strong>1. Motor <\/strong><br \/><strong>2. Prenos <\/strong><br \/><strong>3. Zavorni sistem<\/strong><br \/><strong>4. Krmilni sistem<\/strong><br \/><strong>5. Suspenzija<\/strong><br \/><strong>6. Elektri\u010dni sistem<\/strong><br \/><strong>7. Klimatska naprava<\/strong><br \/><strong>8. Oprema in dodatki<\/strong><br \/><strong>9. Delovna sila<\/strong><\/p>\n<p>\u00a0<\/p>\n\n<p><strong>Takoj po potrditvi naro\u010dila in opravljenih upravnih formalnostih vam bo dodeljena partnerska servisna delavnica v bli\u017eini va\u0161ega doma, ki bo opravila vsa popravila in vzdr\u017eevanje, zajeta v na\u0161i garanciji.<\/strong><\/p>\n<p>\u00a0<\/p>\n<p>\u00a0<\/p>\n\n<h4 style=\"text-align: center;\"><span style=\"color: #003366;\"><strong><span style=\"text-decoration: underline;\">ARTICLE n\u00b08 &#8211; CONTR\u00d4LE QUALIT\u00c9 ET INSPECTION<\/span><\/strong><\/span><\/h4>\n<p>\u00a0<\/p>\n\n<p>Preden je vozilo objavljeno na spletu, ga strogo pregleda avtomobilski strokovnjak in preveri ve\u010d kot 100 to\u010dk, vklju\u010dno s karoserijo, mehaniko in estetiko. Dostavo opravi izku\u0161en kurir, ki zagotavlja optimalno oskrbo do predaje vozila stranki. Sistemati\u010dno se opravita dva pregleda kakovosti:<br \/><br \/><strong>1. Zapustite na\u0161 logisti\u010dni park<\/strong><br \/><strong>2. Ob dostavi stranki<\/strong><\/p>\n<p>\u00a0<\/p>\n<p>\u00a0<\/p>\n\n<h4 style=\"text-align: center;\"><span style=\"color: #003366;\"><strong><span style=\"text-decoration: underline;\">ARTICLE n\u00b09 &#8211; DROIT DE R\u00c9TRACTATION<\/span><\/strong><\/span><\/h4>\n<p>\u00a0<\/p>\n\n<p>Stranke lahko uveljavljajo pravico do odstopa od pogodbe v 14 dneh od datuma dostave, ne da bi morale svojo odlo\u010ditev utemeljiti in brez dodatnih stro\u0161kov. V primeru odstopa od pogodbe je treba vozilo vrniti v prvotnem stanju, z vsemi dokumenti in opremo, ki so bili predani ob dobavi. Podjetje bo krilo stro\u0161ke vra\u010dila vozila in bo pred za\u010detkom postopka vra\u010dila opravilo popoln pregled vozila.<\/p>\n<p>\u00a0<\/p>\n<p>\u00a0<\/p>\n\n<h4 style=\"text-align: center;\"><span style=\"text-decoration: underline;\"><strong><span style=\"color: #003366; text-decoration: underline;\">ARTICLE n\u00b010 &#8211; REMBOURSEMENT<\/span><\/strong><\/span><\/h4>\n<p>\u00a0<\/p>\n\n<p>V primeru odstopa od pogodbe se podjetje zavezuje, da bo stranki povrnilo vse pla\u010dane zneske v roku najve\u010d 14 dni, \u010de bo vozilo in njegova dodatna oprema vrnjena v prvotnem stanju, brez po\u0161kodb ali sprememb.<\/p>\n<p>\u00a0<\/p>\n<p>\u00a0<\/p>\n\n<h4 style=\"text-align: center;\"><span style=\"color: #003366;\"><strong><span style=\"text-decoration: underline;\">ARTICLE n\u00b011 &#8211; RETARD DE LIVRAISON<\/span><\/strong><\/span><\/h4>\n<p>\u00a0<\/p>\n\n<p>V primeru zamude pri dostavi ali nedobave lahko stranka v skladu s \u010dlenom L216-2 francoskega potro\u0161ni\u0161kega zakonika in Direktivo 2011\/83\/EU o pravicah potro\u0161nikov odstopi od pogodbe in zahteva od\u0161kodnino, \u010de podjetje ni upo\u0161tevalo dogovorjenega roka.<br \/>Ta preklic se lahko izvede po po\u0161iljanju uradne zahteve s priporo\u010denim pismom s potrdilom o prejemu, ki zahteva, da se dostava opravi v razumnem roku. \u010ce v tem roku ni odgovora ali izvedbe, se lahko pogodba prekine, stranka pa je upravi\u010dena do povra\u010dila celotne kupnine in nadomestila za morebitno nastalo \u0161kodo.<\/p>\n<p>\u00a0<\/p>\n<p>\u00a0<\/p>\n\n<h4 style=\"text-align: center;\"><span style=\"text-decoration: underline;\"><strong><span style=\"color: #003366; text-decoration: underline;\">ARTICLE n\u00b012 &#8211; ESSAI ET VISUALISATION DU V\u00c9HICULE<\/span><\/strong><\/span><\/h4>\n<p>\u00a0<\/p>\n\n<p>Ker gre za spletni nakup, si vozila pred oddajo naro\u010dila ni mogo\u010de ogledati ali ga preizkusiti. Da pa bi zagotovili kar najve\u010djo preglednost, vam zagotavljamo podrobne in realisti\u010dne fotografije, na katerih si lahko vozilo ogledate prakti\u010dno iz vseh zornih kotov.<\/p>\n<p>Poleg tega za vsak nakup velja garancija za vra\u010dilo denarja, ki velja 14 dni od datuma dostave, in za\u0161\u010dita pred skritimi napakami.<\/p>\t\t\t\t\t\t\t\t<\/div>\n\t\t\t\t\t<\/div>\n\t\t\t\t<\/div>\n\t\t\t\t<\/div>","protected":false},"excerpt":{"rendered":"<p>MOD\u00c8LE D&rsquo;AFFAIRES\u00a0 \u00a0 Notre mod\u00e8le d\u2019affaires repose sur une strat\u00e9gie innovante centr\u00e9e sur la vente exclusivement en ligne. En \u00e9liminant la gestion d\u2019un entrep\u00f4t physique, nous r\u00e9duisons consid\u00e9rablement les co\u00fbts associ\u00e9s \u00e0 un stock traditionnel. Nos voitures sont soigneusement s\u00e9lectionn\u00e9es issues de stocks exc\u00e9dentaires ou acquises aux conditions du commerce de gros aupr\u00e8s de concessionnaires [&hellip;]<\/p>\n","protected":false},"author":1,"featured_media":0,"parent":0,"menu_order":0,"comment_status":"closed","ping_status":"closed","template":"","meta":{"om_disable_all_campaigns":false,"_monsterinsights_skip_tracking":false,"_monsterinsights_sitenote_active":false,"_monsterinsights_sitenote_note":"","_monsterinsights_sitenote_category":0,"footnotes":""},"class_list":["post-643","page","type-page","status-publish","hentry"],"aioseo_notices":[],"_hostinger_reach_plugin_has_subscription_block":false,"_hostinger_reach_plugin_is_elementor":false,"_links":{"self":[{"href":"https:\/\/gkautogmbh.com\/sl\/wp-json\/wp\/v2\/pages\/643","targetHints":{"allow":["GET"]}}],"collection":[{"href":"https:\/\/gkautogmbh.com\/sl\/wp-json\/wp\/v2\/pages"}],"about":[{"href":"https:\/\/gkautogmbh.com\/sl\/wp-json\/wp\/v2\/types\/page"}],"author":[{"embeddable":true,"href":"https:\/\/gkautogmbh.com\/sl\/wp-json\/wp\/v2\/users\/1"}],"replies":[{"embeddable":true,"href":"https:\/\/gkautogmbh.com\/sl\/wp-json\/wp\/v2\/comments?post=643"}],"version-history":[{"count":242,"href":"https:\/\/gkautogmbh.com\/sl\/wp-json\/wp\/v2\/pages\/643\/revisions"}],"predecessor-version":[{"id":3330,"href":"https:\/\/gkautogmbh.com\/sl\/wp-json\/wp\/v2\/pages\/643\/revisions\/3330"}],"wp:attachment":[{"href":"https:\/\/gkautogmbh.com\/sl\/wp-json\/wp\/v2\/media?parent=643"}],"curies":[{"name":"wp","href":"https:\/\/api.w.org\/{rel}","templated":true}]}}