{"id":643,"date":"2025-07-11T20:39:56","date_gmt":"2025-07-11T20:39:56","guid":{"rendered":"https:\/\/gkautogmbh.com\/?page_id=643"},"modified":"2025-09-15T12:33:50","modified_gmt":"2025-09-15T12:33:50","slug":"genel-satis-sartlari-ve-kosullari","status":"publish","type":"page","link":"https:\/\/gkautogmbh.com\/tr\/conditions-generales-de-ventes\/","title":{"rendered":"Genel Sat\u0131\u015f H\u00fck\u00fcm ve Ko\u015fullar\u0131 (GTCS)"},"content":{"rendered":"<div data-elementor-type=\"wp-page\" data-elementor-id=\"643\" class=\"elementor elementor-643\" data-elementor-post-type=\"page\">\n\t\t\t\t<div class=\"elementor-element elementor-element-33ca04a4 e-flex e-con-boxed e-con e-parent\" data-id=\"33ca04a4\" data-element_type=\"container\" data-e-type=\"container\" data-settings=\"{&quot;background_background&quot;:&quot;classic&quot;}\">\n\t\t\t\t\t<div class=\"e-con-inner\">\n\t\t\t\t<div class=\"elementor-element elementor-element-5f3e38aa elementor-widget elementor-widget-text-editor\" data-id=\"5f3e38aa\" data-element_type=\"widget\" data-e-type=\"widget\" data-widget_type=\"text-editor.default\">\n\t\t\t\t\t\t\t\t\t\n<h3 class=\"wp-block-heading has-text-align-center\" style=\"text-align: center;\"><strong><span style=\"text-decoration: underline; color: #003366;\">\u0130\u015e MODEL\u0130<\/span>\u00a0<\/strong><\/h3>\n\n<p>\u00a0<\/p>\n\n<p style=\"text-align: center;\"><span style=\"color: #000000;\"><strong>\u0130\u015f modelimiz, yaln\u0131zca \u00e7evrimi\u00e7i sat\u0131\u015fa odaklanan yenilik\u00e7i bir stratejiye dayanmaktad\u0131r. Fiziksel bir depoyu y\u00f6netme ihtiyac\u0131n\u0131 ortadan kald\u0131rarak, geleneksel bir stokla ili\u015fkili maliyetleri \u00f6nemli \u00f6l\u00e7\u00fcde azalt\u0131yoruz.<\/strong><\/span><\/p>\n<p style=\"text-align: center;\"><span style=\"color: #000000;\"><strong>Ara\u00e7lar\u0131m\u0131z ihtiya\u00e7 fazlas\u0131 stoklardan \u00f6zenle se\u00e7ilmekte veya sayg\u0131n bayilerden toptan sat\u0131\u015f ko\u015fullar\u0131yla sat\u0131n al\u0131nmakta, b\u00f6ylece paran\u0131z\u0131n kar\u015f\u0131l\u0131\u011f\u0131n\u0131 alman\u0131z garanti alt\u0131na al\u0131nmaktad\u0131r.<\/strong><\/span><\/p>\n<p style=\"text-align: center;\"><span style=\"color: #000000;\"><strong>Bu strateji ve yaln\u0131zca \u00e7evrimi\u00e7i sat\u0131\u015f modelimiz sayesinde, ihtiya\u00e7lar\u0131n\u0131za m\u00fckemmel \u015fekilde uyarlanm\u0131\u015f, basit ve uygun maliyetli bir al\u0131\u015fveri\u015f deneyimi sunabiliyoruz.<\/strong><\/span><\/p>\n<p>\u00a0<\/p>\n\n<h3 class=\"wp-block-heading has-text-align-center\" style=\"text-align: center;\"><strong><span style=\"text-decoration: underline; color: #003366;\">\u00d6NEML\u0130<\/span><\/strong><\/h3>\n<p>\u00a0<\/p>\n\n<p style=\"text-align: center;\"><span style=\"color: #003300;\"><strong>Yasal ya\u015fta oldu\u011funuzu ve yasal olarak s\u00f6zle\u015fme yapma ehliyetine sahip oldu\u011funuzu kabul edersiniz. L\u00fctfen sat\u0131n alma i\u015fleminizi tamamlamak i\u00e7in atman\u0131z gereken ad\u0131mlar\u0131 detayland\u0131ran GENEL SATI\u015e \u015eARTLARI VE KO\u015eULLARINI (G\u015eK) dikkatlice okuyun.<\/strong><\/span><\/p>\n<p>\u00a0<\/p>\n<p>\u00a0<\/p>\n\n<h4 style=\"text-align: center;\"><strong><span style=\"text-decoration: underline; color: #003366;\">ARTICLE n\u00b01 &#8211; D\u00c9LAI DE LIVRAISON<\/span><\/strong><\/h4>\n<p>\u00a0<\/p>\n\n<p>Teslimatlar\u0131m\u0131z a\u015fa\u011f\u0131daki ko\u015fullar alt\u0131nda yap\u0131lmaktad\u0131r <b>5<\/b>\u00a0\u00e0\u00a0<b>7<\/b> herhangi bir yerde i\u015f g\u00fcn\u00fc <b>K\u0131ta Avrupas\u0131.<\/b> Ara\u00e7lar kamyonla ta\u015f\u0131narak g\u00fcvenlikleri ve korunmalar\u0131 sa\u011flanmaktad\u0131r. Ada destinasyonlar\u0131 i\u00e7in <b>(R\u00e9union, Madeira, Guadeloupe, Porto Santo, Martinique, Azor Adalar\u0131, S\u00e3o Jorge, vb. gibi).<\/b>\u00a0tahmini teslim s\u00fcresi a\u015fa\u011f\u0131daki tarihler aras\u0131ndad\u0131r <b>14<\/b> ve <b>21<\/b>\u00a0i\u015f g\u00fcn\u00fc.<\/p>\n<p>\u00a0<\/p>\n<p>\u00a0<\/p>\n<p>\u00a0<\/p>\n\n<h4 style=\"text-align: center;\"><strong><span style=\"text-decoration: underline; color: #003366;\">ARTICLE n\u00b02 &#8211; FRAIS DE LIVRAISON<\/span><\/strong><\/h4>\n<p>\u00a0<\/p>\n\n<p>1 - K\u0131ta Avrupas\u0131 : <strong>500 \u20ac<\/strong><br \/>2 - Ada destinasyonlar\u0131 (<strong>Reunion, Madeira, Guadeloupe, Porto Santo, Martinique, Azor Adalar\u0131, S\u00e3o Jorge, vb.<\/strong>) : <strong>1 200 \u20ac<\/strong><\/p>\n<p>\u00a0<\/p>\n<p>\u00a0<\/p>\n\n<h4 style=\"text-align: center;\"><span style=\"color: #003366;\"><strong><span style=\"text-decoration: underline;\">ARTICLE n\u00b03 &#8211; MODES DE PAIEMENT<\/span><\/strong><\/span><\/h4>\n<p>\u00a0<\/p>\n\n<p>T\u00fcm \u00f6demelerimiz yaln\u0131zca <b>banka havalesi<\/b>. Ticari indirim <b>10 %<\/b> sipari\u015f verildi\u011finde \u00f6demenin tamam\u0131n\u0131n yap\u0131lmas\u0131 durumunda arac\u0131n sat\u0131\u015f fiyat\u0131na uygulan\u0131r. <b>Teslimat \u00fccretleri bu indirime dahil de\u011fildir.<\/b><\/p>\n<p>\u00a0<\/p>\n<p>\u00a0<\/p>\n<p>\u00a0<\/p>\n\n<h4 style=\"text-align: center;\"><span style=\"text-decoration: underline; color: #003366;\"><strong>ARTICLE n\u00b04 &#8211; PROCESSUS DE COMMANDE<\/strong><\/span><\/h4>\n<p>\u00a0<\/p>\n\n<p><strong>1 &#8211;<\/strong> Bir ara\u00e7 sipari\u015f etmek i\u00e7in <b>Sipari\u015f formu<\/b>\u00a0yan\u0131 s\u0131ra\u00a0<b>Sat\u0131\u015f S\u00f6zle\u015fmesi<\/b>\u00a0her iki taraf\u00e7a haz\u0131rlanmal\u0131 ve imzalanmal\u0131d\u0131r.<br \/><br \/><strong>2 &#8211;<\/strong> Sipari\u015f Formu ve Sat\u0131\u015f S\u00f6zle\u015fmesinin d\u00fczenlenmesi, ithalat\/ihracat prosed\u00fcrlerinin y\u00f6netilmesi ve ara\u00e7 tescil belgesi ve belgelerinin g\u00fcncellenmesi i\u00e7in m\u00fc\u015fteri a\u015fa\u011f\u0131daki bilgileri sa\u011flamal\u0131d\u0131r:<br \/><br \/><b>- Adres belgesinin yeni bir kopyas\u0131 (elektrik, gaz veya su faturas\u0131, vergi tahakkuku, kira makbuzu vb:)<\/b><br \/><b>- Kimlik kart\u0131n\u0131n her iki y\u00fcz\u00fcn\u00fcn bir kopyas\u0131:<\/b><br \/><b>- Tam ev adresiniz :<\/b><br \/><b>- Cep telefonu numaras\u0131:<\/b><br \/><b>- Ge\u00e7erli bir e-posta adresi :<\/b><br \/><br \/>Bu bilgiler, idari uyumlulu\u011fun ve etkin sipari\u015f i\u015flemenin sa\u011flanmas\u0131 i\u00e7in gereklidir.<br \/><br \/><strong>3 &#8211;<\/strong> De\u011ferindeki ara\u00e7lar i\u00e7in <b>A\u015eA\u011eI<\/b>\u00a0\u00e0\u00a0<b>10 000 \u20ac<\/b>\u00a0bir depozito\u00a0<b>80 %<\/b> arac\u0131n sat\u0131\u015f fiyat\u0131, art\u0131 ge\u00e7erli teslimat \u00fccretleri <b>(500 \u20ac veya 1.200 \u20ac) <\/b>sipari\u015fin verildi\u011fi anda gereklidir. Bakiye <b>20 %<\/b> deneme s\u00fcresinin sonunda \u00f6denmelidir.\u00a0<b>14 g\u00fcn<\/b>.<br \/><br \/><strong>4 &#8211;<\/strong> De\u011ferindeki ara\u00e7lar i\u00e7in <b>\u00dcST<\/b>\u00a0\u00e0\u00a0<b>10 000 \u20ac<\/b> bir depozito\u00a0<b>30 %<\/b> arac\u0131n sat\u0131\u015f fiyat\u0131, art\u0131 ge\u00e7erli teslimat \u00fccretleri <b>(500 \u20ac veya 1.200 \u20ac) <\/b>sipari\u015fin verildi\u011fi anda gereklidir. Bakiye <b>70 %<\/b> deneme s\u00fcresinin sonunda \u00f6denmelidir.\u00a0<b>14 g\u00fcn<\/b>.<br \/><br \/><strong>5 - Tam \u00f6deme<\/strong> sipari\u015f verildi\u011finde toplam tutar\u0131n tamam\u0131n\u0131n \u00f6denmesi.<br \/>Bu tutara ara\u00e7 fiyat\u0131n\u0131n yan\u0131 s\u0131ra ge\u00e7erli teslimat \u00fccretleri de dahildir. <strong>(500 \u20ac veya 1.200 \u20ac)<\/strong>.<br \/><br \/><span style=\"text-decoration: underline;\"><strong>AVANTAJ<\/strong><\/span> herkes i\u00e7in <strong>tam \u00f6deme<\/strong> sipari\u015f s\u0131ras\u0131nda, a\u015fa\u011f\u0131daki ticari indirimden yararlanacaks\u0131n\u0131z <strong>10 %<\/strong> arac\u0131n fiyat\u0131 \u00fczerinde. <strong>Teslimat \u00fccretleri bu indirime dahil de\u011fildir.<\/strong><\/p>\n<p>\u00a0<\/p>\n<p>\u00a0<\/p>\n\n<h4 style=\"text-align: center;\"><span style=\"color: #003366;\"><strong><span style=\"text-decoration: underline;\">ARTICLE n\u00b05 &#8211; DOCUMENTS ET SUIVI<\/span><\/strong><\/span><\/h4>\n<p>\u00a0<\/p>\n\n<p>Almanya'dan ba\u015fka bir AB \u00fclkesine ithal edilen ara\u00e7lar i\u00e7in, ara\u00e7 tescil belgesi ve di\u011fer belgeler de dahil olmak \u00fczere idari belgeler, var\u0131\u015f \u00fclkesinin yasal gerekliliklerine uygun olarak yeni sahibi ad\u0131na g\u00fcncellenecektir. Arac\u0131n sat\u0131n al\u0131nmas\u0131yla ilgili t\u00fcm idari formaliteleri yerine getiriyoruz, buna..:<br \/><br \/><strong>\u2714 Belgelerin yeni al\u0131c\u0131 ad\u0131na g\u00fcncellenmesi\u00a0<\/strong><br \/><strong>\u2714 Kay\u0131t ve sigorta\u00a0<\/strong><br \/><strong>\u2714 Eve teslimat i\u00e7in gerekli t\u00fcm formaliteler<\/strong><br \/><br \/>Ara\u00e7 ge\u00e7ici ruhsatla teslim edilecek ve kesin ruhsat, deneme s\u00fcresine tekab\u00fcl edecek \u015fekilde teslimattan sonra en fazla 14 g\u00fcn i\u00e7inde m\u00fc\u015fteriye verilecektir. S\u00fcresi dolmadan \u00f6nce yenilenmek veya kesin bir poli\u00e7e ile de\u011fi\u015ftirilmek \u00fczere 30 g\u00fcnl\u00fck ge\u00e7ici bir sigorta poli\u00e7esi de dahildir.<br \/><br \/><\/p>\n<p><strong><span style=\"text-decoration: underline; color: #003366;\">BELGELER TESLIMATTA MEVCUTTUR:<\/span><\/strong><\/p>\n<p>\u00a0<\/p>\n<p><strong>1. Ara\u00e7 tescil belgesi<\/strong><br \/><strong>2. Uygunluk belgesi<\/strong><br \/><strong>3. Teknik inceleme raporu<\/strong><br \/><strong>4. Transfer sertifikas\u0131<\/strong><br \/><strong>5. Sat\u0131n alma faturas\u0131<\/strong><br \/><strong>6. Bak\u0131m kitap\u00e7\u0131\u011f\u0131<\/strong><br \/><strong>7. Ara\u00e7 anahtarlar\u0131<\/strong><br \/><strong>8. Kullan\u0131c\u0131 k\u0131lavuzu<\/strong><br \/><strong>9. Garanti belgesi<\/strong><br \/><strong>10. Denetim raporu<\/strong><br \/><strong>11. \u00c7evre standartlar\u0131na uygunluk beyan\u0131<\/strong><br \/><strong>12. Ge\u00e7ici sigorta sertifikas\u0131<\/strong><br \/><strong>13. Vergi tahsili<\/strong><br \/><strong>14. Ara\u00e7 ge\u00e7mi\u015fi raporu<\/strong><\/p>\n<p>\u00a0<\/p>\n<p>\u00a0<\/p>\n\n<h4 style=\"text-align: center;\"><span style=\"color: #003366;\"><strong><span style=\"text-decoration: underline;\">ARTICLE n\u00b06 &#8211; V\u00c9RIFICATION ET RESPONSABILIT\u00c9<\/span><\/strong><\/span><\/h4>\n<p>\u00a0<\/p>\n\n<p>Teslimat s\u0131ras\u0131nda, teslim edilen aksesuar ve belgeleri (yukar\u0131da belirtilen) kontrol etmek ve arac\u0131n genel durumunun a\u00e7\u0131klamaya uygun oldu\u011fundan emin olmak i\u00e7in m\u00fc\u015fteri ile birlikte bir rapor haz\u0131rlan\u0131r. M\u00fc\u015fteri arac\u0131 teslim ald\u0131\u011f\u0131 andan itibaren, herhangi bir kay\u0131p veya hasarla ilgili t\u00fcm riskler i\u00e7in tam sorumluluk \u00fcstlenir.<\/p>\n<p>\u00a0<\/p>\n<p>\u00a0<\/p>\n\n<h4 style=\"text-align: center;\"><span style=\"text-decoration: underline;\"><strong><span style=\"color: #003366; text-decoration: underline;\">ARTICLE n\u00b07 &#8211; GARANTIES<\/span><\/strong><\/span><\/h4>\n<p>\u00a0<\/p>\n\n<p>T\u00fcm ara\u00e7lar\u0131m\u0131z bir <strong>TI\u0307CARI\u0307 GARANTI\u0307<\/strong> gelen <strong>24 ay<\/strong>Ana mekanik ve elektronik bile\u015fenler i\u00e7in kapsaml\u0131 koruma sunan garanti. Bu garanti, Avrupa y\u00f6netmelikleri taraf\u0131ndan belirlenen kalite ve g\u00fcvenilirlik standartlar\u0131n\u0131 kar\u015f\u0131lamaktad\u0131r.<\/p>\n<p>\u00a0<\/p>\n<p><span style=\"color: #003366;\"><strong><span style=\"text-decoration: underline;\">GARANTI KAPSAMINDAKI \u00dcR\u00dcNLER:<\/span><\/strong><\/span><br \/><br \/><strong>1. Motor <\/strong><br \/><strong>2. \u0130letim <\/strong><br \/><strong>3. Fren sistemi<\/strong><br \/><strong>4. Direksiyon sistemi<\/strong><br \/><strong>5. Ask\u0131ya alma<\/strong><br \/><strong>6. Elektrik sistemi<\/strong><br \/><strong>7. \u0130klimlendirme<\/strong><br \/><strong>8. Ekipman ve aksesuarlar<\/strong><br \/><strong>9. \u0130\u015fg\u00fcc\u00fc<\/strong><\/p>\n<p>\u00a0<\/p>\n\n<p><strong>Sipari\u015finiz onaylan\u0131r onaylanmaz ve idari formaliteler tamamlan\u0131r tamamlanmaz, garantimiz kapsam\u0131ndaki t\u00fcm onar\u0131m ve bak\u0131m i\u015flemlerini ger\u00e7ekle\u015ftirmek \u00fczere evinize yak\u0131n bir ortak garaj size tahsis edilecektir.<\/strong><\/p>\n<p>\u00a0<\/p>\n<p>\u00a0<\/p>\n\n<h4 style=\"text-align: center;\"><span style=\"color: #003366;\"><strong><span style=\"text-decoration: underline;\">ARTICLE n\u00b08 &#8211; CONTR\u00d4LE QUALIT\u00c9 ET INSPECTION<\/span><\/strong><\/span><\/h4>\n<p>\u00a0<\/p>\n\n<p>Her ara\u00e7 \u00e7evrimi\u00e7i olmadan \u00f6nce bir otomotiv uzman\u0131 taraf\u0131ndan kaporta, mekanik ve estetik dahil olmak \u00fczere 100'den fazla kontrol noktas\u0131n\u0131 kapsayan titiz bir incelemeden ge\u00e7irilir. Teslimat, ara\u00e7 m\u00fc\u015fteriye teslim edilene kadar optimum bak\u0131m\u0131 garanti eden deneyimli bir kurye taraf\u0131ndan ger\u00e7ekle\u015ftirilir. Sistematik olarak iki kalite kontrol\u00fc ger\u00e7ekle\u015ftirilir:<br \/><br \/><strong>1. Lojistik park\u0131m\u0131zdan ayr\u0131lmak<\/strong><br \/><strong>2. M\u00fc\u015fteriye teslim edildi\u011finde<\/strong><\/p>\n<p>\u00a0<\/p>\n<p>\u00a0<\/p>\n\n<h4 style=\"text-align: center;\"><span style=\"color: #003366;\"><strong><span style=\"text-decoration: underline;\">ARTICLE n\u00b09 &#8211; DROIT DE R\u00c9TRACTATION<\/span><\/strong><\/span><\/h4>\n<p>\u00a0<\/p>\n\n<p>M\u00fc\u015fteriler, kararlar\u0131n\u0131 gerek\u00e7elendirme zorunlulu\u011fu olmaks\u0131z\u0131n ve hi\u00e7bir ek \u00fccret \u00f6demeden cayma haklar\u0131n\u0131 kullanmak i\u00e7in teslimat tarihinden itibaren 14 g\u00fcnl\u00fck bir s\u00fcreye sahiptir. Cayma durumunda, ara\u00e7 orijinal haliyle ve teslimat s\u0131ras\u0131nda teslim edilen t\u00fcm belge ve aksesuarlarla birlikte iade edilmelidir. \u015eirket, arac\u0131n iade masraflar\u0131n\u0131 kar\u015f\u0131layacak ve herhangi bir iade prosed\u00fcr\u00fc ba\u015flatmadan \u00f6nce arac\u0131n tam bir incelemesini yapacakt\u0131r.<\/p>\n<p>\u00a0<\/p>\n<p>\u00a0<\/p>\n\n<h4 style=\"text-align: center;\"><span style=\"text-decoration: underline;\"><strong><span style=\"color: #003366; text-decoration: underline;\">ARTICLE n\u00b010 &#8211; REMBOURSEMENT<\/span><\/strong><\/span><\/h4>\n<p>\u00a0<\/p>\n\n<p>Cayma durumunda \u015firket, arac\u0131n ve aksesuarlar\u0131n\u0131n hasar veya de\u011fi\u015fiklik olmaks\u0131z\u0131n orijinal haliyle iade edilmesi ko\u015fuluyla, m\u00fc\u015fteri taraf\u0131ndan \u00f6denen t\u00fcm tutarlar\u0131 en fazla 14 g\u00fcn i\u00e7inde geri \u00f6demeyi taahh\u00fct eder.<\/p>\n<p>\u00a0<\/p>\n<p>\u00a0<\/p>\n\n<h4 style=\"text-align: center;\"><span style=\"color: #003366;\"><strong><span style=\"text-decoration: underline;\">ARTICLE n\u00b011 &#8211; RETARD DE LIVRAISON<\/span><\/strong><\/span><\/h4>\n<p>\u00a0<\/p>\n\n<p>Frans\u0131z T\u00fcketici Kanunu Madde L216-2 ve t\u00fcketici haklar\u0131na ili\u015fkin 2011\/83\/EU say\u0131l\u0131 Direktif uyar\u0131nca ge\u00e7 teslimat veya teslimat yap\u0131lmamas\u0131 durumunda, \u015firket kararla\u015ft\u0131r\u0131lan son teslim tarihine uymam\u0131\u015fsa m\u00fc\u015fteri s\u00f6zle\u015fmeyi iptal edebilir ve tazminat talep edebilir.<br \/>Bu iptal, teslimat\u0131n makul bir s\u00fcre i\u00e7inde ger\u00e7ekle\u015ftirilmesini talep eden ve al\u0131nd\u0131 onay\u0131 i\u00e7eren taahh\u00fctl\u00fc bir mektupla resmi bir talep g\u00f6nderildikten sonra ger\u00e7ekle\u015febilir. Bu s\u00fcre i\u00e7inde bir yan\u0131t veya performans olmamas\u0131 durumunda, s\u00f6zle\u015fme feshedilebilir ve m\u00fc\u015fteri, u\u011frad\u0131\u011f\u0131 herhangi bir zarar i\u00e7in tazminat\u0131n yan\u0131 s\u0131ra tam bir geri \u00f6deme alma hakk\u0131na sahip olacakt\u0131r.<\/p>\n<p>\u00a0<\/p>\n<p>\u00a0<\/p>\n\n<h4 style=\"text-align: center;\"><span style=\"text-decoration: underline;\"><strong><span style=\"color: #003366; text-decoration: underline;\">ARTICLE n\u00b012 &#8211; ESSAI ET VISUALISATION DU V\u00c9HICULE<\/span><\/strong><\/span><\/h4>\n<p>\u00a0<\/p>\n\n<p>Bu online bir sat\u0131n alma i\u015flemi oldu\u011fundan, sipari\u015finizi vermeden \u00f6nce arac\u0131 g\u00f6rmeniz veya test s\u00fcr\u00fc\u015f\u00fc yapman\u0131z m\u00fcmk\u00fcn de\u011fildir. Bununla birlikte, maksimum \u015feffafl\u0131\u011f\u0131 sa\u011flamak i\u00e7in, arac\u0131 neredeyse her a\u00e7\u0131dan inceleyebilmeniz i\u00e7in ayr\u0131nt\u0131l\u0131, ger\u00e7ek\u00e7i foto\u011fraflar sunuyoruz.<\/p>\n<p>Dahas\u0131, her sat\u0131n alma i\u015flemi, teslimat tarihinden itibaren 14 g\u00fcn boyunca ge\u00e7erli olan para iade garantisi ve gizli kusurlara kar\u015f\u0131 koruma kapsam\u0131ndad\u0131r.<\/p>\t\t\t\t\t\t\t\t<\/div>\n\t\t\t\t\t<\/div>\n\t\t\t\t<\/div>\n\t\t\t\t<\/div>","protected":false},"excerpt":{"rendered":"<p>MOD\u00c8LE D&rsquo;AFFAIRES\u00a0 \u00a0 Notre mod\u00e8le d\u2019affaires repose sur une strat\u00e9gie innovante centr\u00e9e sur la vente exclusivement en ligne. En \u00e9liminant la gestion d\u2019un entrep\u00f4t physique, nous r\u00e9duisons consid\u00e9rablement les co\u00fbts associ\u00e9s \u00e0 un stock traditionnel. Nos voitures sont soigneusement s\u00e9lectionn\u00e9es issues de stocks exc\u00e9dentaires ou acquises aux conditions du commerce de gros aupr\u00e8s de concessionnaires [&hellip;]<\/p>\n","protected":false},"author":1,"featured_media":0,"parent":0,"menu_order":0,"comment_status":"closed","ping_status":"closed","template":"","meta":{"om_disable_all_campaigns":false,"_monsterinsights_skip_tracking":false,"_monsterinsights_sitenote_active":false,"_monsterinsights_sitenote_note":"","_monsterinsights_sitenote_category":0,"footnotes":""},"class_list":["post-643","page","type-page","status-publish","hentry"],"aioseo_notices":[],"_hostinger_reach_plugin_has_subscription_block":false,"_hostinger_reach_plugin_is_elementor":false,"_links":{"self":[{"href":"https:\/\/gkautogmbh.com\/tr\/wp-json\/wp\/v2\/pages\/643","targetHints":{"allow":["GET"]}}],"collection":[{"href":"https:\/\/gkautogmbh.com\/tr\/wp-json\/wp\/v2\/pages"}],"about":[{"href":"https:\/\/gkautogmbh.com\/tr\/wp-json\/wp\/v2\/types\/page"}],"author":[{"embeddable":true,"href":"https:\/\/gkautogmbh.com\/tr\/wp-json\/wp\/v2\/users\/1"}],"replies":[{"embeddable":true,"href":"https:\/\/gkautogmbh.com\/tr\/wp-json\/wp\/v2\/comments?post=643"}],"version-history":[{"count":242,"href":"https:\/\/gkautogmbh.com\/tr\/wp-json\/wp\/v2\/pages\/643\/revisions"}],"predecessor-version":[{"id":3330,"href":"https:\/\/gkautogmbh.com\/tr\/wp-json\/wp\/v2\/pages\/643\/revisions\/3330"}],"wp:attachment":[{"href":"https:\/\/gkautogmbh.com\/tr\/wp-json\/wp\/v2\/media?parent=643"}],"curies":[{"name":"wp","href":"https:\/\/api.w.org\/{rel}","templated":true}]}}